{"id":1062,"date":"2024-01-04T13:56:54","date_gmt":"2024-01-04T13:56:54","guid":{"rendered":"https:\/\/eniede.eu\/4th-school-in-preveza\/"},"modified":"2024-10-30T14:49:37","modified_gmt":"2024-10-30T14:49:37","slug":"4th-school-in-preveza","status":"publish","type":"page","link":"https:\/\/eniede.eu\/en\/4th-school-in-preveza\/","title":{"rendered":"\ud83c\uddec\ud83c\uddf7 4th Pr\u00e9veza school"},"content":{"rendered":"\t\t<div data-elementor-type=\"wp-page\" data-elementor-id=\"1062\" class=\"elementor elementor-1062 elementor-1051\">\n\t\t\t\t<div class=\"elementor-element elementor-element-7540248 e-flex e-con-boxed e-con e-parent\" data-id=\"7540248\" data-element_type=\"container\" data-e-type=\"container\">\n\t\t\t\t\t<div class=\"e-con-inner\">\n\t\t\t\t<div class=\"elementor-element elementor-element-f86ceba elementor-widget elementor-widget-heading\" data-id=\"f86ceba\" data-element_type=\"widget\" data-e-type=\"widget\" data-widget_type=\"heading.default\">\n\t\t\t\t<div class=\"elementor-widget-container\">\n\t\t\t\t\t<h2 class=\"elementor-heading-title elementor-size-default\">Our school: a clear, shared vision  <\/h2>\t\t\t\t<\/div>\n\t\t\t\t<\/div>\n\t\t\t\t<div class=\"elementor-element elementor-element-7355eb0 elementor-widget elementor-widget-text-editor\" data-id=\"7355eb0\" data-element_type=\"widget\" data-e-type=\"widget\" data-widget_type=\"text-editor.default\">\n\t\t\t\t<div class=\"elementor-widget-container\">\n\t\t\t\t\t\t\t\t\t<p>The 4th School of Pr\u00e9v\u00e9za is an elementary school located in <span style=\"color: var( --e-global-color-text ); font-family: var( --e-global-typography-text-font-family ), Sans-serif; font-weight: var( --e-global-typography-text-font-weight ); text-align: var(--text-align);\">Pr\u00e9v\u00e9za, a town of 17,000 inhabitants in the Epirus region <\/span> of France.  <span style=\"color: var( --e-global-color-text ); font-family: var( --e-global-typography-text-font-family ), Sans-serif; font-weight: var( --e-global-typography-text-font-weight ); text-align: var(--text-align);\">northwestern Greece, between the Ambracian Gulf and the sea. I<\/span><span style=\"color: var( --e-global-color-text ); font-family: var( --e-global-typography-text-font-family ), Sans-serif; font-weight: var( --e-global-typography-text-font-weight ); text-align: var(--text-align);\">onienne It&#8217;s both a seaside resort and a small industrial port. <\/span><span style=\"color: var( --e-global-color-text ); font-family: var( --e-global-typography-text-font-family ), Sans-serif; font-weight: var( --e-global-typography-text-font-weight ); text-align: var(--text-align);\">port.<\/span><\/p>\n<p>Pr\u00e9v\u00e9za is linked to Aktio by an underwater tunnel.  <span style=\"color: var( --e-global-color-text ); font-family: var( --e-global-typography-text-font-family ), Sans-serif; font-weight: var( --e-global-typography-text-font-weight ); text-align: var(--text-align);\">The school has 28 teachers and 168 pupils. Visit  <\/span><span style=\"color: var( --e-global-color-text ); font-family: var( --e-global-typography-text-font-family ), Sans-serif; font-weight: var( --e-global-typography-text-font-weight ); text-align: var(--text-align);\">levels are divided into 6 classes (11 groups). <\/span><span style=\"color: var( --e-global-color-text ); font-family: var( --e-global-typography-text-font-family ), Sans-serif; font-weight: var( --e-global-typography-text-font-weight ); text-align: var(--text-align);\">Most of the parents work in the public sector, or in agriculture or tourism. <\/span><span style=\"color: var( --e-global-color-text ); font-family: var( --e-global-typography-text-font-family ), Sans-serif; font-weight: var( --e-global-typography-text-font-weight ); text-align: var(--text-align);\">agriculture or tourism. <\/span><span style=\"color: var( --e-global-color-text ); font-family: var( --e-global-typography-text-font-family ), Sans-serif; font-weight: var( --e-global-typography-text-font-weight ); text-align: var(--text-align);\">The majority of pupils are of Greek origin.<\/span><\/p>\n<p>Our school is designed to be a place where students,<span style=\"color: var( --e-global-color-text ); font-family: var( --e-global-typography-text-font-family ), Sans-serif; font-weight: var( --e-global-typography-text-font-weight ); text-align: var(--text-align);\">teachers and parents feel at ease, and where everyone can <\/span><span style=\"color: var( --e-global-color-text ); font-family: var( --e-global-typography-text-font-family ), Sans-serif; font-weight: var( --e-global-typography-text-font-weight ); text-align: var(--text-align);\">do their work in a climate of good understanding <\/span>.  <\/p>\n<p><span style=\"color: var( --e-global-color-text ); font-family: var( --e-global-typography-text-font-family ), Sans-serif; font-weight: var( --e-global-typography-text-font-weight ); text-align: var(--text-align);\">It aims to educate people to behave responsibly and to <\/span><span style=\"color: var( --e-global-color-text ); font-family: var( --e-global-typography-text-font-family ), Sans-serif; font-weight: var( --e-global-typography-text-font-weight ); text-align: var(--text-align);\">eco-citizens who are aware of their rights and duties. <\/span><span style=\"color: var( --e-global-color-text ); font-family: var( --e-global-typography-text-font-family ), Sans-serif; font-weight: var( --e-global-typography-text-font-weight ); text-align: var(--text-align);\">and duties.<\/span><\/p>\n\t\t\t\t\t\t\t\t<\/div>\n\t\t\t\t<\/div>\n\t\t\t\t\t<\/div>\n\t\t\t\t<\/div>\n\t\t<div class=\"elementor-element elementor-element-0094589 e-flex e-con-boxed e-con e-parent\" data-id=\"0094589\" data-element_type=\"container\" data-e-type=\"container\">\n\t\t\t\t\t<div class=\"e-con-inner\">\n\t\t<div class=\"elementor-element elementor-element-fce1cac e-flex e-con-boxed e-con e-child\" data-id=\"fce1cac\" data-element_type=\"container\" data-e-type=\"container\">\n\t\t\t\t\t<div class=\"e-con-inner\">\n\t\t\t\t<div class=\"elementor-element elementor-element-2194d8f elementor-widget elementor-widget-heading\" data-id=\"2194d8f\" data-element_type=\"widget\" data-e-type=\"widget\" data-widget_type=\"heading.default\">\n\t\t\t\t<div class=\"elementor-widget-container\">\n\t\t\t\t\t<h2 class=\"elementor-heading-title elementor-size-default\">Motivated teachers<\/h2>\t\t\t\t<\/div>\n\t\t\t\t<\/div>\n\t\t\t\t\t<\/div>\n\t\t\t\t<\/div>\n\t\t\t\t\t<\/div>\n\t\t\t\t<\/div>\n\t\t<div class=\"elementor-element elementor-element-33f220a e-flex e-con-boxed e-con e-parent\" data-id=\"33f220a\" data-element_type=\"container\" data-e-type=\"container\">\n\t\t\t\t\t<div class=\"e-con-inner\">\n\t\t\t\t<div class=\"elementor-element elementor-element-0ab4d6b elementor-widget elementor-widget-text-editor\" data-id=\"0ab4d6b\" data-element_type=\"widget\" data-e-type=\"widget\" data-widget_type=\"text-editor.default\">\n\t\t\t\t<div class=\"elementor-widget-container\">\n\t\t\t\t\t\t\t\t\t<p>French teacher Paraskevi Pappa will be in charge of <span style=\"color: var( --e-global-color-text ); font-family: var( --e-global-typography-text-font-family ), Sans-serif; font-weight: var( --e-global-typography-text-font-weight ); text-align: var(--text-align);\">communicating the project&#8217;s progress on the exchange platform <\/span>.  <span style=\"color: var( --e-global-color-text ); font-family: var( --e-global-typography-text-font-family ), Sans-serif; font-weight: var( --e-global-typography-text-font-weight ); text-align: var(--text-align);\">digital 1village. Ms Kyriaki Dermitzaki, teacher  <\/span><span style=\"color: var( --e-global-color-text ); font-family: var( --e-global-typography-text-font-family ), Sans-serif; font-weight: var( --e-global-typography-text-font-weight ); text-align: var(--text-align);\">participate in ENIEDE project activities in collaboration with <\/span><span style=\"color: var( --e-global-color-text ); font-family: var( --e-global-typography-text-font-family ), Sans-serif; font-weight: var( --e-global-typography-text-font-weight ); text-align: var(--text-align);\">with Mrs. Pappa.<\/span><\/p>\n<p>Both take part in seminars, <span style=\"color: var( --e-global-color-text ); font-family: var( --e-global-typography-text-font-family ), Sans-serif; font-weight: var( --e-global-typography-text-font-weight ); text-align: var(--text-align);\">innovative<\/span> projects <span style=\"color: var( --e-global-color-text ); font-family: var( --e-global-typography-text-font-family ), Sans-serif; font-weight: var( --e-global-typography-text-font-weight ); text-align: var(--text-align);\">and competitions<\/span>.<\/p>\n\t\t\t\t\t\t\t\t<\/div>\n\t\t\t\t<\/div>\n\t\t\t\t\t<\/div>\n\t\t\t\t<\/div>\n\t\t<div class=\"elementor-element elementor-element-fcc9929 e-flex e-con-boxed e-con e-parent\" data-id=\"fcc9929\" data-element_type=\"container\" data-e-type=\"container\">\n\t\t\t\t\t<div class=\"e-con-inner\">\n\t\t\t\t<div class=\"elementor-element elementor-element-cb2d4a3 elementor-widget elementor-widget-heading\" data-id=\"cb2d4a3\" data-element_type=\"widget\" data-e-type=\"widget\" data-widget_type=\"heading.default\">\n\t\t\t\t<div class=\"elementor-widget-container\">\n\t\t\t\t\t<h2 class=\"elementor-heading-title elementor-size-default\">Project dynamics<\/h2>\t\t\t\t<\/div>\n\t\t\t\t<\/div>\n\t\t\t\t<div class=\"elementor-element elementor-element-1677863 elementor-widget elementor-widget-text-editor\" data-id=\"1677863\" data-element_type=\"widget\" data-e-type=\"widget\" data-widget_type=\"text-editor.default\">\n\t\t\t\t<div class=\"elementor-widget-container\">\n\t\t\t\t\t\t\t\t\t<p>We have considerable experience of European projects, having participated in two Erasmus+ projects in recent years.<\/p>\n<p>The KA201 project, School gardens for future citizens, in cooperation with the Pr\u00e9v\u00e9za Primary School Board, under the coordination of the Polytechnic University of Valencia.<\/p>\n<p>We also carried out the Erasmus+ project KA229 Helios (Heuristic Education and Learning of Internationality with the Olympic Spirit) in cooperation with one Greek and two French schools.<\/p>\n<p>Our long tradition of eTwinning collaboration is also an indication of our European commitment to collaboration between teachers across Europe<br \/>who exchange good educational practice. The French class won the international multilingual Kamishibai competition organized by DU-LA-LA.<\/p>\n<p>Ms. Dermitzaki participates in the Project Zero initiative of the Harvard Graduate School of Education&#8217;s Out of Eden Learn program. For the past two years, our 10 to 12 year-old students have been exchanging with students from all over the world, from a variety of geographical and socio-economic backgrounds.  <\/p>\n\t\t\t\t\t\t\t\t<\/div>\n\t\t\t\t<\/div>\n\t\t\t\t\t<\/div>\n\t\t\t\t<\/div>\n\t\t\t\t<\/div>\n\t\t","protected":false},"excerpt":{"rendered":"<p>Our school: a clear, shared vision The 4th School of Pr\u00e9v\u00e9za is an elementary school located in Pr\u00e9v\u00e9za, a town of 17,000 inhabitants in the Epirus region of France. northwestern Greece, between the Ambracian Gulf and the sea. Ionienne It&#8217;s both a seaside resort and a small industrial port. port. Pr\u00e9v\u00e9za is linked to Aktio [&hellip;]<\/p>\n","protected":false},"author":1,"featured_media":0,"parent":0,"menu_order":0,"comment_status":"closed","ping_status":"closed","template":"","meta":{"footnotes":""},"class_list":["post-1062","page","type-page","status-publish","hentry","entry"],"_links":{"self":[{"href":"https:\/\/eniede.eu\/en\/wp-json\/wp\/v2\/pages\/1062","targetHints":{"allow":["GET"]}}],"collection":[{"href":"https:\/\/eniede.eu\/en\/wp-json\/wp\/v2\/pages"}],"about":[{"href":"https:\/\/eniede.eu\/en\/wp-json\/wp\/v2\/types\/page"}],"author":[{"embeddable":true,"href":"https:\/\/eniede.eu\/en\/wp-json\/wp\/v2\/users\/1"}],"replies":[{"embeddable":true,"href":"https:\/\/eniede.eu\/en\/wp-json\/wp\/v2\/comments?post=1062"}],"version-history":[{"count":5,"href":"https:\/\/eniede.eu\/en\/wp-json\/wp\/v2\/pages\/1062\/revisions"}],"predecessor-version":[{"id":2990,"href":"https:\/\/eniede.eu\/en\/wp-json\/wp\/v2\/pages\/1062\/revisions\/2990"}],"wp:attachment":[{"href":"https:\/\/eniede.eu\/en\/wp-json\/wp\/v2\/media?parent=1062"}],"curies":[{"name":"wp","href":"https:\/\/api.w.org\/{rel}","templated":true}]}}