{"id":1059,"date":"2024-01-04T13:56:54","date_gmt":"2024-01-04T13:56:54","guid":{"rendered":"https:\/\/eniede.eu\/4e-school-in-preveza\/"},"modified":"2024-10-30T14:49:37","modified_gmt":"2024-10-30T14:49:37","slug":"4e-school-in-preveza","status":"publish","type":"page","link":"https:\/\/eniede.eu\/nl\/4e-school-in-preveza\/","title":{"rendered":"\ud83c\uddec\ud83c\uddf7 4e school in Pr\u00e9veza"},"content":{"rendered":"\t\t<div data-elementor-type=\"wp-page\" data-elementor-id=\"1059\" class=\"elementor elementor-1059 elementor-1051\">\n\t\t\t\t<div class=\"elementor-element elementor-element-7540248 e-flex e-con-boxed e-con e-parent\" data-id=\"7540248\" data-element_type=\"container\" data-e-type=\"container\">\n\t\t\t\t\t<div class=\"e-con-inner\">\n\t\t\t\t<div class=\"elementor-element elementor-element-f86ceba elementor-widget elementor-widget-heading\" data-id=\"f86ceba\" data-element_type=\"widget\" data-e-type=\"widget\" data-widget_type=\"heading.default\">\n\t\t\t\t<div class=\"elementor-widget-container\">\n\t\t\t\t\t<h2 class=\"elementor-heading-title elementor-size-default\">Onze school: een duidelijke, gedeelde visie  <\/h2>\t\t\t\t<\/div>\n\t\t\t\t<\/div>\n\t\t\t\t<div class=\"elementor-element elementor-element-7355eb0 elementor-widget elementor-widget-text-editor\" data-id=\"7355eb0\" data-element_type=\"widget\" data-e-type=\"widget\" data-widget_type=\"text-editor.default\">\n\t\t\t\t<div class=\"elementor-widget-container\">\n\t\t\t\t\t\t\t\t\t<p>De 4e School van Pr\u00e9v\u00e9za is een basisschool in <span style=\"color: var( --e-global-color-text ); font-family: var( --e-global-typography-text-font-family ), Sans-serif; font-weight: var( --e-global-typography-text-font-weight ); text-align: var(--text-align);\">Pr\u00e9v\u00e9za, een stad met 17.000 inwoners in de regio Epirus in het <\/span> zuiden van Frankrijk.  <span style=\"color: var( --e-global-color-text ); font-family: var( --e-global-typography-text-font-family ), Sans-serif; font-weight: var( --e-global-typography-text-font-weight ); text-align: var(--text-align);\">Noordwest-Griekenland, tussen de Ambrakische Golf en de zee. I<\/span><span style=\"color: var( --e-global-color-text ); font-family: var( --e-global-typography-text-font-family ), Sans-serif; font-weight: var( --e-global-typography-text-font-weight ); text-align: var(--text-align);\">onienne Het is zowel een badplaats als een kleine industri\u00eble haven. <\/span><span style=\"color: var( --e-global-color-text ); font-family: var( --e-global-typography-text-font-family ), Sans-serif; font-weight: var( --e-global-typography-text-font-weight ); text-align: var(--text-align);\">haven.<\/span><\/p>\n<p>Pr\u00e9v\u00e9za is met Aktio verbonden door een onderwatertunnel.  <span style=\"color: var( --e-global-color-text ); font-family: var( --e-global-typography-text-font-family ), Sans-serif; font-weight: var( --e-global-typography-text-font-weight ); text-align: var(--text-align);\">De school heeft 28 leraren en 168 leerlingen. De  <\/span><span style=\"color: var( --e-global-color-text ); font-family: var( --e-global-typography-text-font-family ), Sans-serif; font-weight: var( --e-global-typography-text-font-weight ); text-align: var(--text-align);\">De niveaus zijn verdeeld in 6 klassen (11 groepen). <\/span><span style=\"color: var( --e-global-color-text ); font-family: var( --e-global-typography-text-font-family ), Sans-serif; font-weight: var( --e-global-typography-text-font-weight ); text-align: var(--text-align);\">De meeste ouders werken in de publieke sector of zijn betrokken bij landbouw of toerisme. <\/span><span style=\"color: var( --e-global-color-text ); font-family: var( --e-global-typography-text-font-family ), Sans-serif; font-weight: var( --e-global-typography-text-font-weight ); text-align: var(--text-align);\">landbouw of toerisme. <\/span><span style=\"color: var( --e-global-color-text ); font-family: var( --e-global-typography-text-font-family ), Sans-serif; font-weight: var( --e-global-typography-text-font-weight ); text-align: var(--text-align);\">De meeste leerlingen zijn van Griekse afkomst.<\/span><\/p>\n<p>Onze school is ontworpen om een plek te zijn waar leerlingen,<span style=\"color: var( --e-global-color-text ); font-family: var( --e-global-typography-text-font-family ), Sans-serif; font-weight: var( --e-global-typography-text-font-weight ); text-align: var(--text-align);\">leraren en ouders zich op hun gemak voelen en waar iedereen <\/span><span style=\"color: var( --e-global-color-text ); font-family: var( --e-global-typography-text-font-family ), Sans-serif; font-weight: var( --e-global-typography-text-font-weight ); text-align: var(--text-align);\">zijn werk kan doen in een klimaat van goede verstandhouding <\/span>.  <\/p>\n<p><span style=\"color: var( --e-global-color-text ); font-family: var( --e-global-typography-text-font-family ), Sans-serif; font-weight: var( --e-global-typography-text-font-weight ); text-align: var(--text-align);\">Het doel is om mensen op te voeden tot verantwoordelijk gedrag en om <\/span><span style=\"color: var( --e-global-color-text ); font-family: var( --e-global-typography-text-font-family ), Sans-serif; font-weight: var( --e-global-typography-text-font-weight ); text-align: var(--text-align);\">eco-burgers op te leiden die zich bewust zijn van hun rechten <\/span><span style=\"color: var( --e-global-color-text ); font-family: var( --e-global-typography-text-font-family ), Sans-serif; font-weight: var( --e-global-typography-text-font-weight ); text-align: var(--text-align);\">en hun plichten.<\/span><\/p>\n\t\t\t\t\t\t\t\t<\/div>\n\t\t\t\t<\/div>\n\t\t\t\t\t<\/div>\n\t\t\t\t<\/div>\n\t\t<div class=\"elementor-element elementor-element-0094589 e-flex e-con-boxed e-con e-parent\" data-id=\"0094589\" data-element_type=\"container\" data-e-type=\"container\">\n\t\t\t\t\t<div class=\"e-con-inner\">\n\t\t<div class=\"elementor-element elementor-element-fce1cac e-flex e-con-boxed e-con e-child\" data-id=\"fce1cac\" data-element_type=\"container\" data-e-type=\"container\">\n\t\t\t\t\t<div class=\"e-con-inner\">\n\t\t\t\t<div class=\"elementor-element elementor-element-2194d8f elementor-widget elementor-widget-heading\" data-id=\"2194d8f\" data-element_type=\"widget\" data-e-type=\"widget\" data-widget_type=\"heading.default\">\n\t\t\t\t<div class=\"elementor-widget-container\">\n\t\t\t\t\t<h2 class=\"elementor-heading-title elementor-size-default\">Gemotiveerde docenten<\/h2>\t\t\t\t<\/div>\n\t\t\t\t<\/div>\n\t\t\t\t\t<\/div>\n\t\t\t\t<\/div>\n\t\t\t\t\t<\/div>\n\t\t\t\t<\/div>\n\t\t<div class=\"elementor-element elementor-element-33f220a e-flex e-con-boxed e-con e-parent\" data-id=\"33f220a\" data-element_type=\"container\" data-e-type=\"container\">\n\t\t\t\t\t<div class=\"e-con-inner\">\n\t\t\t\t<div class=\"elementor-element elementor-element-0ab4d6b elementor-widget elementor-widget-text-editor\" data-id=\"0ab4d6b\" data-element_type=\"widget\" data-e-type=\"widget\" data-widget_type=\"text-editor.default\">\n\t\t\t\t<div class=\"elementor-widget-container\">\n\t\t\t\t\t\t\t\t\t<p>Mevrouw Paraskevi Pappa, lerares Frans, zal verantwoordelijk zijn <span style=\"color: var( --e-global-color-text ); font-family: var( --e-global-typography-text-font-family ), Sans-serif; font-weight: var( --e-global-typography-text-font-weight ); text-align: var(--text-align);\">voor de communicatie over de voortgang van het project op het uitwisselingsplatform <\/span>.  <span style=\"color: var( --e-global-color-text ); font-family: var( --e-global-typography-text-font-family ), Sans-serif; font-weight: var( --e-global-typography-text-font-weight ); text-align: var(--text-align);\">digitaal 1dorp. Mevrouw Kyriaki Dermitzaki, lerares  <\/span><span style=\"color: var( --e-global-color-text ); font-family: var( --e-global-typography-text-font-family ), Sans-serif; font-weight: var( --e-global-typography-text-font-weight ); text-align: var(--text-align);\">zal deelnemen aan het ENIEDE-project in samenwerking met <\/span><span style=\"color: var( --e-global-color-text ); font-family: var( --e-global-typography-text-font-family ), Sans-serif; font-weight: var( --e-global-typography-text-font-weight ); text-align: var(--text-align);\">met mevrouw Pappa.<\/span><\/p>\n<p>Ze nemen allebei deel aan seminars, <span style=\"color: var( --e-global-color-text ); font-family: var( --e-global-typography-text-font-family ), Sans-serif; font-weight: var( --e-global-typography-text-font-weight ); text-align: var(--text-align);\">innovatieve<\/span> projecten <span style=\"color: var( --e-global-color-text ); font-family: var( --e-global-typography-text-font-family ), Sans-serif; font-weight: var( --e-global-typography-text-font-weight ); text-align: var(--text-align);\">en wedstrijden<\/span>.<\/p>\n\t\t\t\t\t\t\t\t<\/div>\n\t\t\t\t<\/div>\n\t\t\t\t\t<\/div>\n\t\t\t\t<\/div>\n\t\t<div class=\"elementor-element elementor-element-fcc9929 e-flex e-con-boxed e-con e-parent\" data-id=\"fcc9929\" data-element_type=\"container\" data-e-type=\"container\">\n\t\t\t\t\t<div class=\"e-con-inner\">\n\t\t\t\t<div class=\"elementor-element elementor-element-cb2d4a3 elementor-widget elementor-widget-heading\" data-id=\"cb2d4a3\" data-element_type=\"widget\" data-e-type=\"widget\" data-widget_type=\"heading.default\">\n\t\t\t\t<div class=\"elementor-widget-container\">\n\t\t\t\t\t<h2 class=\"elementor-heading-title elementor-size-default\">Projectdynamiek<\/h2>\t\t\t\t<\/div>\n\t\t\t\t<\/div>\n\t\t\t\t<div class=\"elementor-element elementor-element-1677863 elementor-widget elementor-widget-text-editor\" data-id=\"1677863\" data-element_type=\"widget\" data-e-type=\"widget\" data-widget_type=\"text-editor.default\">\n\t\t\t\t<div class=\"elementor-widget-container\">\n\t\t\t\t\t\t\t\t\t<p>We hebben veel ervaring met Europese projecten en hebben de afgelopen jaren deelgenomen aan twee Erasmus+ projecten.<\/p>\n<p>Het KA201 project, Schooltuinen voor toekomstige burgers, in samenwerking met het Pr\u00e9v\u00e9za Primary School Board, onder co\u00f6rdinatie van de Polytechnische Universiteit van Valencia.<\/p>\n<p>We hebben ook het Erasmus+ project KA229 Helios (Heuristic Education and Learning of Internationality with the Olympic Spirit) uitgevoerd in samenwerking met een Griekse school en twee Franse scholen.<\/p>\n<p>Onze lange traditie van eTwinning-samenwerking is ook een indicatie van onze Europese betrokkenheid bij de samenwerking tussen leerkrachten in heel Europa die goede onderwijspraktijken uitwisselen. De Franse klas won de internationale meertalige Kamishibai wedstrijd georganiseerd door DU-LA-LA.<\/p>\n<p>Mevrouw Dermitzaki is betrokken bij het Project Zero initiatief van het Out of Eden Learn programma van de Harvard Graduate School of Education. De afgelopen twee jaar hebben onze 10- tot 12-jarigen een uitwisseling gehad met leerlingen van over de hele wereld, met verschillende geografische en sociaaleconomische achtergronden.  <\/p>\n\t\t\t\t\t\t\t\t<\/div>\n\t\t\t\t<\/div>\n\t\t\t\t\t<\/div>\n\t\t\t\t<\/div>\n\t\t\t\t<\/div>\n\t\t","protected":false},"excerpt":{"rendered":"<p>Onze school: een duidelijke, gedeelde visie De 4e School van Pr\u00e9v\u00e9za is een basisschool in Pr\u00e9v\u00e9za, een stad met 17.000 inwoners in de regio Epirus in het zuiden van Frankrijk. Noordwest-Griekenland, tussen de Ambrakische Golf en de zee. Ionienne Het is zowel een badplaats als een kleine industri\u00eble haven. haven. Pr\u00e9v\u00e9za is met Aktio verbonden [&hellip;]<\/p>\n","protected":false},"author":1,"featured_media":0,"parent":0,"menu_order":0,"comment_status":"closed","ping_status":"closed","template":"","meta":{"footnotes":""},"class_list":["post-1059","page","type-page","status-publish","hentry","entry"],"_links":{"self":[{"href":"https:\/\/eniede.eu\/nl\/wp-json\/wp\/v2\/pages\/1059","targetHints":{"allow":["GET"]}}],"collection":[{"href":"https:\/\/eniede.eu\/nl\/wp-json\/wp\/v2\/pages"}],"about":[{"href":"https:\/\/eniede.eu\/nl\/wp-json\/wp\/v2\/types\/page"}],"author":[{"embeddable":true,"href":"https:\/\/eniede.eu\/nl\/wp-json\/wp\/v2\/users\/1"}],"replies":[{"embeddable":true,"href":"https:\/\/eniede.eu\/nl\/wp-json\/wp\/v2\/comments?post=1059"}],"version-history":[{"count":6,"href":"https:\/\/eniede.eu\/nl\/wp-json\/wp\/v2\/pages\/1059\/revisions"}],"predecessor-version":[{"id":2992,"href":"https:\/\/eniede.eu\/nl\/wp-json\/wp\/v2\/pages\/1059\/revisions\/2992"}],"wp:attachment":[{"href":"https:\/\/eniede.eu\/nl\/wp-json\/wp\/v2\/media?parent=1059"}],"curies":[{"name":"wp","href":"https:\/\/api.w.org\/{rel}","templated":true}]}}