{"id":2352,"date":"2024-07-09T13:53:29","date_gmt":"2024-07-09T13:53:29","guid":{"rendered":"https:\/\/eniede.eu\/eniede-op-de-basisscholen-grigore-antipa-in-botosani-roemenie\/"},"modified":"2024-07-09T13:58:38","modified_gmt":"2024-07-09T13:58:38","slug":"eniede-op-de-basisscholen-grigore-antipa-in-botosani-roemenie","status":"publish","type":"page","link":"https:\/\/eniede.eu\/nl\/eniede-op-de-basisscholen-grigore-antipa-in-botosani-roemenie\/","title":{"rendered":"ENIEDE op de basisscholen &#8220;Grigore Antipa&#8221; in Boto\u0219ani (Roemeni\u00eb)"},"content":{"rendered":"\t\t<div data-elementor-type=\"wp-page\" data-elementor-id=\"2352\" class=\"elementor elementor-2352 elementor-2300\">\n\t\t\t\t<div class=\"elementor-element elementor-element-4e77b45 e-flex e-con-boxed e-con e-parent\" data-id=\"4e77b45\" data-element_type=\"container\" data-e-type=\"container\">\n\t\t\t\t\t<div class=\"e-con-inner\">\n\t\t\t\t<div class=\"elementor-element elementor-element-a624a07 elementor-widget elementor-widget-text-editor\" data-id=\"a624a07\" data-element_type=\"widget\" data-e-type=\"widget\" data-widget_type=\"text-editor.default\">\n\t\t\t\t<div class=\"elementor-widget-container\">\n\t\t\t\t\t\t\t\t\t<p>Het derde mobiliteitsevenement van het project vond plaats in april 2024 en bracht het duo Roemeni\u00eb samen met Dorina en Mihaela en Ch\u00e2lons-en-Champagne vertegenwoordigd door Lionel en Claire. Dit volgt op de eerste verhuizing, die plaatsvond in november 2023 in de Champagne.  <\/p>\n<p>Deze mobiliteit was gericht op :<\/p>\n<ul>\n<li>De onderwijspraktijken van Roemeense leerkrachten in hun klaslokalen observeren.<\/li>\n<li>Direct contact mogelijk maken tussen de Franse leerkrachten en de kinderen die deelnemen aan het project.<\/li>\n<li>Delen van best practices in duurzame ontwikkeling.<\/li>\n<li>Internationale samenwerking tussen docenten aanmoedigen binnen een innovatief onderwijskader.<\/li>\n<\/ul>\n\t\t\t\t\t\t\t\t<\/div>\n\t\t\t\t<\/div>\n\t\t\t\t\t<\/div>\n\t\t\t\t<\/div>\n\t\t<div class=\"elementor-element elementor-element-c8c9b6b e-flex e-con-boxed e-con e-parent\" data-id=\"c8c9b6b\" data-element_type=\"container\" data-e-type=\"container\">\n\t\t\t\t\t<div class=\"e-con-inner\">\n\t\t\t\t<div class=\"elementor-element elementor-element-1514904 elementor-widget elementor-widget-spacer\" data-id=\"1514904\" data-element_type=\"widget\" data-e-type=\"widget\" data-widget_type=\"spacer.default\">\n\t\t\t\t<div class=\"elementor-widget-container\">\n\t\t\t\t\t\t\t<div class=\"elementor-spacer\">\n\t\t\t<div class=\"elementor-spacer-inner\"><\/div>\n\t\t<\/div>\n\t\t\t\t\t\t<\/div>\n\t\t\t\t<\/div>\n\t\t\t\t\t<\/div>\n\t\t\t\t<\/div>\n\t\t<div class=\"elementor-element elementor-element-c4a91a2 e-flex e-con-boxed e-con e-parent\" data-id=\"c4a91a2\" data-element_type=\"container\" data-e-type=\"container\">\n\t\t\t\t\t<div class=\"e-con-inner\">\n\t\t<div class=\"elementor-element elementor-element-3dea67c e-con-full e-flex e-con e-child\" data-id=\"3dea67c\" data-element_type=\"container\" data-e-type=\"container\">\n\t\t\t\t<div class=\"elementor-element elementor-element-c367ec2 elementor-widget elementor-widget-heading\" data-id=\"c367ec2\" data-element_type=\"widget\" data-e-type=\"widget\" data-widget_type=\"heading.default\">\n\t\t\t\t<div class=\"elementor-widget-container\">\n\t\t\t\t\t<h2 class=\"elementor-heading-title elementor-size-default\">Programma en tijdschema\n<\/h2>\t\t\t\t<\/div>\n\t\t\t\t<\/div>\n\t\t\t\t<div class=\"elementor-element elementor-element-9248af2 elementor-widget elementor-widget-text-editor\" data-id=\"9248af2\" data-element_type=\"widget\" data-e-type=\"widget\" data-widget_type=\"text-editor.default\">\n\t\t\t\t<div class=\"elementor-widget-container\">\n\t\t\t\t\t\t\t\t\t<p><strong>Woensdag (4.30 &#8211; 18.30 uur) : Reizen en eerste contacten<\/strong><\/p>\n<p>De reis van Ch\u00e2lons-en-Champagne naar Boto\u0219ani, gelegen in het noordoosten van Roemeni\u00eb, op een paar kilometer van de Moldavische en Oekra\u00efense grens, was bijzonder lang. De middag was gewijd aan een eerste bijeenkomst tussen de partners om het programma voor de volgende dagen door te nemen en de laatste voorbereidingen te co\u00f6rdineren.<\/p>\n<p><strong>Donderdagochtend (8.30 &#8211; 13.00 uur): Ontdekken en observeren<\/strong><\/p>\n<p>De ochtend begon met een inleiding over de Roemeense cultuur en het Roemeense onderwijssysteem. De deelnemers werden op traditionele wijze verwelkomd met brood en zout door leerlingen in klederdracht en volgden daarna verschillende klassikale activiteiten op verschillende niveaus, van CE1 (1\u00e8re) tot sixi\u00e8me (5\u00e8me).<\/p>\n<p><strong>Donderdagmiddag (13.30 &#8211; 17.00 uur): &#8220;Red de planeet<\/strong><\/p>\n<p>De middag werd gemarkeerd door een voorstelling over het thema ecologie, gepresenteerd door leerlingen van de 5e tot en met de 12e klas. De activiteiten, allemaal in het Frans, bestonden uit po\u00ebzie, zang en dans over het belang van een verbintenis met een duurzame toekomst. Vervolgens werd een sessie geobserveerd van lessen in de &#8216;stap voor stap&#8217;-sectie, gewijd aan leerlingen die speciale ondersteuning nodig hebben.<\/p>\n<p><strong>Vrijdagochtend (09:00 &#8211; 13:00): 1Dorp<\/strong><\/p>\n<p>De ochtend omvatte deelname aan vier praktijklessen gericht op het milieu en twee Franse lessen waarin de studenten activiteiten opzetten rond het 1Village-project en leren over de Sustainable Development Goals (SDG&#8217;s) en fase 3. De leerkrachten deden actief mee en hielpen de leerlingen.<\/p>\n<p><strong>Vrijdagmiddag (14:00 &#8211; 18:00) : Bezoek aan de Algemene Inspectie<\/strong><\/p>\n<p>Een bezoek aan de algemene inspectiedienst van het departement Boto\u0219ani bood de gelegenheid om het project, de activiteiten en de doelstellingen ervan te presenteren. De gesprekken met de inspecteur-generaal en de verantwoordelijken voor internationale en Europese projecten waren vruchtbaar. De dag eindigde met een debriefing met de partners, waarbij goede praktijken in het onderwijs over de SDG&#8217;s en internationale samenwerking werden besproken.<\/p>\n<p><strong>Zaterdag: Culturele bezoeken<\/strong><\/p>\n<p>De deelnemers bezochten de middeleeuwse citadel van Suceava, die momenteel gerenoveerd wordt, en het etnografisch museum, waar traditionele technieken met respect voor het milieu worden gepresenteerd. Ook de ontbossing in Roemeni\u00eb werd besproken. De middag was gewijd aan een bezoek aan het museum van beschilderde eieren, een regionale traditie, en een typisch zwart keramiekatelier.<\/p>\n<p><strong>Maandagochtend (10.30 &#8211; 12.30): Bijeenkomsten in het Institut Fran\u00e7ais<\/strong><\/p>\n<p>Voordat we vertrokken, hadden we het genoegen om de directeur van het Institut fran\u00e7ais de Ia\u0219i en medewerkers van de mediatheek van het instituut te ontmoeten. Het was een gelegenheid om de banden tussen Frankrijk en Roemeni\u00eb te bespreken, met name op het gebied van cultuur en talen, en om mogelijkheden voor toekomstige samenwerking te verkennen.  <\/p>\n\t\t\t\t\t\t\t\t<\/div>\n\t\t\t\t<\/div>\n\t\t\t\t<\/div>\n\t\t<div class=\"elementor-element elementor-element-cc14da6 e-con-full e-flex e-con e-child\" data-id=\"cc14da6\" data-element_type=\"container\" data-e-type=\"container\">\n\t\t<div class=\"elementor-element elementor-element-6381192 e-con-full e-flex e-con e-child\" data-id=\"6381192\" data-element_type=\"container\" data-e-type=\"container\">\n\t\t\t\t<div class=\"elementor-element elementor-element-7063c40 elementor-widget elementor-widget-image\" data-id=\"7063c40\" data-element_type=\"widget\" data-e-type=\"widget\" data-widget_type=\"image.default\">\n\t\t\t\t<div class=\"elementor-widget-container\">\n\t\t\t\t\t\t\t\t\t\t\t\t\t\t\t<img fetchpriority=\"high\" decoding=\"async\" width=\"768\" height=\"346\" src=\"https:\/\/eniede.eu\/wp-content\/uploads\/2024\/07\/20240419_100345-1-768x346.jpg\" class=\"attachment-medium_large size-medium_large wp-image-2315\" alt=\"\" srcset=\"https:\/\/eniede.eu\/wp-content\/uploads\/2024\/07\/20240419_100345-1-768x346.jpg 768w, https:\/\/eniede.eu\/wp-content\/uploads\/2024\/07\/20240419_100345-1-300x135.jpg 300w, https:\/\/eniede.eu\/wp-content\/uploads\/2024\/07\/20240419_100345-1-1024x461.jpg 1024w, https:\/\/eniede.eu\/wp-content\/uploads\/2024\/07\/20240419_100345-1-1536x692.jpg 1536w, https:\/\/eniede.eu\/wp-content\/uploads\/2024\/07\/20240419_100345-1-2048x922.jpg 2048w\" sizes=\"(max-width: 768px) 100vw, 768px\" \/>\t\t\t\t\t\t\t\t\t\t\t\t\t\t\t<\/div>\n\t\t\t\t<\/div>\n\t\t\t\t<div class=\"elementor-element elementor-element-f04de46 elementor-widget elementor-widget-spacer\" data-id=\"f04de46\" data-element_type=\"widget\" data-e-type=\"widget\" data-widget_type=\"spacer.default\">\n\t\t\t\t<div class=\"elementor-widget-container\">\n\t\t\t\t\t\t\t<div class=\"elementor-spacer\">\n\t\t\t<div class=\"elementor-spacer-inner\"><\/div>\n\t\t<\/div>\n\t\t\t\t\t\t<\/div>\n\t\t\t\t<\/div>\n\t\t<div class=\"elementor-element elementor-element-c84a63f e-con-full e-flex e-con e-child\" data-id=\"c84a63f\" data-element_type=\"container\" data-e-type=\"container\">\n\t\t\t\t<div class=\"elementor-element elementor-element-b571537 elementor-widget elementor-widget-image\" data-id=\"b571537\" data-element_type=\"widget\" data-e-type=\"widget\" data-widget_type=\"image.default\">\n\t\t\t\t<div class=\"elementor-widget-container\">\n\t\t\t\t\t\t\t\t\t\t\t\t\t\t\t<img decoding=\"async\" width=\"1024\" height=\"461\" src=\"https:\/\/eniede.eu\/wp-content\/uploads\/2024\/07\/20240418_084953-1024x461.jpg\" class=\"attachment-large size-large wp-image-2305\" alt=\"\" srcset=\"https:\/\/eniede.eu\/wp-content\/uploads\/2024\/07\/20240418_084953-1024x461.jpg 1024w, https:\/\/eniede.eu\/wp-content\/uploads\/2024\/07\/20240418_084953-300x135.jpg 300w, https:\/\/eniede.eu\/wp-content\/uploads\/2024\/07\/20240418_084953-768x346.jpg 768w, https:\/\/eniede.eu\/wp-content\/uploads\/2024\/07\/20240418_084953-1536x692.jpg 1536w, https:\/\/eniede.eu\/wp-content\/uploads\/2024\/07\/20240418_084953-2048x922.jpg 2048w\" sizes=\"(max-width: 1024px) 100vw, 1024px\" \/>\t\t\t\t\t\t\t\t\t\t\t\t\t\t\t<\/div>\n\t\t\t\t<\/div>\n\t\t\t\t<div class=\"elementor-element elementor-element-78ca95e elementor-widget elementor-widget-spacer\" data-id=\"78ca95e\" data-element_type=\"widget\" data-e-type=\"widget\" data-widget_type=\"spacer.default\">\n\t\t\t\t<div class=\"elementor-widget-container\">\n\t\t\t\t\t\t\t<div class=\"elementor-spacer\">\n\t\t\t<div class=\"elementor-spacer-inner\"><\/div>\n\t\t<\/div>\n\t\t\t\t\t\t<\/div>\n\t\t\t\t<\/div>\n\t\t\t\t<div class=\"elementor-element elementor-element-1c9e164 elementor-widget elementor-widget-image\" data-id=\"1c9e164\" data-element_type=\"widget\" data-e-type=\"widget\" data-widget_type=\"image.default\">\n\t\t\t\t<div class=\"elementor-widget-container\">\n\t\t\t\t\t\t\t\t\t\t\t\t\t\t\t<img decoding=\"async\" width=\"225\" height=\"300\" src=\"https:\/\/eniede.eu\/wp-content\/uploads\/2024\/07\/IMG-20240419-WA0001-1-225x300.jpg\" class=\"attachment-medium size-medium wp-image-2320\" alt=\"\" srcset=\"https:\/\/eniede.eu\/wp-content\/uploads\/2024\/07\/IMG-20240419-WA0001-1-225x300.jpg 225w, https:\/\/eniede.eu\/wp-content\/uploads\/2024\/07\/IMG-20240419-WA0001-1-768x1024.jpg 768w, https:\/\/eniede.eu\/wp-content\/uploads\/2024\/07\/IMG-20240419-WA0001-1-1152x1536.jpg 1152w, https:\/\/eniede.eu\/wp-content\/uploads\/2024\/07\/IMG-20240419-WA0001-1.jpg 1536w\" sizes=\"(max-width: 225px) 100vw, 225px\" \/>\t\t\t\t\t\t\t\t\t\t\t\t\t\t\t<\/div>\n\t\t\t\t<\/div>\n\t\t\t\t<\/div>\n\t\t\t\t<\/div>\n\t\t\t\t<\/div>\n\t\t\t\t\t<\/div>\n\t\t\t\t<\/div>\n\t\t<div class=\"elementor-element elementor-element-1ceff99 e-flex e-con-boxed e-con e-parent\" data-id=\"1ceff99\" data-element_type=\"container\" data-e-type=\"container\">\n\t\t\t\t\t<div class=\"e-con-inner\">\n\t\t<div class=\"elementor-element elementor-element-1330454 e-con-full e-flex e-con e-child\" data-id=\"1330454\" data-element_type=\"container\" data-e-type=\"container\">\n\t\t\t\t<div class=\"elementor-element elementor-element-eb63044 elementor-widget elementor-widget-image\" data-id=\"eb63044\" data-element_type=\"widget\" data-e-type=\"widget\" data-widget_type=\"image.default\">\n\t\t\t\t<div class=\"elementor-widget-container\">\n\t\t\t\t\t\t\t\t\t\t\t\t\t\t\t<img loading=\"lazy\" decoding=\"async\" width=\"308\" height=\"733\" src=\"https:\/\/eniede.eu\/wp-content\/uploads\/2024\/07\/Capture-decran-2024-07-09-a-15.51.24.png\" class=\"attachment-large size-large wp-image-2325\" alt=\"\" srcset=\"https:\/\/eniede.eu\/wp-content\/uploads\/2024\/07\/Capture-decran-2024-07-09-a-15.51.24.png 308w, https:\/\/eniede.eu\/wp-content\/uploads\/2024\/07\/Capture-decran-2024-07-09-a-15.51.24-126x300.png 126w\" sizes=\"(max-width: 308px) 100vw, 308px\" \/>\t\t\t\t\t\t\t\t\t\t\t\t\t\t\t<\/div>\n\t\t\t\t<\/div>\n\t\t\t\t<\/div>\n\t\t\t\t<div class=\"elementor-element elementor-element-8503b62 elementor-widget elementor-widget-image\" data-id=\"8503b62\" data-element_type=\"widget\" data-e-type=\"widget\" data-widget_type=\"image.default\">\n\t\t\t\t<div class=\"elementor-widget-container\">\n\t\t\t\t\t\t\t\t\t\t\t\t\t\t\t<img loading=\"lazy\" decoding=\"async\" width=\"324\" height=\"697\" src=\"https:\/\/eniede.eu\/wp-content\/uploads\/2024\/07\/Capture-decran-2024-07-09-a-15.57.06.png\" class=\"attachment-large size-large wp-image-2335\" alt=\"\" srcset=\"https:\/\/eniede.eu\/wp-content\/uploads\/2024\/07\/Capture-decran-2024-07-09-a-15.57.06.png 324w, https:\/\/eniede.eu\/wp-content\/uploads\/2024\/07\/Capture-decran-2024-07-09-a-15.57.06-139x300.png 139w\" sizes=\"(max-width: 324px) 100vw, 324px\" \/>\t\t\t\t\t\t\t\t\t\t\t\t\t\t\t<\/div>\n\t\t\t\t<\/div>\n\t\t<div class=\"elementor-element elementor-element-70ed6cf e-con-full e-flex e-con e-child\" data-id=\"70ed6cf\" data-element_type=\"container\" data-e-type=\"container\">\n\t\t\t\t<div class=\"elementor-element elementor-element-01c9fb7 elementor-widget elementor-widget-image\" data-id=\"01c9fb7\" data-element_type=\"widget\" data-e-type=\"widget\" data-widget_type=\"image.default\">\n\t\t\t\t<div class=\"elementor-widget-container\">\n\t\t\t\t\t\t\t\t\t\t\t\t\t\t\t<img loading=\"lazy\" decoding=\"async\" width=\"313\" height=\"730\" src=\"https:\/\/eniede.eu\/wp-content\/uploads\/2024\/07\/Capture-decran-2024-07-09-a-15.55.58.png\" class=\"attachment-large size-large wp-image-2330\" alt=\"\" srcset=\"https:\/\/eniede.eu\/wp-content\/uploads\/2024\/07\/Capture-decran-2024-07-09-a-15.55.58.png 313w, https:\/\/eniede.eu\/wp-content\/uploads\/2024\/07\/Capture-decran-2024-07-09-a-15.55.58-129x300.png 129w\" sizes=\"(max-width: 313px) 100vw, 313px\" \/>\t\t\t\t\t\t\t\t\t\t\t\t\t\t\t<\/div>\n\t\t\t\t<\/div>\n\t\t\t\t<\/div>\n\t\t\t\t\t<\/div>\n\t\t\t\t<\/div>\n\t\t<div class=\"elementor-element elementor-element-0076fd6 e-flex e-con-boxed e-con e-parent\" data-id=\"0076fd6\" data-element_type=\"container\" data-e-type=\"container\">\n\t\t\t\t\t<div class=\"e-con-inner\">\n\t\t\t\t<div class=\"elementor-element elementor-element-b0ef436 elementor-widget elementor-widget-spacer\" data-id=\"b0ef436\" data-element_type=\"widget\" data-e-type=\"widget\" data-widget_type=\"spacer.default\">\n\t\t\t\t<div class=\"elementor-widget-container\">\n\t\t\t\t\t\t\t<div class=\"elementor-spacer\">\n\t\t\t<div class=\"elementor-spacer-inner\"><\/div>\n\t\t<\/div>\n\t\t\t\t\t\t<\/div>\n\t\t\t\t<\/div>\n\t\t\t\t\t<\/div>\n\t\t\t\t<\/div>\n\t\t<div class=\"elementor-element elementor-element-22d5bc4 e-flex e-con-boxed e-con e-parent\" data-id=\"22d5bc4\" data-element_type=\"container\" data-e-type=\"container\">\n\t\t\t\t\t<div class=\"e-con-inner\">\n\t\t<div class=\"elementor-element elementor-element-ede4b91 e-con-full e-flex e-con e-child\" data-id=\"ede4b91\" data-element_type=\"container\" data-e-type=\"container\">\n\t\t\t\t<div class=\"elementor-element elementor-element-83ef395 elementor-widget elementor-widget-image\" data-id=\"83ef395\" data-element_type=\"widget\" data-e-type=\"widget\" data-widget_type=\"image.default\">\n\t\t\t\t<div class=\"elementor-widget-container\">\n\t\t\t\t\t\t\t\t\t\t\t\t\t\t\t<img loading=\"lazy\" decoding=\"async\" width=\"300\" height=\"135\" src=\"https:\/\/eniede.eu\/wp-content\/uploads\/2024\/07\/20240421_131836-300x135.jpg\" class=\"attachment-medium size-medium wp-image-2310\" alt=\"\" srcset=\"https:\/\/eniede.eu\/wp-content\/uploads\/2024\/07\/20240421_131836-300x135.jpg 300w, https:\/\/eniede.eu\/wp-content\/uploads\/2024\/07\/20240421_131836-1024x461.jpg 1024w, https:\/\/eniede.eu\/wp-content\/uploads\/2024\/07\/20240421_131836-768x346.jpg 768w, https:\/\/eniede.eu\/wp-content\/uploads\/2024\/07\/20240421_131836-1536x692.jpg 1536w, https:\/\/eniede.eu\/wp-content\/uploads\/2024\/07\/20240421_131836-2048x922.jpg 2048w\" sizes=\"(max-width: 300px) 100vw, 300px\" \/>\t\t\t\t\t\t\t\t\t\t\t\t\t\t\t<\/div>\n\t\t\t\t<\/div>\n\t\t\t\t<\/div>\n\t\t\t\t<div class=\"elementor-element elementor-element-dd3ad84 elementor-widget elementor-widget-text-editor\" data-id=\"dd3ad84\" data-element_type=\"widget\" data-e-type=\"widget\" data-widget_type=\"text-editor.default\">\n\t\t\t\t<div class=\"elementor-widget-container\">\n\t\t\t\t\t\t\t\t\t<p>Deze derde mobiliteit was een verrijkende ervaring. De doelstellingen werden bereikt: observatie van Roemeense onderwijspraktijken, direct contact met de leerlingen en uitwisseling van beste praktijken op het gebied van duurzame ontwikkeling. De internationale samenwerking tussen docenten is versterkt, wat de weg vrijmaakt voor nieuwe fases in het project.<\/p>\n\t\t\t\t\t\t\t\t<\/div>\n\t\t\t\t<\/div>\n\t\t\t\t\t<\/div>\n\t\t\t\t<\/div>\n\t\t\t\t<\/div>\n\t\t","protected":false},"excerpt":{"rendered":"<p>Het derde mobiliteitsevenement van het project vond plaats in april 2024 en bracht het duo Roemeni\u00eb samen met Dorina en Mihaela en Ch\u00e2lons-en-Champagne vertegenwoordigd door Lionel en Claire. Dit volgt op de eerste verhuizing, die plaatsvond in november 2023 in de Champagne. Deze mobiliteit was gericht op : De onderwijspraktijken van Roemeense leerkrachten in hun [&hellip;]<\/p>\n","protected":false},"author":1,"featured_media":0,"parent":0,"menu_order":0,"comment_status":"closed","ping_status":"closed","template":"","meta":{"footnotes":""},"class_list":["post-2352","page","type-page","status-publish","hentry","entry"],"_links":{"self":[{"href":"https:\/\/eniede.eu\/nl\/wp-json\/wp\/v2\/pages\/2352","targetHints":{"allow":["GET"]}}],"collection":[{"href":"https:\/\/eniede.eu\/nl\/wp-json\/wp\/v2\/pages"}],"about":[{"href":"https:\/\/eniede.eu\/nl\/wp-json\/wp\/v2\/types\/page"}],"author":[{"embeddable":true,"href":"https:\/\/eniede.eu\/nl\/wp-json\/wp\/v2\/users\/1"}],"replies":[{"embeddable":true,"href":"https:\/\/eniede.eu\/nl\/wp-json\/wp\/v2\/comments?post=2352"}],"version-history":[{"count":2,"href":"https:\/\/eniede.eu\/nl\/wp-json\/wp\/v2\/pages\/2352\/revisions"}],"predecessor-version":[{"id":2354,"href":"https:\/\/eniede.eu\/nl\/wp-json\/wp\/v2\/pages\/2352\/revisions\/2354"}],"wp:attachment":[{"href":"https:\/\/eniede.eu\/nl\/wp-json\/wp\/v2\/media?parent=2352"}],"curies":[{"name":"wp","href":"https:\/\/api.w.org\/{rel}","templated":true}]}}