{"id":1026,"date":"2024-01-04T13:34:34","date_gmt":"2024-01-04T13:34:34","guid":{"rendered":"https:\/\/eniede.eu\/scoala-europeana-bruxelles-iii\/"},"modified":"2024-10-31T11:05:27","modified_gmt":"2024-10-31T11:05:27","slug":"scoala-europeana-bruxelles-iii","status":"publish","type":"page","link":"https:\/\/eniede.eu\/ro\/scoala-europeana-bruxelles-iii\/","title":{"rendered":"\ud83c\udde7\ud83c\uddea \u0218coala European\u0103 Bruxelles III"},"content":{"rendered":"\t\t<div data-elementor-type=\"wp-page\" data-elementor-id=\"1026\" class=\"elementor elementor-1026 elementor-1008\">\n\t\t\t\t<div class=\"elementor-element elementor-element-d9e1070 e-flex e-con-boxed e-con e-parent\" data-id=\"d9e1070\" data-element_type=\"container\" data-e-type=\"container\">\n\t\t\t\t\t<div class=\"e-con-inner\">\n\t\t\t\t<div class=\"elementor-element elementor-element-7041735 elementor-widget elementor-widget-heading\" data-id=\"7041735\" data-element_type=\"widget\" data-e-type=\"widget\" data-widget_type=\"heading.default\">\n\t\t\t\t<div class=\"elementor-widget-container\">\n\t\t\t\t\t<h2 class=\"elementor-heading-title elementor-size-default\">O \u0219coal\u0103 multicultural\u0103<\/h2>\t\t\t\t<\/div>\n\t\t\t\t<\/div>\n\t\t\t\t<div class=\"elementor-element elementor-element-c792dfb elementor-widget elementor-widget-text-editor\" data-id=\"c792dfb\" data-element_type=\"widget\" data-e-type=\"widget\" data-widget_type=\"text-editor.default\">\n\t\t\t\t<div class=\"elementor-widget-container\">\n\t\t\t\t\t\t\t\t\t<p>\u00cenfiin\u021bat\u0103 \u00een 1999, \u0219coala se adreseaz\u0103 elevilor de diferite na\u021bionalit\u0103\u021bi \u0219i limbi din \u00eentreaga Europ\u0103 \u00een 8 sec\u021bii lingvistice (francez\u0103, englez\u0103, spaniol\u0103, greac\u0103, german\u0103, ceh\u0103, olandez\u0103 \u0219i slovac\u0103).<br \/>Ace\u0219tia sunt \u00een principal copiii personalului comunitar. Acestea sunt institu\u021bii de \u00eenv\u0103\u021b\u0103m\u00e2nt controlate \u00een comun de guvernele statelor membre. Studen\u021bii, care provin din toat\u0103 Europa, lucreaz\u0103 \u00eentr-un mediu multilingv \u0219i multicultural. \u0218coala acord\u0103 o importan\u021b\u0103 deosebit\u0103 incluziunii \u0219i bun\u0103st\u0103rii tuturor. A creat un program de combatere a h\u0103r\u021buirii numit Kiva. Acesta prime\u0219te elevi ucraineni \u00eenc\u0103 de anul trecut.<\/p>\n\t\t\t\t\t\t\t\t<\/div>\n\t\t\t\t<\/div>\n\t\t\t\t<div class=\"elementor-element elementor-element-4979007 elementor-widget elementor-widget-heading\" data-id=\"4979007\" data-element_type=\"widget\" data-e-type=\"widget\" data-widget_type=\"heading.default\">\n\t\t\t\t<div class=\"elementor-widget-container\">\n\t\t\t\t\t<h2 class=\"elementor-heading-title elementor-size-default\">O prioritate de mediu<\/h2>\t\t\t\t<\/div>\n\t\t\t\t<\/div>\n\t\t\t\t<div class=\"elementor-element elementor-element-5502ef5 elementor-widget elementor-widget-text-editor\" data-id=\"5502ef5\" data-element_type=\"widget\" data-e-type=\"widget\" data-widget_type=\"text-editor.default\">\n\t\t\t\t<div class=\"elementor-widget-container\">\n\t\t\t\t\t\t\t\t\t<p>Educa\u021bia durabil\u0103 este una dintre priorit\u0103\u021bile planului educa\u021bional anual al EEB3 pentru perioada 2022-2023. Cu toate acestea, \u0219coala, care \u00ee\u0219i propune s\u0103 ob\u021bin\u0103 eticheta &#8222;Eco-Ecole&#8221;, s-a angajat \u00een domeniul sustenabilit\u0103\u021bii de mai mul\u021bi ani, \u00een special prin intermediul EEBGreen, un grup responsabil cu promovarea sustenabilit\u0103\u021bii.<\/p>\n<p>Mai multe ini\u021biative sunt demne de luat \u00een seam\u0103: \u0218coala este dotat\u0103 cu 532 de panouri solare pe acoperi\u0219urile sale, ca parte a proiectului &#8222;Soare pentru \u0219coli&#8221;, care acoper\u0103 12% din nevoile sale anuale. Acesta afi\u0219eaz\u0103 \u00een mod regulat informa\u021bii privind utilizarea acestei energii produse la nivel local \u00een raport cu nevoile \u0219colii (propor\u021bia de energie produs\u0103 \u00een raport cu consumul nostru total \u00een timp real). <br \/>Acesta \u00eencurajeaz\u0103 economisirea energiei la . Ofer\u0103 clase cu suprafe\u021be mari pentru gr\u0103din\u0103rit (gr\u0103dina educa\u021bional\u0103).<\/p>\n\t\t\t\t\t\t\t\t<\/div>\n\t\t\t\t<\/div>\n\t\t\t\t<div class=\"elementor-element elementor-element-9c54ac6 elementor-widget elementor-widget-heading\" data-id=\"9c54ac6\" data-element_type=\"widget\" data-e-type=\"widget\" data-widget_type=\"heading.default\">\n\t\t\t\t<div class=\"elementor-widget-container\">\n\t\t\t\t\t<h2 class=\"elementor-heading-title elementor-size-default\">Sustenabilitatea \u00een centrul activit\u0103\u021bii noastre de predare<\/h2>\t\t\t\t<\/div>\n\t\t\t\t<\/div>\n\t\t\t\t<div class=\"elementor-element elementor-element-d3b26a7 elementor-widget elementor-widget-text-editor\" data-id=\"d3b26a7\" data-element_type=\"widget\" data-e-type=\"widget\" data-widget_type=\"text-editor.default\">\n\t\t\t\t<div class=\"elementor-widget-container\">\n\t\t\t\t\t\t\t\t\t<p>Din 2019, EEB3 s-a angajat s\u0103 integreze sustenabilitatea \u00een activit\u0103\u021bile sale educa\u021bionale. Un grup de lucru alc\u0103tuit din reprezentan\u021bi ai elevilor \u0219i profesorilor, precum \u0219i din membri ai personalului tehnic, sub patronajul directorului \u0219colii, este responsabil pentru a da via\u021b\u0103 acestei teme pe tot parcursul anului. Scopul este de a promova sustenabilitatea \u00een toate domeniile \u0219colii, de a mobiliza comunitatea \u0219i de a ini\u021bia proiecte \u00een acest domeniu. Acestea sunt eviden\u021biate \u00een mass-media (site-ul web al \u0219colii, ziarul s\u0103pt\u0103m\u00e2nal al \u0219colii, prezent\u0103ri, ziua ac\u021biunii, ziarul belgian &#8222;La libre&#8221;).<\/p>\n\t\t\t\t\t\t\t\t<\/div>\n\t\t\t\t<\/div>\n\t\t\t\t\t<\/div>\n\t\t\t\t<\/div>\n\t\t\t\t<\/div>\n\t\t","protected":false},"excerpt":{"rendered":"<p>O \u0219coal\u0103 multicultural\u0103 \u00cenfiin\u021bat\u0103 \u00een 1999, \u0219coala se adreseaz\u0103 elevilor de diferite na\u021bionalit\u0103\u021bi \u0219i limbi din \u00eentreaga Europ\u0103 \u00een 8 sec\u021bii lingvistice (francez\u0103, englez\u0103, spaniol\u0103, greac\u0103, german\u0103, ceh\u0103, olandez\u0103 \u0219i slovac\u0103).Ace\u0219tia sunt \u00een principal copiii personalului comunitar. Acestea sunt institu\u021bii de \u00eenv\u0103\u021b\u0103m\u00e2nt controlate \u00een comun de guvernele statelor membre. Studen\u021bii, care provin din toat\u0103 Europa, [&hellip;]<\/p>\n","protected":false},"author":1,"featured_media":0,"parent":0,"menu_order":0,"comment_status":"closed","ping_status":"closed","template":"","meta":{"footnotes":""},"class_list":["post-1026","page","type-page","status-publish","hentry","entry"],"_links":{"self":[{"href":"https:\/\/eniede.eu\/ro\/wp-json\/wp\/v2\/pages\/1026","targetHints":{"allow":["GET"]}}],"collection":[{"href":"https:\/\/eniede.eu\/ro\/wp-json\/wp\/v2\/pages"}],"about":[{"href":"https:\/\/eniede.eu\/ro\/wp-json\/wp\/v2\/types\/page"}],"author":[{"embeddable":true,"href":"https:\/\/eniede.eu\/ro\/wp-json\/wp\/v2\/users\/1"}],"replies":[{"embeddable":true,"href":"https:\/\/eniede.eu\/ro\/wp-json\/wp\/v2\/comments?post=1026"}],"version-history":[{"count":5,"href":"https:\/\/eniede.eu\/ro\/wp-json\/wp\/v2\/pages\/1026\/revisions"}],"predecessor-version":[{"id":3079,"href":"https:\/\/eniede.eu\/ro\/wp-json\/wp\/v2\/pages\/1026\/revisions\/3079"}],"wp:attachment":[{"href":"https:\/\/eniede.eu\/ro\/wp-json\/wp\/v2\/media?parent=1026"}],"curies":[{"name":"wp","href":"https:\/\/api.w.org\/{rel}","templated":true}]}}