{"id":1048,"date":"2024-01-04T13:48:15","date_gmt":"2024-01-04T13:48:15","guid":{"rendered":"https:\/\/eniede.eu\/scoala-gimnaziala-grigore-antipa\/"},"modified":"2024-10-30T14:50:29","modified_gmt":"2024-10-30T14:50:29","slug":"scoala-gimnaziala-grigore-antipa","status":"publish","type":"page","link":"https:\/\/eniede.eu\/ro\/scoala-gimnaziala-grigore-antipa\/","title":{"rendered":"\ud83c\uddf7\ud83c\uddf4 Scoala Gimnaziala &#8222;Grigore Antipa&#8221; &#8211; Boto\u0219ani"},"content":{"rendered":"\t\t<div data-elementor-type=\"wp-page\" data-elementor-id=\"1048\" class=\"elementor elementor-1048 elementor-1029\">\n\t\t\t\t<div class=\"elementor-element elementor-element-a55cc67 e-flex e-con-boxed e-con e-parent\" data-id=\"a55cc67\" data-element_type=\"container\" data-e-type=\"container\">\n\t\t\t\t\t<div class=\"e-con-inner\">\n\t\t\t\t<div class=\"elementor-element elementor-element-d1f0a95 elementor-widget elementor-widget-heading\" data-id=\"d1f0a95\" data-element_type=\"widget\" data-e-type=\"widget\" data-widget_type=\"heading.default\">\n\t\t\t\t<div class=\"elementor-widget-container\">\n\t\t\t\t\t<h2 class=\"elementor-heading-title elementor-size-default\">Priorit\u0103\u021bi educa\u021bionale<\/h2>\t\t\t\t<\/div>\n\t\t\t\t<\/div>\n\t\t\t\t<div class=\"elementor-element elementor-element-1965984 elementor-widget elementor-widget-text-editor\" data-id=\"1965984\" data-element_type=\"widget\" data-e-type=\"widget\" data-widget_type=\"text-editor.default\">\n\t\t\t\t<div class=\"elementor-widget-container\">\n\t\t\t\t\t\t\t\t\t<p>Respect\u00e2nd tradi\u021biile locale \u0219i na\u021bionale, dar \u0219i inova\u021biile societ\u0103\u021bii moderne, \u0218coala Gimnazial\u0103 &#8222;Grigore Antipa&#8221; \u00ee\u0219i propune s\u0103 instruiasc\u0103 \u0219i s\u0103 educe elevii \u00een spiritul drepturilor \u0219i libert\u0103\u021bilor fundamentale ale omului, al respectului pentru democra\u021bie, pentru mediul \u00eenconjur\u0103tor, ac\u021bion\u00e2nd \u00een favoarea cet\u0103\u021beniei active \u0219i a dezvolt\u0103rii durabile, precum \u0219i pentru schimbul intercultural. \u0218coala se str\u0103duie\u0219te s\u0103 ofere tuturor elevilor o educa\u021bie de calitate, facilit\u00e2nd \u00eenv\u0103\u021barea limbilor str\u0103ine (francez\u0103 \u0219i englez\u0103) \u0219i utilizarea tehnologiei digitale.<\/p>\n\t\t\t\t\t\t\t\t<\/div>\n\t\t\t\t<\/div>\n\t\t\t\t<div class=\"elementor-element elementor-element-abaffcd elementor-widget elementor-widget-heading\" data-id=\"abaffcd\" data-element_type=\"widget\" data-e-type=\"widget\" data-widget_type=\"heading.default\">\n\t\t\t\t<div class=\"elementor-widget-container\">\n\t\t\t\t\t<h2 class=\"elementor-heading-title elementor-size-default\">O \u0219coal\u0103 dinamic\u0103<\/h2>\t\t\t\t<\/div>\n\t\t\t\t<\/div>\n\t\t\t\t<div class=\"elementor-element elementor-element-918d461 elementor-widget elementor-widget-text-editor\" data-id=\"918d461\" data-element_type=\"widget\" data-e-type=\"widget\" data-widget_type=\"text-editor.default\">\n\t\t\t\t<div class=\"elementor-widget-container\">\n\t\t\t\t\t\t\t\t\t<p>\u0218coala are o experien\u021b\u0103 vast\u0103 \u00een domenii precum descoperirea de practici de \u00eenv\u0103\u021bare inovatoare, protec\u021bia mediului \u0219i dezvoltarea durabil\u0103, cooperarea european\u0103 prin diverse proiecte \u0219i utilizarea TIC \u00een activit\u0103\u021bile de \u00eenv\u0103\u021bare \u0219i comunicare. Pentru trei ani consecutivi, \u0219coala a primit trei asisten\u021bi lingvistici, consilia\u021bi de cei trei profesori de FLE ai \u0219colii.<\/p>\n\t\t\t\t\t\t\t\t<\/div>\n\t\t\t\t<\/div>\n\t\t\t\t<div class=\"elementor-element elementor-element-247860f elementor-widget elementor-widget-heading\" data-id=\"247860f\" data-element_type=\"widget\" data-e-type=\"widget\" data-widget_type=\"heading.default\">\n\t\t\t\t<div class=\"elementor-widget-container\">\n\t\t\t\t\t<h2 class=\"elementor-heading-title elementor-size-default\">O \u0219coal\u0103 angajat\u0103<\/h2>\t\t\t\t<\/div>\n\t\t\t\t<\/div>\n\t\t\t\t<div class=\"elementor-element elementor-element-831f096 elementor-widget elementor-widget-text-editor\" data-id=\"831f096\" data-element_type=\"widget\" data-e-type=\"widget\" data-widget_type=\"text-editor.default\">\n\t\t\t\t<div class=\"elementor-widget-container\">\n\t\t\t\t\t\t\t\t\t<p>\u0218coala a primit de dou\u0103 ori, \u00een 2005 \u0219i 2012, eticheta european\u0103 pentru inova\u021bie \u00een predarea limbilor str\u0103ine \u0219i a primit de trei ori la r\u00e2nd titlul de \u0218coal\u0103 European\u0103: \u00een 2008, 2011 \u0219i 2014, pentru dezvoltarea dimensiunii europene \u00een educa\u021bie. \u00cen 2007, proiectul &#8222;Existen\u021b\u0103 s\u0103n\u0103toas\u0103 \u00eentr-un mediu s\u0103n\u0103tos&#8221; a c\u00e2\u0219tigat premiul al doilea \u00een cadrul concursului Made for Europe pentru proiecte de cooperare european\u0103. Din 2012, \u0219coala a primit, de asemenea, distinc\u021bia &#8222;Steagul verde&#8221; \u0219i titlul ECO SCOALA, confirmat p\u00e2n\u0103 \u00een prezent o dat\u0103 la doi ani, pentru educa\u021bie ecologic\u0103 durabil\u0103. \u0218coala este asociat\u0103 cu UNESCO.<\/p>\n\t\t\t\t\t\t\t\t<\/div>\n\t\t\t\t<\/div>\n\t\t\t\t\t<\/div>\n\t\t\t\t<\/div>\n\t\t\t\t<\/div>\n\t\t","protected":false},"excerpt":{"rendered":"<p>Priorit\u0103\u021bi educa\u021bionale Respect\u00e2nd tradi\u021biile locale \u0219i na\u021bionale, dar \u0219i inova\u021biile societ\u0103\u021bii moderne, \u0218coala Gimnazial\u0103 &#8222;Grigore Antipa&#8221; \u00ee\u0219i propune s\u0103 instruiasc\u0103 \u0219i s\u0103 educe elevii \u00een spiritul drepturilor \u0219i libert\u0103\u021bilor fundamentale ale omului, al respectului pentru democra\u021bie, pentru mediul \u00eenconjur\u0103tor, ac\u021bion\u00e2nd \u00een favoarea cet\u0103\u021beniei active \u0219i a dezvolt\u0103rii durabile, precum \u0219i pentru schimbul intercultural. \u0218coala se [&hellip;]<\/p>\n","protected":false},"author":1,"featured_media":0,"parent":0,"menu_order":0,"comment_status":"closed","ping_status":"closed","template":"","meta":{"footnotes":""},"class_list":["post-1048","page","type-page","status-publish","hentry","entry"],"_links":{"self":[{"href":"https:\/\/eniede.eu\/ro\/wp-json\/wp\/v2\/pages\/1048","targetHints":{"allow":["GET"]}}],"collection":[{"href":"https:\/\/eniede.eu\/ro\/wp-json\/wp\/v2\/pages"}],"about":[{"href":"https:\/\/eniede.eu\/ro\/wp-json\/wp\/v2\/types\/page"}],"author":[{"embeddable":true,"href":"https:\/\/eniede.eu\/ro\/wp-json\/wp\/v2\/users\/1"}],"replies":[{"embeddable":true,"href":"https:\/\/eniede.eu\/ro\/wp-json\/wp\/v2\/comments?post=1048"}],"version-history":[{"count":3,"href":"https:\/\/eniede.eu\/ro\/wp-json\/wp\/v2\/pages\/1048\/revisions"}],"predecessor-version":[{"id":2995,"href":"https:\/\/eniede.eu\/ro\/wp-json\/wp\/v2\/pages\/1048\/revisions\/2995"}],"wp:attachment":[{"href":"https:\/\/eniede.eu\/ro\/wp-json\/wp\/v2\/media?parent=1048"}],"curies":[{"name":"wp","href":"https:\/\/api.w.org\/{rel}","templated":true}]}}