{"id":1091,"date":"2024-01-04T13:57:58","date_gmt":"2024-01-04T13:57:58","guid":{"rendered":"https:\/\/eniede.eu\/wemanity\/"},"modified":"2024-01-05T10:24:43","modified_gmt":"2024-01-05T10:24:43","slug":"wemanity","status":"publish","type":"page","link":"https:\/\/eniede.eu\/ro\/wemanity\/","title":{"rendered":"Wemanity"},"content":{"rendered":"\t\t<div data-elementor-type=\"wp-page\" data-elementor-id=\"1091\" class=\"elementor elementor-1091 elementor-1072\">\n\t\t\t\t<div class=\"elementor-element elementor-element-9682cb4 e-flex e-con-boxed e-con e-parent\" data-id=\"9682cb4\" data-element_type=\"container\" data-e-type=\"container\">\n\t\t\t\t\t<div class=\"e-con-inner\">\n\t\t\t\t<div class=\"elementor-element elementor-element-d5af8c5 elementor-widget elementor-widget-heading\" data-id=\"d5af8c5\" data-element_type=\"widget\" data-e-type=\"widget\" data-widget_type=\"heading.default\">\n\t\t\t\t<div class=\"elementor-widget-container\">\n\t\t\t\t\t<h2 class=\"elementor-heading-title elementor-size-default\">Prezentare<\/h2>\t\t\t\t<\/div>\n\t\t\t\t<\/div>\n\t\t\t\t<div class=\"elementor-element elementor-element-5c2b566 elementor-widget elementor-widget-text-editor\" data-id=\"5c2b566\" data-element_type=\"widget\" data-e-type=\"widget\" data-widget_type=\"text-editor.default\">\n\t\t\t\t<div class=\"elementor-widget-container\">\n\t\t\t\t\t\t\t\t\t<p>Wemanity este liderul european \u00een domeniul transform\u0103rii agile \u0219i digitale: la nivel organiza\u021bional, cultural \u0219i digital.<br \/>\u00cenfiin\u021bat\u0103 \u00een 2013, compania opereaz\u0103 \u00een prezent \u00een 5 \u021b\u0103ri. Comunitatea sa de dezvoltatori \u0219i agilisti este cea mai mare din Europa, iar viziunea sa este de a schimba lumea muncii p\u00e2n\u0103 \u00een 2050. Clien\u021bii \u0219i partenerii s\u0103i sunt<br \/>\u00een principal companii BEL20 \u0219i CAC40, dar compania sprijin\u0103, de asemenea, \u00eentreprinderile axate pe CSR, ONG-urile \u0219i \u00eentreprinderile sociale \u0219i de solidaritate \u00een transformarea lor pentru binele general, datorit\u0103 programului s\u0103u de CSR numit WeImpact. Acest program specific este dedicat valorific\u0103rii \u0219i acceler\u0103rii Transform\u0103rii Agile \u0219i Digitale pentru un impact pozitiv, concentr\u00e2ndu-se pe 3 piloni: \u00cendrumarea ONG-urilor, a \u00eentreprinderilor de economie social\u0103 \u0219i a CSR \u00een lansarea \u0219i implementarea pe scar\u0103 larg\u0103 a Transform\u0103rii Agile \u0219i Digitale; S\u0103-\u021bi faci partea ta ca cet\u0103\u021bean.<\/p>\n\t\t\t\t\t\t\t\t<\/div>\n\t\t\t\t<\/div>\n\t\t\t\t<div class=\"elementor-element elementor-element-a07e20e elementor-widget elementor-widget-heading\" data-id=\"a07e20e\" data-element_type=\"widget\" data-e-type=\"widget\" data-widget_type=\"heading.default\">\n\t\t\t\t<div class=\"elementor-widget-container\">\n\t\t\t\t\t<h2 class=\"elementor-heading-title elementor-size-default\">Principalele sale activit\u0103\u021bi<\/h2>\t\t\t\t<\/div>\n\t\t\t\t<\/div>\n\t\t\t\t<div class=\"elementor-element elementor-element-1f89f61 elementor-widget elementor-widget-text-editor\" data-id=\"1f89f61\" data-element_type=\"widget\" data-e-type=\"widget\" data-widget_type=\"text-editor.default\">\n\t\t\t\t<div class=\"elementor-widget-container\">\n\t\t\t\t\t\t\t\t\t<p>Din 2013, Wemanity a dezvoltat o expertiz\u0103 considerabil\u0103 \u00een domeniul proiectelor tehnologice \u0219i edtech. Iat\u0103 c\u00e2teva exemple:<br \/>1- Parteneriatul cu \u0218coala Vie\u021bii Wemanity a sprijinit ace\u0219ti copii, oferindu-le instrumente de management Agile adaptate, metode, ritualuri \u0219i bune practici pentru a le asigura succesul prin coaching, mentorat \u0219i leadership.<br \/>2- Filantropie cu TADA: Consultan\u021bii Wemanity au fost voluntari la TADA pentru a implica copiii \u00een produsele digitale \u0219i \u00een inova\u021bie \u0219i pentru a-i sensibiliza cu privire la aceste probleme prin organizarea de ateliere de lucru.<br \/>3 &#8211; Cu Par Le Monde: Consultan\u021bii Wemanity au mers s\u0103 sprijine Par Le Monde \u00een Design Thinking pentru proiectarea produsului cu valoare minim\u0103 pe care inten\u021bioneaz\u0103 s\u0103 \u00eel dezvolte pentru un nou proiect de robo\u021bi educa\u021bionali. Pentru a realiza acest lucru, Product Owners \u0219i Scrum Masters au condus ateliere de ideare, ateliere pentru utilizatori \u0219i ateliere MVP.<\/p>\n\t\t\t\t\t\t\t\t<\/div>\n\t\t\t\t<\/div>\n\t\t\t\t\t<\/div>\n\t\t\t\t<\/div>\n\t\t\t\t<\/div>\n\t\t","protected":false},"excerpt":{"rendered":"<p>Prezentare Wemanity este liderul european \u00een domeniul transform\u0103rii agile \u0219i digitale: la nivel organiza\u021bional, cultural \u0219i digital.\u00cenfiin\u021bat\u0103 \u00een 2013, compania opereaz\u0103 \u00een prezent \u00een 5 \u021b\u0103ri. Comunitatea sa de dezvoltatori \u0219i agilisti este cea mai mare din Europa, iar viziunea sa este de a schimba lumea muncii p\u00e2n\u0103 \u00een 2050. Clien\u021bii \u0219i partenerii s\u0103i sunt\u00een [&hellip;]<\/p>\n","protected":false},"author":1,"featured_media":0,"parent":0,"menu_order":0,"comment_status":"closed","ping_status":"closed","template":"","meta":{"footnotes":""},"class_list":["post-1091","page","type-page","status-publish","hentry","entry"],"_links":{"self":[{"href":"https:\/\/eniede.eu\/ro\/wp-json\/wp\/v2\/pages\/1091","targetHints":{"allow":["GET"]}}],"collection":[{"href":"https:\/\/eniede.eu\/ro\/wp-json\/wp\/v2\/pages"}],"about":[{"href":"https:\/\/eniede.eu\/ro\/wp-json\/wp\/v2\/types\/page"}],"author":[{"embeddable":true,"href":"https:\/\/eniede.eu\/ro\/wp-json\/wp\/v2\/users\/1"}],"replies":[{"embeddable":true,"href":"https:\/\/eniede.eu\/ro\/wp-json\/wp\/v2\/comments?post=1091"}],"version-history":[{"count":2,"href":"https:\/\/eniede.eu\/ro\/wp-json\/wp\/v2\/pages\/1091\/revisions"}],"predecessor-version":[{"id":1093,"href":"https:\/\/eniede.eu\/ro\/wp-json\/wp\/v2\/pages\/1091\/revisions\/1093"}],"wp:attachment":[{"href":"https:\/\/eniede.eu\/ro\/wp-json\/wp\/v2\/media?parent=1091"}],"curies":[{"name":"wp","href":"https:\/\/api.w.org\/{rel}","templated":true}]}}