{"id":1829,"date":"2024-01-05T14:53:09","date_gmt":"2024-01-05T14:53:09","guid":{"rendered":"https:\/\/eniede.eu\/mobilitate\/"},"modified":"2024-10-30T15:52:58","modified_gmt":"2024-10-30T15:52:58","slug":"mobilitate","status":"publish","type":"page","link":"https:\/\/eniede.eu\/ro\/mobilitate\/","title":{"rendered":"\ud83d\uddfa\ufe0f Mobilitate"},"content":{"rendered":"\t\t<div data-elementor-type=\"wp-page\" data-elementor-id=\"1829\" class=\"elementor elementor-1829 elementor-1818\">\n\t\t\t\t<div class=\"elementor-element elementor-element-250610c e-flex e-con-boxed e-con e-parent\" data-id=\"250610c\" data-element_type=\"container\" data-e-type=\"container\">\n\t\t\t\t\t<div class=\"e-con-inner\">\n\t\t\t\t<div class=\"elementor-element elementor-element-2e463cf elementor-widget elementor-widget-text-editor\" data-id=\"2e463cf\" data-element_type=\"widget\" data-e-type=\"widget\" data-widget_type=\"text-editor.default\">\n\t\t\t\t<div class=\"elementor-widget-container\">\n\t\t\t\t\t\t\t\t\t<p>Pe parcursul proiectului, inten\u021bion\u0103m s\u0103 organiz\u0103m 6 schimburi de 3 zile \u00eentre profesorii parteneri ai proiectului, cu timp pentru formare, idei colective \u0219i observare. Aceste schimburi vor permite profesorilor s\u0103 \u00eenve\u021be unii despre al\u021bii, despre metodele lor de lucru \u0219i de conducere, precum \u0219i s\u0103 descopere provoc\u0103rile lor respective, astfel \u00eenc\u00e2t \u00eempreun\u0103 s\u0103 poat\u0103 crea resurse care sunt potrivite pentru toat\u0103 lumea \u0219i s\u0103 fac\u0103 munca lor mai universal\u0103.<\/p>\n\t\t\t\t\t\t\t\t<\/div>\n\t\t\t\t<\/div>\n\t\t\t\t<div class=\"elementor-element elementor-element-f004376 elementor-widget elementor-widget-heading\" data-id=\"f004376\" data-element_type=\"widget\" data-e-type=\"widget\" data-widget_type=\"heading.default\">\n\t\t\t\t<div class=\"elementor-widget-container\">\n\t\t\t\t\t<h2 class=\"elementor-heading-title elementor-size-default\">Obiective globale<\/h2>\t\t\t\t<\/div>\n\t\t\t\t<\/div>\n\t\t\t\t<div class=\"elementor-element elementor-element-b8f9eed elementor-widget elementor-widget-text-editor\" data-id=\"b8f9eed\" data-element_type=\"widget\" data-e-type=\"widget\" data-widget_type=\"text-editor.default\">\n\t\t\t\t<div class=\"elementor-widget-container\">\n\t\t\t\t\t\t\t\t\t<p>Scopul \u00eentregii mobilit\u0103\u021bi este de a :<\/p>\n<ul>\n<li>Mobilizarea actorilor \u0219i consolidarea dinamicii consor\u021biului prin schimburi de formare, sesiuni de observare \u0219i de idei comune, precum \u0219i momente informale (vizite, dineuri etc.).<\/li>\n<li>Pentru a \u00eendeplini obiectivul principal al proiectului, care este de a integra problemele de mediu \u00een schimburile interculturale, digitale \u0219i incluzive.<\/li>\n<\/ul>\n\t\t\t\t\t\t\t\t<\/div>\n\t\t\t\t<\/div>\n\t\t\t\t<div class=\"elementor-element elementor-element-d5d0fd7 elementor-widget elementor-widget-text-editor\" data-id=\"d5d0fd7\" data-element_type=\"widget\" data-e-type=\"widget\" data-widget_type=\"text-editor.default\">\n\t\t\t\t<div class=\"elementor-widget-container\">\n\t\t\t\t\t\t\t\t\t<p>Aceste activit\u0103\u021bi sunt esen\u021biale pentru profesori, deoarece le permit s\u0103 clarifice a\u0219tept\u0103rile fiec\u0103rui partener \u0219i rolul s\u0103u \u00een cadrul proiectului, precum \u0219i s\u0103 identifice a\u0219tept\u0103rile acestora cu privire la proiect prin descoperirea contextului \u0219i a mediului lor de lucru. Mobilit\u0103\u021bile permit partenerilor s\u0103 co-construiasc\u0103 cu adev\u0103rat procesele educa\u021bionale, astfel \u00eenc\u00e2t s\u0103 se simt\u0103 implica\u021bi \u00eentr-o dinamic\u0103 de partajare \u0219i \u00eenv\u0103\u021bare reciproc\u0103.<\/p>\n\t\t\t\t\t\t\t\t<\/div>\n\t\t\t\t<\/div>\n\t\t\t\t\t<\/div>\n\t\t\t\t<\/div>\n\t\t\t\t<\/div>\n\t\t","protected":false},"excerpt":{"rendered":"<p>Pe parcursul proiectului, inten\u021bion\u0103m s\u0103 organiz\u0103m 6 schimburi de 3 zile \u00eentre profesorii parteneri ai proiectului, cu timp pentru formare, idei colective \u0219i observare. Aceste schimburi vor permite profesorilor s\u0103 \u00eenve\u021be unii despre al\u021bii, despre metodele lor de lucru \u0219i de conducere, precum \u0219i s\u0103 descopere provoc\u0103rile lor respective, astfel \u00eenc\u00e2t \u00eempreun\u0103 s\u0103 poat\u0103 crea [&hellip;]<\/p>\n","protected":false},"author":1,"featured_media":0,"parent":0,"menu_order":0,"comment_status":"closed","ping_status":"closed","template":"","meta":{"footnotes":""},"class_list":["post-1829","page","type-page","status-publish","hentry","entry"],"_links":{"self":[{"href":"https:\/\/eniede.eu\/ro\/wp-json\/wp\/v2\/pages\/1829","targetHints":{"allow":["GET"]}}],"collection":[{"href":"https:\/\/eniede.eu\/ro\/wp-json\/wp\/v2\/pages"}],"about":[{"href":"https:\/\/eniede.eu\/ro\/wp-json\/wp\/v2\/types\/page"}],"author":[{"embeddable":true,"href":"https:\/\/eniede.eu\/ro\/wp-json\/wp\/v2\/users\/1"}],"replies":[{"embeddable":true,"href":"https:\/\/eniede.eu\/ro\/wp-json\/wp\/v2\/comments?post=1829"}],"version-history":[{"count":7,"href":"https:\/\/eniede.eu\/ro\/wp-json\/wp\/v2\/pages\/1829\/revisions"}],"predecessor-version":[{"id":3070,"href":"https:\/\/eniede.eu\/ro\/wp-json\/wp\/v2\/pages\/1829\/revisions\/3070"}],"wp:attachment":[{"href":"https:\/\/eniede.eu\/ro\/wp-json\/wp\/v2\/media?parent=1829"}],"curies":[{"name":"wp","href":"https:\/\/api.w.org\/{rel}","templated":true}]}}