{"id":1898,"date":"2024-01-05T15:30:28","date_gmt":"2024-01-05T15:30:28","guid":{"rendered":"https:\/\/eniede.eu\/procesul-de-predare\/"},"modified":"2024-10-30T15:52:59","modified_gmt":"2024-10-30T15:52:59","slug":"procesul-de-predare","status":"publish","type":"page","link":"https:\/\/eniede.eu\/ro\/procesul-de-predare\/","title":{"rendered":"\ud83d\udcdd Secven\u021be de predare"},"content":{"rendered":"\t\t<div data-elementor-type=\"wp-page\" data-elementor-id=\"1898\" class=\"elementor elementor-1898 elementor-1881\">\n\t\t\t\t<div class=\"elementor-element elementor-element-aed2fa4 e-flex e-con-boxed e-con e-parent\" data-id=\"aed2fa4\" data-element_type=\"container\" data-e-type=\"container\">\n\t\t\t\t\t<div class=\"e-con-inner\">\n\t\t\t\t<div class=\"elementor-element elementor-element-a209351 elementor-widget elementor-widget-text-editor\" data-id=\"a209351\" data-element_type=\"widget\" data-e-type=\"widget\" data-widget_type=\"text-editor.default\">\n\t\t\t\t<div class=\"elementor-widget-container\">\n\t\t\t\t\t\t\t\t\t<p>Scopul acestui proiect este de a crea resurse didactice care vor permite comunit\u0103\u021bii educa\u021bionale europene s\u0103 lucreze la mediu \u00een clas\u0103 \u00eentr-un mod inovator \u0219i transcurricular, ca parte a schimburilor interculturale \u0219i digitale.<\/p>\n<p>Provocarea este de a crea resurse u\u0219or de utilizat \u0219i adaptate la o gam\u0103 larg\u0103 de contexte de predare europene, astfel \u00eenc\u00e2t s\u0103 se asigure c\u0103 ceea ce se \u00eenva\u021b\u0103 din proiect este u\u0219or de transferat dincolo de parteneri. Aceste resurse didactice sunt co-create de profesorii din \u0219colile partenere, iar Par Le Monde ghideaz\u0103 aceast\u0103 colaborare, asigur\u00e2nd consolidarea, coeren\u021ba, formatarea \u0219i postarea lor pe site-ul proiectului. <\/p>\n<p>Pe baza experien\u021bei sale de zece ani, recunoscut\u0103 prin aprobarea Ministerului francez al Educa\u021biei \u0219i acreditarea din partea Organiza\u021biei Interna\u021bionale a Francofoniei, Par Le Monde ofer\u0103 profesorilor posibilitatea de a dezvolta aceste resurse \u00een jurul unui program de coresponden\u021b\u0103 clar \u0219i motivant pentru elevi, organizat \u00een trei etape.<\/p>\n<p>Fiecare dintre aceste etape se concentreaz\u0103 pe un aspect diferit al rela\u021biei elevilor cu mediul:<br \/><strong>1\/ A DESCOPERI:<\/strong> rela\u021bia lor cu mediul lor local. Scopul este ca elevii s\u0103 \u00ee\u0219i ajute coresponden\u021bii s\u0103 \u00ee\u0219i descopere mediul, \u00een special prin intermediul rapoartelor. <br \/><strong>2\/ \u00ceNTREBAREA \u0218I SCHIMBAREA:<\/strong> rela\u021bia lor cu mediul partenerului: aceasta implic\u0103 chestionarea reciproc\u0103 a elevilor \u0219i compararea mediilor lor prin provoc\u0103ri sau puzzle-uri.<br \/><strong>3\/ IMAGINEAZ\u0102:<\/strong> rela\u021bia lor cu mediul global pe care \u00eel \u00eemp\u0103rt\u0103\u0219esc cu prietenii lor de coresponden\u021b\u0103: scopul este ca elevii s\u0103 lucreze \u00eempreun\u0103 pentru a imagina un viitor mai echitabil \u0219i mai durabil, stabilind leg\u0103turi \u00eentre mediu \u0219i obiectivele de dezvoltare durabil\u0103.<\/p>\n\t\t\t\t\t\t\t\t<\/div>\n\t\t\t\t<\/div>\n\t\t\t\t\t<\/div>\n\t\t\t\t<\/div>\n\t\t\t\t<\/div>\n\t\t","protected":false},"excerpt":{"rendered":"<p>Scopul acestui proiect este de a crea resurse didactice care vor permite comunit\u0103\u021bii educa\u021bionale europene s\u0103 lucreze la mediu \u00een clas\u0103 \u00eentr-un mod inovator \u0219i transcurricular, ca parte a schimburilor interculturale \u0219i digitale. Provocarea este de a crea resurse u\u0219or de utilizat \u0219i adaptate la o gam\u0103 larg\u0103 de contexte de predare europene, astfel \u00eenc\u00e2t [&hellip;]<\/p>\n","protected":false},"author":1,"featured_media":0,"parent":0,"menu_order":0,"comment_status":"closed","ping_status":"closed","template":"","meta":{"footnotes":""},"class_list":["post-1898","page","type-page","status-publish","hentry","entry"],"_links":{"self":[{"href":"https:\/\/eniede.eu\/ro\/wp-json\/wp\/v2\/pages\/1898","targetHints":{"allow":["GET"]}}],"collection":[{"href":"https:\/\/eniede.eu\/ro\/wp-json\/wp\/v2\/pages"}],"about":[{"href":"https:\/\/eniede.eu\/ro\/wp-json\/wp\/v2\/types\/page"}],"author":[{"embeddable":true,"href":"https:\/\/eniede.eu\/ro\/wp-json\/wp\/v2\/users\/1"}],"replies":[{"embeddable":true,"href":"https:\/\/eniede.eu\/ro\/wp-json\/wp\/v2\/comments?post=1898"}],"version-history":[{"count":4,"href":"https:\/\/eniede.eu\/ro\/wp-json\/wp\/v2\/pages\/1898\/revisions"}],"predecessor-version":[{"id":3069,"href":"https:\/\/eniede.eu\/ro\/wp-json\/wp\/v2\/pages\/1898\/revisions\/3069"}],"wp:attachment":[{"href":"https:\/\/eniede.eu\/ro\/wp-json\/wp\/v2\/media?parent=1898"}],"curies":[{"name":"wp","href":"https:\/\/api.w.org\/{rel}","templated":true}]}}