{"id":2342,"date":"2024-07-09T13:53:29","date_gmt":"2024-07-09T13:53:29","guid":{"rendered":"https:\/\/eniede.eu\/eniede-la-scolile-primare-grigore-antipa-din-botosani-romania\/"},"modified":"2024-07-09T13:58:38","modified_gmt":"2024-07-09T13:58:38","slug":"eniede-la-scolile-primare-grigore-antipa-din-botosani-romania","status":"publish","type":"page","link":"https:\/\/eniede.eu\/ro\/eniede-la-scolile-primare-grigore-antipa-din-botosani-romania\/","title":{"rendered":"ENIEDE la \u0219colile primare &#8222;Grigore Antipa&#8221; din Boto\u0219ani (Rom\u00e2nia)"},"content":{"rendered":"\t\t<div data-elementor-type=\"wp-page\" data-elementor-id=\"2342\" class=\"elementor elementor-2342 elementor-2300\">\n\t\t\t\t<div class=\"elementor-element elementor-element-4e77b45 e-flex e-con-boxed e-con e-parent\" data-id=\"4e77b45\" data-element_type=\"container\" data-e-type=\"container\">\n\t\t\t\t\t<div class=\"e-con-inner\">\n\t\t\t\t<div class=\"elementor-element elementor-element-a624a07 elementor-widget elementor-widget-text-editor\" data-id=\"a624a07\" data-element_type=\"widget\" data-e-type=\"widget\" data-widget_type=\"text-editor.default\">\n\t\t\t\t<div class=\"elementor-widget-container\">\n\t\t\t\t\t\t\t\t\t<p>Cel de-al treilea eveniment de mobilitate al proiectului a avut loc \u00een aprilie 2024 \u0219i a reunit perechea din Rom\u00e2nia cu Dorina \u0219i Mihaela \u0219i Ch\u00e2lons-en-Champagne reprezentat\u0103 de Lionel \u0219i Claire. Aceasta urmeaz\u0103 primei mut\u0103ri, care a avut loc \u00een noiembrie 2023 \u00een Champagne.  <\/p>\n<p>Aceast\u0103 mobilitate a urm\u0103rit s\u0103 :<\/p>\n<ul>\n<li>Observarea practicilor didactice utilizate de profesorii rom\u00e2ni \u00een clasele lor.<\/li>\n<li>S\u0103 permit\u0103 contactul direct \u00eentre profesorii francezi \u0219i copiii care iau parte la proiect.<\/li>\n<li>Schimbul de bune practici \u00een domeniul dezvolt\u0103rii durabile.<\/li>\n<li>\u00cencurajarea cooper\u0103rii interna\u021bionale \u00eentre profesori \u00eentr-un cadru educa\u021bional inovator.<\/li>\n<\/ul>\n\t\t\t\t\t\t\t\t<\/div>\n\t\t\t\t<\/div>\n\t\t\t\t\t<\/div>\n\t\t\t\t<\/div>\n\t\t<div class=\"elementor-element elementor-element-c8c9b6b e-flex e-con-boxed e-con e-parent\" data-id=\"c8c9b6b\" data-element_type=\"container\" data-e-type=\"container\">\n\t\t\t\t\t<div class=\"e-con-inner\">\n\t\t\t\t<div class=\"elementor-element elementor-element-1514904 elementor-widget elementor-widget-spacer\" data-id=\"1514904\" data-element_type=\"widget\" data-e-type=\"widget\" data-widget_type=\"spacer.default\">\n\t\t\t\t<div class=\"elementor-widget-container\">\n\t\t\t\t\t\t\t<div class=\"elementor-spacer\">\n\t\t\t<div class=\"elementor-spacer-inner\"><\/div>\n\t\t<\/div>\n\t\t\t\t\t\t<\/div>\n\t\t\t\t<\/div>\n\t\t\t\t\t<\/div>\n\t\t\t\t<\/div>\n\t\t<div class=\"elementor-element elementor-element-c4a91a2 e-flex e-con-boxed e-con e-parent\" data-id=\"c4a91a2\" data-element_type=\"container\" data-e-type=\"container\">\n\t\t\t\t\t<div class=\"e-con-inner\">\n\t\t<div class=\"elementor-element elementor-element-3dea67c e-con-full e-flex e-con e-child\" data-id=\"3dea67c\" data-element_type=\"container\" data-e-type=\"container\">\n\t\t\t\t<div class=\"elementor-element elementor-element-c367ec2 elementor-widget elementor-widget-heading\" data-id=\"c367ec2\" data-element_type=\"widget\" data-e-type=\"widget\" data-widget_type=\"heading.default\">\n\t\t\t\t<div class=\"elementor-widget-container\">\n\t\t\t\t\t<h2 class=\"elementor-heading-title elementor-size-default\">Program \u0219i orar\n<\/h2>\t\t\t\t<\/div>\n\t\t\t\t<\/div>\n\t\t\t\t<div class=\"elementor-element elementor-element-9248af2 elementor-widget elementor-widget-text-editor\" data-id=\"9248af2\" data-element_type=\"widget\" data-e-type=\"widget\" data-widget_type=\"text-editor.default\">\n\t\t\t\t<div class=\"elementor-widget-container\">\n\t\t\t\t\t\t\t\t\t<p><strong>Miercuri (4.30am &#8211; 6.30pm) : C\u0103l\u0103torii \u0219i primele contacte<\/strong><\/p>\n<p>C\u0103l\u0103toria de la Ch\u00e2lons-en-Champagne la Boto\u0219ani, situat \u00een nord-estul Rom\u00e2niei, la c\u00e2\u021biva kilometri de grani\u021bele cu Moldova \u0219i Ucraina, a fost deosebit de lung\u0103. Dup\u0103-amiaza a fost dedicat\u0103 unei \u00eent\u00e2lniri ini\u021biale \u00eentre parteneri, pentru a revizui programul pentru zilele urm\u0103toare \u0219i pentru a coordona preg\u0103tirile finale.<\/p>\n<p><strong>Joi diminea\u021ba (8.30am &#8211; 1pm): Descoperire \u0219i observare<\/strong><\/p>\n<p>Diminea\u021ba a \u00eenceput cu o introducere \u00een cultura \u0219i sistemul de \u00eenv\u0103\u021b\u0103m\u00e2nt rom\u00e2nesc. \u00cent\u00e2mpina\u021bi \u00een mod tradi\u021bional cu p\u00e2ine \u0219i sare de c\u0103tre elevi \u00een costume tradi\u021bionale, participan\u021bii au asistat apoi la diverse activit\u0103\u021bi la clas\u0103, acoperind mai multe niveluri de la CE1 (1\u00e8re) la sixi\u00e8me (5\u00e8me).<\/p>\n<p><strong>Joi dup\u0103-amiaz\u0103 (13.30 &#8211; 17.00): &#8222;Salva\u021bi planeta<\/strong><\/p>\n<p>Dup\u0103-amiaza a fost marcat\u0103 de un spectacol pe tema ecologiei, prezentat de elevi din clasele V-XII. Activit\u0103\u021bile, toate \u00een limba francez\u0103, au inclus poezii, c\u00e2ntece \u0219i dansuri despre importan\u021ba asum\u0103rii unui angajament pentru un viitor durabil. \u00cen continuare, a fost observat\u0103 o sesiune de cursuri din sec\u021biunea &#8222;pas cu pas&#8221;, dedicat\u0103 elevilor care necesit\u0103 sprijin special.<\/p>\n<p><strong>Vineri diminea\u021ba (09:00 &#8211; 13:00): 1Village<\/strong><\/p>\n<p>Diminea\u021ba a inclus participarea la patru cursuri practice axate pe mediu \u0219i dou\u0103 cursuri de francez\u0103, \u00een cadrul c\u0103rora elevii au organizat activit\u0103\u021bi \u00een jurul proiectului 1Village, \u00eenv\u0103\u021b\u00e2nd despre Obiectivele de dezvoltare durabil\u0103 (ODD) \u0219i faza 3. Profesorii au participat activ \u0219i au ajutat elevii.<\/p>\n<p><strong>Vineri dup\u0103-amiaz\u0103 (14:00 &#8211; 18:00) : Vizit\u0103 la inspec\u021bia general\u0103<\/strong><\/p>\n<p>O vizit\u0103 la inspectoratul general al departamentului Boto\u0219ani a oferit ocazia de a prezenta proiectul, activit\u0103\u021bile \u0219i obiectivele acestuia. Discu\u021biile cu inspectorul general \u0219i cu responsabilii de proiecte interna\u021bionale \u0219i europene au fost fructuoase. Ziua s-a \u00eencheiat cu o \u00eent\u00e2lnire de bilan\u021b cu partenerii, \u00een cadrul c\u0103reia s-au discutat bunele practici \u00een predarea ODD-urilor \u0219i a cooper\u0103rii interna\u021bionale.<\/p>\n<p><strong>S\u00e2mb\u0103t\u0103: Vizite culturale<\/strong><\/p>\n<p>Participan\u021bii au vizitat cetatea medieval\u0103 a Sucevei, care este \u00een curs de renovare, \u0219i muzeul etnografic, care prezint\u0103 tehnici tradi\u021bionale care respect\u0103 mediul. De asemenea, a fost discutat\u0103 desp\u0103durirea \u00een Rom\u00e2nia. Dup\u0103-amiaza a fost dedicat\u0103 unei vizite la muzeul ou\u0103lor pictate, o tradi\u021bie regional\u0103, \u0219i la un atelier tipic de ceramic\u0103 neagr\u0103.<\/p>\n<p><strong>Luni diminea\u021ba (10.30 &#8211; 12.30): \u00cent\u00e2lniri la Institutul Francez<\/strong><\/p>\n<p>\u00cenainte de plecare, am avut pl\u0103cerea de a ne \u00eent\u00e2lni cu directorul Institutului Francez din Ia\u0219i \u0219i cu personalul de la mediateca institutului. A fost o ocazie de a discuta despre leg\u0103turile dintre Fran\u021ba \u0219i Rom\u00e2nia, \u00een special \u00een domeniile culturii \u0219i limbilor str\u0103ine, \u0219i de a explora posibilit\u0103\u021bile de colaborare viitoare.  <\/p>\n\t\t\t\t\t\t\t\t<\/div>\n\t\t\t\t<\/div>\n\t\t\t\t<\/div>\n\t\t<div class=\"elementor-element elementor-element-cc14da6 e-con-full e-flex e-con e-child\" data-id=\"cc14da6\" data-element_type=\"container\" data-e-type=\"container\">\n\t\t<div class=\"elementor-element elementor-element-6381192 e-con-full e-flex e-con e-child\" data-id=\"6381192\" data-element_type=\"container\" data-e-type=\"container\">\n\t\t\t\t<div class=\"elementor-element elementor-element-7063c40 elementor-widget elementor-widget-image\" data-id=\"7063c40\" data-element_type=\"widget\" data-e-type=\"widget\" data-widget_type=\"image.default\">\n\t\t\t\t<div class=\"elementor-widget-container\">\n\t\t\t\t\t\t\t\t\t\t\t\t\t\t\t<img fetchpriority=\"high\" decoding=\"async\" width=\"768\" height=\"346\" src=\"https:\/\/eniede.eu\/wp-content\/uploads\/2024\/07\/20240419_100345-1-768x346.jpg\" class=\"attachment-medium_large size-medium_large wp-image-2318\" alt=\"\" srcset=\"https:\/\/eniede.eu\/wp-content\/uploads\/2024\/07\/20240419_100345-1-768x346.jpg 768w, https:\/\/eniede.eu\/wp-content\/uploads\/2024\/07\/20240419_100345-1-300x135.jpg 300w, https:\/\/eniede.eu\/wp-content\/uploads\/2024\/07\/20240419_100345-1-1024x461.jpg 1024w, https:\/\/eniede.eu\/wp-content\/uploads\/2024\/07\/20240419_100345-1-1536x692.jpg 1536w, https:\/\/eniede.eu\/wp-content\/uploads\/2024\/07\/20240419_100345-1-2048x922.jpg 2048w\" sizes=\"(max-width: 768px) 100vw, 768px\" \/>\t\t\t\t\t\t\t\t\t\t\t\t\t\t\t<\/div>\n\t\t\t\t<\/div>\n\t\t\t\t<div class=\"elementor-element elementor-element-f04de46 elementor-widget elementor-widget-spacer\" data-id=\"f04de46\" data-element_type=\"widget\" data-e-type=\"widget\" data-widget_type=\"spacer.default\">\n\t\t\t\t<div class=\"elementor-widget-container\">\n\t\t\t\t\t\t\t<div class=\"elementor-spacer\">\n\t\t\t<div class=\"elementor-spacer-inner\"><\/div>\n\t\t<\/div>\n\t\t\t\t\t\t<\/div>\n\t\t\t\t<\/div>\n\t\t<div class=\"elementor-element elementor-element-c84a63f e-con-full e-flex e-con e-child\" data-id=\"c84a63f\" data-element_type=\"container\" data-e-type=\"container\">\n\t\t\t\t<div class=\"elementor-element elementor-element-b571537 elementor-widget elementor-widget-image\" data-id=\"b571537\" data-element_type=\"widget\" data-e-type=\"widget\" data-widget_type=\"image.default\">\n\t\t\t\t<div class=\"elementor-widget-container\">\n\t\t\t\t\t\t\t\t\t\t\t\t\t\t\t<img decoding=\"async\" width=\"1024\" height=\"461\" src=\"https:\/\/eniede.eu\/wp-content\/uploads\/2024\/07\/20240418_084953-1024x461.jpg\" class=\"attachment-large size-large wp-image-2308\" alt=\"\" srcset=\"https:\/\/eniede.eu\/wp-content\/uploads\/2024\/07\/20240418_084953-1024x461.jpg 1024w, https:\/\/eniede.eu\/wp-content\/uploads\/2024\/07\/20240418_084953-300x135.jpg 300w, https:\/\/eniede.eu\/wp-content\/uploads\/2024\/07\/20240418_084953-768x346.jpg 768w, https:\/\/eniede.eu\/wp-content\/uploads\/2024\/07\/20240418_084953-1536x692.jpg 1536w, https:\/\/eniede.eu\/wp-content\/uploads\/2024\/07\/20240418_084953-2048x922.jpg 2048w\" sizes=\"(max-width: 1024px) 100vw, 1024px\" \/>\t\t\t\t\t\t\t\t\t\t\t\t\t\t\t<\/div>\n\t\t\t\t<\/div>\n\t\t\t\t<div class=\"elementor-element elementor-element-78ca95e elementor-widget elementor-widget-spacer\" data-id=\"78ca95e\" data-element_type=\"widget\" data-e-type=\"widget\" data-widget_type=\"spacer.default\">\n\t\t\t\t<div class=\"elementor-widget-container\">\n\t\t\t\t\t\t\t<div class=\"elementor-spacer\">\n\t\t\t<div class=\"elementor-spacer-inner\"><\/div>\n\t\t<\/div>\n\t\t\t\t\t\t<\/div>\n\t\t\t\t<\/div>\n\t\t\t\t<div class=\"elementor-element elementor-element-1c9e164 elementor-widget elementor-widget-image\" data-id=\"1c9e164\" data-element_type=\"widget\" data-e-type=\"widget\" data-widget_type=\"image.default\">\n\t\t\t\t<div class=\"elementor-widget-container\">\n\t\t\t\t\t\t\t\t\t\t\t\t\t\t\t<img decoding=\"async\" width=\"225\" height=\"300\" src=\"https:\/\/eniede.eu\/wp-content\/uploads\/2024\/07\/IMG-20240419-WA0001-1-225x300.jpg\" class=\"attachment-medium size-medium wp-image-2323\" alt=\"\" srcset=\"https:\/\/eniede.eu\/wp-content\/uploads\/2024\/07\/IMG-20240419-WA0001-1-225x300.jpg 225w, https:\/\/eniede.eu\/wp-content\/uploads\/2024\/07\/IMG-20240419-WA0001-1-768x1024.jpg 768w, https:\/\/eniede.eu\/wp-content\/uploads\/2024\/07\/IMG-20240419-WA0001-1-1152x1536.jpg 1152w, https:\/\/eniede.eu\/wp-content\/uploads\/2024\/07\/IMG-20240419-WA0001-1.jpg 1536w\" sizes=\"(max-width: 225px) 100vw, 225px\" \/>\t\t\t\t\t\t\t\t\t\t\t\t\t\t\t<\/div>\n\t\t\t\t<\/div>\n\t\t\t\t<\/div>\n\t\t\t\t<\/div>\n\t\t\t\t<\/div>\n\t\t\t\t\t<\/div>\n\t\t\t\t<\/div>\n\t\t<div class=\"elementor-element elementor-element-1ceff99 e-flex e-con-boxed e-con e-parent\" data-id=\"1ceff99\" data-element_type=\"container\" data-e-type=\"container\">\n\t\t\t\t\t<div class=\"e-con-inner\">\n\t\t<div class=\"elementor-element elementor-element-1330454 e-con-full e-flex e-con e-child\" data-id=\"1330454\" data-element_type=\"container\" data-e-type=\"container\">\n\t\t\t\t<div class=\"elementor-element elementor-element-eb63044 elementor-widget elementor-widget-image\" data-id=\"eb63044\" data-element_type=\"widget\" data-e-type=\"widget\" data-widget_type=\"image.default\">\n\t\t\t\t<div class=\"elementor-widget-container\">\n\t\t\t\t\t\t\t\t\t\t\t\t\t\t\t<img loading=\"lazy\" decoding=\"async\" width=\"308\" height=\"733\" src=\"https:\/\/eniede.eu\/wp-content\/uploads\/2024\/07\/Capture-decran-2024-07-09-a-15.51.24.png\" class=\"attachment-large size-large wp-image-2328\" alt=\"\" srcset=\"https:\/\/eniede.eu\/wp-content\/uploads\/2024\/07\/Capture-decran-2024-07-09-a-15.51.24.png 308w, https:\/\/eniede.eu\/wp-content\/uploads\/2024\/07\/Capture-decran-2024-07-09-a-15.51.24-126x300.png 126w\" sizes=\"(max-width: 308px) 100vw, 308px\" \/>\t\t\t\t\t\t\t\t\t\t\t\t\t\t\t<\/div>\n\t\t\t\t<\/div>\n\t\t\t\t<\/div>\n\t\t\t\t<div class=\"elementor-element elementor-element-8503b62 elementor-widget elementor-widget-image\" data-id=\"8503b62\" data-element_type=\"widget\" data-e-type=\"widget\" data-widget_type=\"image.default\">\n\t\t\t\t<div class=\"elementor-widget-container\">\n\t\t\t\t\t\t\t\t\t\t\t\t\t\t\t<img loading=\"lazy\" decoding=\"async\" width=\"324\" height=\"697\" src=\"https:\/\/eniede.eu\/wp-content\/uploads\/2024\/07\/Capture-decran-2024-07-09-a-15.57.06.png\" class=\"attachment-large size-large wp-image-2338\" alt=\"\" srcset=\"https:\/\/eniede.eu\/wp-content\/uploads\/2024\/07\/Capture-decran-2024-07-09-a-15.57.06.png 324w, https:\/\/eniede.eu\/wp-content\/uploads\/2024\/07\/Capture-decran-2024-07-09-a-15.57.06-139x300.png 139w\" sizes=\"(max-width: 324px) 100vw, 324px\" \/>\t\t\t\t\t\t\t\t\t\t\t\t\t\t\t<\/div>\n\t\t\t\t<\/div>\n\t\t<div class=\"elementor-element elementor-element-70ed6cf e-con-full e-flex e-con e-child\" data-id=\"70ed6cf\" data-element_type=\"container\" data-e-type=\"container\">\n\t\t\t\t<div class=\"elementor-element elementor-element-01c9fb7 elementor-widget elementor-widget-image\" data-id=\"01c9fb7\" data-element_type=\"widget\" data-e-type=\"widget\" data-widget_type=\"image.default\">\n\t\t\t\t<div class=\"elementor-widget-container\">\n\t\t\t\t\t\t\t\t\t\t\t\t\t\t\t<img loading=\"lazy\" decoding=\"async\" width=\"313\" height=\"730\" src=\"https:\/\/eniede.eu\/wp-content\/uploads\/2024\/07\/Capture-decran-2024-07-09-a-15.55.58.png\" class=\"attachment-large size-large wp-image-2333\" alt=\"\" srcset=\"https:\/\/eniede.eu\/wp-content\/uploads\/2024\/07\/Capture-decran-2024-07-09-a-15.55.58.png 313w, https:\/\/eniede.eu\/wp-content\/uploads\/2024\/07\/Capture-decran-2024-07-09-a-15.55.58-129x300.png 129w\" sizes=\"(max-width: 313px) 100vw, 313px\" \/>\t\t\t\t\t\t\t\t\t\t\t\t\t\t\t<\/div>\n\t\t\t\t<\/div>\n\t\t\t\t<\/div>\n\t\t\t\t\t<\/div>\n\t\t\t\t<\/div>\n\t\t<div class=\"elementor-element elementor-element-0076fd6 e-flex e-con-boxed e-con e-parent\" data-id=\"0076fd6\" data-element_type=\"container\" data-e-type=\"container\">\n\t\t\t\t\t<div class=\"e-con-inner\">\n\t\t\t\t<div class=\"elementor-element elementor-element-b0ef436 elementor-widget elementor-widget-spacer\" data-id=\"b0ef436\" data-element_type=\"widget\" data-e-type=\"widget\" data-widget_type=\"spacer.default\">\n\t\t\t\t<div class=\"elementor-widget-container\">\n\t\t\t\t\t\t\t<div class=\"elementor-spacer\">\n\t\t\t<div class=\"elementor-spacer-inner\"><\/div>\n\t\t<\/div>\n\t\t\t\t\t\t<\/div>\n\t\t\t\t<\/div>\n\t\t\t\t\t<\/div>\n\t\t\t\t<\/div>\n\t\t<div class=\"elementor-element elementor-element-22d5bc4 e-flex e-con-boxed e-con e-parent\" data-id=\"22d5bc4\" data-element_type=\"container\" data-e-type=\"container\">\n\t\t\t\t\t<div class=\"e-con-inner\">\n\t\t<div class=\"elementor-element elementor-element-ede4b91 e-con-full e-flex e-con e-child\" data-id=\"ede4b91\" data-element_type=\"container\" data-e-type=\"container\">\n\t\t\t\t<div class=\"elementor-element elementor-element-83ef395 elementor-widget elementor-widget-image\" data-id=\"83ef395\" data-element_type=\"widget\" data-e-type=\"widget\" data-widget_type=\"image.default\">\n\t\t\t\t<div class=\"elementor-widget-container\">\n\t\t\t\t\t\t\t\t\t\t\t\t\t\t\t<img loading=\"lazy\" decoding=\"async\" width=\"300\" height=\"135\" src=\"https:\/\/eniede.eu\/wp-content\/uploads\/2024\/07\/20240421_131836-300x135.jpg\" class=\"attachment-medium size-medium wp-image-2313\" alt=\"\" srcset=\"https:\/\/eniede.eu\/wp-content\/uploads\/2024\/07\/20240421_131836-300x135.jpg 300w, https:\/\/eniede.eu\/wp-content\/uploads\/2024\/07\/20240421_131836-1024x461.jpg 1024w, https:\/\/eniede.eu\/wp-content\/uploads\/2024\/07\/20240421_131836-768x346.jpg 768w, https:\/\/eniede.eu\/wp-content\/uploads\/2024\/07\/20240421_131836-1536x692.jpg 1536w, https:\/\/eniede.eu\/wp-content\/uploads\/2024\/07\/20240421_131836-2048x922.jpg 2048w\" sizes=\"(max-width: 300px) 100vw, 300px\" \/>\t\t\t\t\t\t\t\t\t\t\t\t\t\t\t<\/div>\n\t\t\t\t<\/div>\n\t\t\t\t<\/div>\n\t\t\t\t<div class=\"elementor-element elementor-element-dd3ad84 elementor-widget elementor-widget-text-editor\" data-id=\"dd3ad84\" data-element_type=\"widget\" data-e-type=\"widget\" data-widget_type=\"text-editor.default\">\n\t\t\t\t<div class=\"elementor-widget-container\">\n\t\t\t\t\t\t\t\t\t<p>Aceast\u0103 a treia mobilitate a fost o experien\u021b\u0103 \u00eembog\u0103\u021bitoare. Obiectivele au fost atinse, permi\u021b\u00e2nd observarea practicilor didactice rom\u00e2ne\u0219ti, contactul direct cu elevii \u0219i schimbul de bune practici \u00een domeniul dezvolt\u0103rii durabile. Cooperarea interna\u021bional\u0103 \u00eentre profesori a fost consolidat\u0103, deschiz\u00e2nd calea pentru noi etape ale proiectului.<\/p>\n\t\t\t\t\t\t\t\t<\/div>\n\t\t\t\t<\/div>\n\t\t\t\t\t<\/div>\n\t\t\t\t<\/div>\n\t\t\t\t<\/div>\n\t\t","protected":false},"excerpt":{"rendered":"<p>Cel de-al treilea eveniment de mobilitate al proiectului a avut loc \u00een aprilie 2024 \u0219i a reunit perechea din Rom\u00e2nia cu Dorina \u0219i Mihaela \u0219i Ch\u00e2lons-en-Champagne reprezentat\u0103 de Lionel \u0219i Claire. Aceasta urmeaz\u0103 primei mut\u0103ri, care a avut loc \u00een noiembrie 2023 \u00een Champagne. Aceast\u0103 mobilitate a urm\u0103rit s\u0103 : Observarea practicilor didactice utilizate de [&hellip;]<\/p>\n","protected":false},"author":1,"featured_media":0,"parent":0,"menu_order":0,"comment_status":"closed","ping_status":"closed","template":"","meta":{"footnotes":""},"class_list":["post-2342","page","type-page","status-publish","hentry","entry"],"_links":{"self":[{"href":"https:\/\/eniede.eu\/ro\/wp-json\/wp\/v2\/pages\/2342","targetHints":{"allow":["GET"]}}],"collection":[{"href":"https:\/\/eniede.eu\/ro\/wp-json\/wp\/v2\/pages"}],"about":[{"href":"https:\/\/eniede.eu\/ro\/wp-json\/wp\/v2\/types\/page"}],"author":[{"embeddable":true,"href":"https:\/\/eniede.eu\/ro\/wp-json\/wp\/v2\/users\/1"}],"replies":[{"embeddable":true,"href":"https:\/\/eniede.eu\/ro\/wp-json\/wp\/v2\/comments?post=2342"}],"version-history":[{"count":3,"href":"https:\/\/eniede.eu\/ro\/wp-json\/wp\/v2\/pages\/2342\/revisions"}],"predecessor-version":[{"id":2347,"href":"https:\/\/eniede.eu\/ro\/wp-json\/wp\/v2\/pages\/2342\/revisions\/2347"}],"wp:attachment":[{"href":"https:\/\/eniede.eu\/ro\/wp-json\/wp\/v2\/media?parent=2342"}],"curies":[{"name":"wp","href":"https:\/\/api.w.org\/{rel}","templated":true}]}}