{"id":2462,"date":"2024-07-10T12:36:07","date_gmt":"2024-07-10T12:36:07","guid":{"rendered":"https:\/\/eniede.eu\/eniede-la-scoala-europeana-bruxelles-iii-belgia\/"},"modified":"2024-07-10T12:37:18","modified_gmt":"2024-07-10T12:37:18","slug":"eniede-la-scoala-europeana-bruxelles-iii-belgia","status":"publish","type":"page","link":"https:\/\/eniede.eu\/ro\/eniede-la-scoala-europeana-bruxelles-iii-belgia\/","title":{"rendered":"ENIEDE la \u0218coala European\u0103 Bruxelles III (Belgia)"},"content":{"rendered":"\t\t<div data-elementor-type=\"wp-page\" data-elementor-id=\"2462\" class=\"elementor elementor-2462 elementor-2438\">\n\t\t\t\t<div class=\"elementor-element elementor-element-4e77b45 e-flex e-con-boxed e-con e-parent\" data-id=\"4e77b45\" data-element_type=\"container\" data-e-type=\"container\">\n\t\t\t\t\t<div class=\"e-con-inner\">\n\t\t\t\t<div class=\"elementor-element elementor-element-a624a07 elementor-widget elementor-widget-text-editor\" data-id=\"a624a07\" data-element_type=\"widget\" data-e-type=\"widget\" data-widget_type=\"text-editor.default\">\n\t\t\t\t<div class=\"elementor-widget-container\">\n\t\t\t\t\t\t\t\t\t<p>Al cincilea eveniment de mobilitate din cadrul proiectului ENIEDE a avut loc recent la \u0218coala European\u0103 din Bruxelles III, reunindu-le pe Linda \u0219i Marie de la \u0219colile primare Saint Roch din Avignon. Aceast\u0103 vizit\u0103 a urmat c\u0103l\u0103toriei la Avignon din martie anul trecut \u0219i a avut loc \u00een cadrul unic al acestei \u0219coli europene.<\/p>\n<p>\u0218coala European\u0103 Bruxelles III se remarc\u0103 prin sistemul s\u0103u special de educa\u021bie, conceput pentru a r\u0103spunde nevoilor copiilor personalului institu\u021biilor europene. Elevii sunt \u00eemp\u0103r\u021bi\u021bi \u00een \u0219apte sec\u021biuni na\u021bionale (francez\u0103, german\u0103, greac\u0103, ceh\u0103, englez\u0103, olandez\u0103 \u0219i italian\u0103) \u0219i urmeaz\u0103 cursurile din \u021bara lor de origine. \u00cen fiecare zi, ei se \u00eent\u00e2lnesc timp de 45 de minute (30 de minute pentru cei mai tineri) pentru a doua lor clas\u0103 de limb\u0103, iar \u00een cadrul acestei clase au luat parte la proiectul ENIEDE. \u0218coala a primit recent eticheta de \u0219coal\u0103 ecologic\u0103, \u00een semn de recunoa\u0219tere a eforturilor sale de a promova dezvoltarea durabil\u0103.<\/p>\n<p>Obiectivele programului de mobilitate au fost:<\/p>\n<ul>\n<li>Descoperi\u021bi sistemul \u0219colar european.<\/li>\n<li>\u00cen\u021belege\u021bi cum a fost integrat un sat \u00een acest context.<\/li>\n<li>Afla\u021bi ce fac elevii \u0219i \u0219coala.<\/li>\n<li>Schimbul de idei \u0219i organizarea de ateliere pe tema Obiectivelor de dezvoltare durabil\u0103 (ODD).<\/li>\n<li>Evalua\u021bi proiectul.<\/li>\n<\/ul>\n\t\t\t\t\t\t\t\t<\/div>\n\t\t\t\t<\/div>\n\t\t\t\t\t<\/div>\n\t\t\t\t<\/div>\n\t\t<div class=\"elementor-element elementor-element-c8c9b6b e-flex e-con-boxed e-con e-parent\" data-id=\"c8c9b6b\" data-element_type=\"container\" data-e-type=\"container\">\n\t\t\t\t\t<div class=\"e-con-inner\">\n\t\t\t\t<div class=\"elementor-element elementor-element-1514904 elementor-widget elementor-widget-spacer\" data-id=\"1514904\" data-element_type=\"widget\" data-e-type=\"widget\" data-widget_type=\"spacer.default\">\n\t\t\t\t<div class=\"elementor-widget-container\">\n\t\t\t\t\t\t\t<div class=\"elementor-spacer\">\n\t\t\t<div class=\"elementor-spacer-inner\"><\/div>\n\t\t<\/div>\n\t\t\t\t\t\t<\/div>\n\t\t\t\t<\/div>\n\t\t\t\t\t<\/div>\n\t\t\t\t<\/div>\n\t\t<div class=\"elementor-element elementor-element-c4a91a2 e-flex e-con-boxed e-con e-parent\" data-id=\"c4a91a2\" data-element_type=\"container\" data-e-type=\"container\">\n\t\t\t\t\t<div class=\"e-con-inner\">\n\t\t<div class=\"elementor-element elementor-element-3dea67c e-con-full e-flex e-con e-child\" data-id=\"3dea67c\" data-element_type=\"container\" data-e-type=\"container\">\n\t\t\t\t<div class=\"elementor-element elementor-element-c367ec2 elementor-widget elementor-widget-heading\" data-id=\"c367ec2\" data-element_type=\"widget\" data-e-type=\"widget\" data-widget_type=\"heading.default\">\n\t\t\t\t<div class=\"elementor-widget-container\">\n\t\t\t\t\t<h2 class=\"elementor-heading-title elementor-size-default\">Program \u0219i orar\n<\/h2>\t\t\t\t<\/div>\n\t\t\t\t<\/div>\n\t\t\t\t<div class=\"elementor-element elementor-element-9248af2 elementor-widget elementor-widget-text-editor\" data-id=\"9248af2\" data-element_type=\"widget\" data-e-type=\"widget\" data-widget_type=\"text-editor.default\">\n\t\t\t\t<div class=\"elementor-widget-container\">\n\t\t\t\t\t\t\t\t\t<p><strong>Luni: Observare \u0219i descoperire<\/strong><\/p>\n<p>Ziua a \u00eenceput cu observarea clasei P5 (CM2) \u00een timpul unei activit\u0103\u021bi privind ODD-urile. Elevii au revizuit diversele ac\u021biuni desf\u0103\u0219urate \u00een \u0219coal\u0103 de la \u00eenceputul anului, d\u00e2ndu-\u0219i seama c\u0103 nu au realizat pe deplin leg\u0103tura lor cu ODD-urile studiate \u00een lec\u021biile de francez\u0103 din octombrie. Am observat apoi lec\u021biile de francez\u0103 din clasele P2 (CE1) \u0219i P1 (CP), care au fost neobi\u0219nuite prin faptul c\u0103 au durat doar 30 de minute fiecare. \u00cen cele din urm\u0103, o clas\u0103 P4 (CM1) ne-a permis s\u0103 vedem cum elevii clasific\u0103 diverse ac\u021biuni cotidiene \u00een func\u021bie de durabilitatea lor, \u00eenso\u021bi\u021bi de adul\u021bi pentru a le extinde ra\u021bionamentul.<\/p>\n<p><strong>Mar\u021bi: Practic\u0103 \u0219i ac\u021biune<\/strong><\/p>\n<p>Ziua a \u00eenceput \u00een acela\u0219i mod cu clasa P5, continu\u00e2nd activitatea din ziua precedent\u0103 prin clasificarea ac\u021biunilor desf\u0103\u0219urate \u00een cadrul ODD-urilor corespunz\u0103toare \u0219i crearea de postere pentru expozi\u021bia planificat\u0103 pentru Ziua P\u0103m\u00e2ntului din ziua urm\u0103toare. Dup\u0103 clasele P2 \u0219i P1, clasa P4 \u0219i-a continuat activitatea de arhivare \u0219i de creare de postere. Ziua a fost, de asemenea, dedicat\u0103 unei evalu\u0103ri aprofundate a proiectului, cu accent pe valoarea competen\u021belor elevilor \u00een cadrul proiectului ENIEDE.<\/p>\n<p><strong>Miercuri: Ziua interna\u021bional\u0103 a P\u0103m\u00e2ntului<\/strong><\/p>\n<p>Diminea\u021ba a fost dedicat\u0103 afi\u0219\u0103rii \u00een holul \u0219colii a posterelor create de elevii P5, \u00eempreun\u0103 cu ODD-urile \u0219i ac\u021biunile corespunz\u0103toare. Au urmat clasele P2 \u0219i P1, iar apoi elevii P4 au identificat ac\u021biunile \u0219colii \u0219i sursele de informare pentru a le g\u0103si. Ziua a fost o oportunitate de a eviden\u021bia eforturile colective \u0219i de a s\u0103rb\u0103tori Ziua P\u0103m\u00e2ntului \u00eentr-un mod semnificativ.<\/p>\n\t\t\t\t\t\t\t\t<\/div>\n\t\t\t\t<\/div>\n\t\t\t\t<\/div>\n\t\t<div class=\"elementor-element elementor-element-cc14da6 e-con-full e-flex e-con e-child\" data-id=\"cc14da6\" data-element_type=\"container\" data-e-type=\"container\">\n\t\t<div class=\"elementor-element elementor-element-6381192 e-con-full e-flex e-con e-child\" data-id=\"6381192\" data-element_type=\"container\" data-e-type=\"container\">\n\t\t\t\t<div class=\"elementor-element elementor-element-7063c40 elementor-widget elementor-widget-image\" data-id=\"7063c40\" data-element_type=\"widget\" data-e-type=\"widget\" data-widget_type=\"image.default\">\n\t\t\t\t<div class=\"elementor-widget-container\">\n\t\t\t\t\t\t\t\t\t\t\t\t\t\t\t<img fetchpriority=\"high\" decoding=\"async\" width=\"768\" height=\"1024\" src=\"https:\/\/eniede.eu\/wp-content\/uploads\/2024\/07\/IMG_2003-768x1024.jpg\" class=\"attachment-medium_large size-medium_large wp-image-2449\" alt=\"\" srcset=\"https:\/\/eniede.eu\/wp-content\/uploads\/2024\/07\/IMG_2003-768x1024.jpg 768w, https:\/\/eniede.eu\/wp-content\/uploads\/2024\/07\/IMG_2003-225x300.jpg 225w, https:\/\/eniede.eu\/wp-content\/uploads\/2024\/07\/IMG_2003-1152x1536.jpg 1152w, https:\/\/eniede.eu\/wp-content\/uploads\/2024\/07\/IMG_2003-1536x2048.jpg 1536w, https:\/\/eniede.eu\/wp-content\/uploads\/2024\/07\/IMG_2003-scaled.jpg 1920w\" sizes=\"(max-width: 768px) 100vw, 768px\" \/>\t\t\t\t\t\t\t\t\t\t\t\t\t\t\t<\/div>\n\t\t\t\t<\/div>\n\t\t<div class=\"elementor-element elementor-element-c84a63f e-con-full e-flex e-con e-child\" data-id=\"c84a63f\" data-element_type=\"container\" data-e-type=\"container\">\n\t\t\t\t<div class=\"elementor-element elementor-element-78ca95e elementor-widget elementor-widget-spacer\" data-id=\"78ca95e\" data-element_type=\"widget\" data-e-type=\"widget\" data-widget_type=\"spacer.default\">\n\t\t\t\t<div class=\"elementor-widget-container\">\n\t\t\t\t\t\t\t<div class=\"elementor-spacer\">\n\t\t\t<div class=\"elementor-spacer-inner\"><\/div>\n\t\t<\/div>\n\t\t\t\t\t\t<\/div>\n\t\t\t\t<\/div>\n\t\t\t\t<\/div>\n\t\t\t\t<\/div>\n\t\t\t\t<\/div>\n\t\t\t\t\t<\/div>\n\t\t\t\t<\/div>\n\t\t<div class=\"elementor-element elementor-element-0076fd6 e-flex e-con-boxed e-con e-parent\" data-id=\"0076fd6\" data-element_type=\"container\" data-e-type=\"container\">\n\t\t\t\t\t<div class=\"e-con-inner\">\n\t\t\t\t<div class=\"elementor-element elementor-element-b0ef436 elementor-widget elementor-widget-spacer\" data-id=\"b0ef436\" data-element_type=\"widget\" data-e-type=\"widget\" data-widget_type=\"spacer.default\">\n\t\t\t\t<div class=\"elementor-widget-container\">\n\t\t\t\t\t\t\t<div class=\"elementor-spacer\">\n\t\t\t<div class=\"elementor-spacer-inner\"><\/div>\n\t\t<\/div>\n\t\t\t\t\t\t<\/div>\n\t\t\t\t<\/div>\n\t\t\t\t\t<\/div>\n\t\t\t\t<\/div>\n\t\t<div class=\"elementor-element elementor-element-22d5bc4 e-flex e-con-boxed e-con e-parent\" data-id=\"22d5bc4\" data-element_type=\"container\" data-e-type=\"container\">\n\t\t\t\t\t<div class=\"e-con-inner\">\n\t\t<div class=\"elementor-element elementor-element-ede4b91 e-con-full e-flex e-con e-child\" data-id=\"ede4b91\" data-element_type=\"container\" data-e-type=\"container\">\n\t\t\t\t<div class=\"elementor-element elementor-element-83ef395 elementor-widget elementor-widget-image\" data-id=\"83ef395\" data-element_type=\"widget\" data-e-type=\"widget\" data-widget_type=\"image.default\">\n\t\t\t\t<div class=\"elementor-widget-container\">\n\t\t\t\t\t\t\t\t\t\t\t\t\t\t\t<img decoding=\"async\" width=\"300\" height=\"216\" src=\"https:\/\/eniede.eu\/wp-content\/uploads\/2024\/07\/IMG_1994-2-300x216.jpg\" class=\"attachment-medium size-medium wp-image-2444\" alt=\"\" srcset=\"https:\/\/eniede.eu\/wp-content\/uploads\/2024\/07\/IMG_1994-2-300x216.jpg 300w, https:\/\/eniede.eu\/wp-content\/uploads\/2024\/07\/IMG_1994-2-1024x737.jpg 1024w, https:\/\/eniede.eu\/wp-content\/uploads\/2024\/07\/IMG_1994-2-768x553.jpg 768w, https:\/\/eniede.eu\/wp-content\/uploads\/2024\/07\/IMG_1994-2-1536x1105.jpg 1536w, https:\/\/eniede.eu\/wp-content\/uploads\/2024\/07\/IMG_1994-2-2048x1474.jpg 2048w\" sizes=\"(max-width: 300px) 100vw, 300px\" \/>\t\t\t\t\t\t\t\t\t\t\t\t\t\t\t<\/div>\n\t\t\t\t<\/div>\n\t\t\t\t<\/div>\n\t\t\t\t<div class=\"elementor-element elementor-element-dd3ad84 elementor-widget elementor-widget-text-editor\" data-id=\"dd3ad84\" data-element_type=\"widget\" data-e-type=\"widget\" data-widget_type=\"text-editor.default\">\n\t\t\t\t<div class=\"elementor-widget-container\">\n\t\t\t\t\t\t\t\t\t<p>Aceast\u0103 a cincea mobilitate a fost o experien\u021b\u0103 \u00eembog\u0103\u021bitoare pentru to\u021bi participan\u021bii, oferind o imersiune \u00een sistemul european unic de educa\u021bie al \u0218colii Europene Bruxelles III \u0219i permi\u021b\u00e2nd schimburi fructuoase \u00een jurul ODD-urilor. Elevii nu numai c\u0103 au devenit con\u0219tien\u021bi de ac\u021biunile lor \u00een favoarea dezvolt\u0103rii durabile, dar au \u0219i contribuit activ la celebrarea Zilei P\u0103m\u00e2ntului, consolid\u00e2nd astfel obiectivele proiectului ENIEDE.<\/p>\n\t\t\t\t\t\t\t\t<\/div>\n\t\t\t\t<\/div>\n\t\t\t\t\t<\/div>\n\t\t\t\t<\/div>\n\t\t\t\t<\/div>\n\t\t","protected":false},"excerpt":{"rendered":"<p>Al cincilea eveniment de mobilitate din cadrul proiectului ENIEDE a avut loc recent la \u0218coala European\u0103 din Bruxelles III, reunindu-le pe Linda \u0219i Marie de la \u0219colile primare Saint Roch din Avignon. Aceast\u0103 vizit\u0103 a urmat c\u0103l\u0103toriei la Avignon din martie anul trecut \u0219i a avut loc \u00een cadrul unic al acestei \u0219coli europene. \u0218coala [&hellip;]<\/p>\n","protected":false},"author":1,"featured_media":0,"parent":0,"menu_order":0,"comment_status":"closed","ping_status":"closed","template":"","meta":{"footnotes":""},"class_list":["post-2462","page","type-page","status-publish","hentry","entry"],"_links":{"self":[{"href":"https:\/\/eniede.eu\/ro\/wp-json\/wp\/v2\/pages\/2462","targetHints":{"allow":["GET"]}}],"collection":[{"href":"https:\/\/eniede.eu\/ro\/wp-json\/wp\/v2\/pages"}],"about":[{"href":"https:\/\/eniede.eu\/ro\/wp-json\/wp\/v2\/types\/page"}],"author":[{"embeddable":true,"href":"https:\/\/eniede.eu\/ro\/wp-json\/wp\/v2\/users\/1"}],"replies":[{"embeddable":true,"href":"https:\/\/eniede.eu\/ro\/wp-json\/wp\/v2\/comments?post=2462"}],"version-history":[{"count":3,"href":"https:\/\/eniede.eu\/ro\/wp-json\/wp\/v2\/pages\/2462\/revisions"}],"predecessor-version":[{"id":2471,"href":"https:\/\/eniede.eu\/ro\/wp-json\/wp\/v2\/pages\/2462\/revisions\/2471"}],"wp:attachment":[{"href":"https:\/\/eniede.eu\/ro\/wp-json\/wp\/v2\/media?parent=2462"}],"curies":[{"name":"wp","href":"https:\/\/api.w.org\/{rel}","templated":true}]}}