{"id":2519,"date":"2024-07-10T13:11:33","date_gmt":"2024-07-10T13:11:33","guid":{"rendered":"https:\/\/eniede.eu\/eniede-la-a-4-a-scoala-din-preveza-grecia\/"},"modified":"2024-07-10T13:30:11","modified_gmt":"2024-07-10T13:30:11","slug":"eniede-la-a-4-a-scoala-din-preveza-grecia","status":"publish","type":"page","link":"https:\/\/eniede.eu\/ro\/eniede-la-a-4-a-scoala-din-preveza-grecia\/","title":{"rendered":"ENIEDE la a 4-a \u0219coal\u0103 din Prev\u00e9za (Grecia)"},"content":{"rendered":"\t\t<div data-elementor-type=\"wp-page\" data-elementor-id=\"2519\" class=\"elementor elementor-2519 elementor-2357\">\n\t\t\t\t<div class=\"elementor-element elementor-element-4e77b45 e-flex e-con-boxed e-con e-parent\" data-id=\"4e77b45\" data-element_type=\"container\" data-e-type=\"container\">\n\t\t\t\t\t<div class=\"e-con-inner\">\n\t\t\t\t<div class=\"elementor-element elementor-element-a624a07 elementor-widget elementor-widget-text-editor\" data-id=\"a624a07\" data-element_type=\"widget\" data-e-type=\"widget\" data-widget_type=\"text-editor.default\">\n\t\t\t\t<div class=\"elementor-widget-container\">\n\t\t\t\t\t\t\t\t\t<p>Cel de-al patrulea eveniment de mobilitate din cadrul proiectului nostru le-a adus \u00eempreun\u0103 pe Evi \u0219i Kyriaki din Grecia \u0219i pe Delphine \u0219i Myriam din Saint Palais. Programat\u0103 ini\u021bial pentru luna martie a acestui an, mutarea a avut loc abia \u00een mai 2024 din cauza schimb\u0103rilor administrative legate de \u00eenlocuirea partenerului nostru grec. Cei doi au lucrat \u00eempreun\u0103 de la distan\u021b\u0103 prin videoconferin\u021b\u0103 \u0219i documente comune pentru a finaliza primele dou\u0103 programe de predare din cadrul proiectului. \u00cen ultimul an, clasele au desf\u0103\u0219urat, de asemenea, activit\u0103\u021bi \u00een cadrul proiectului 1Village. A doua mutare pentru aceast\u0103 pereche este programat\u0103 pentru sf\u00e2r\u0219itul lunii iunie 2024 la Saint Palais, un termen mai scurt dec\u00e2t pentru celelalte perechi.<\/p>\n<p>Scopul acestei mobilit\u0103\u021bi a fost de a :<\/p>\n<ul>\n<li>Observarea practicilor didactice ale profesoarelor grece\u0219ti.<\/li>\n<li>S\u0103 permit\u0103 contactul direct \u00eentre profesorii francezi \u0219i copiii care iau parte la proiect.<\/li>\n<li>Schimbul de bune practici \u00een domeniul dezvolt\u0103rii durabile \u0219i al cooper\u0103rii interna\u021bionale.<\/li>\n<li>\u00cencurajarea cooper\u0103rii interna\u021bionale \u00eentre profesori ca parte a unui proiect educa\u021bional inovator.<\/li>\n<\/ul>\n\t\t\t\t\t\t\t\t<\/div>\n\t\t\t\t<\/div>\n\t\t\t\t\t<\/div>\n\t\t\t\t<\/div>\n\t\t<div class=\"elementor-element elementor-element-c8c9b6b e-flex e-con-boxed e-con e-parent\" data-id=\"c8c9b6b\" data-element_type=\"container\" data-e-type=\"container\">\n\t\t\t\t\t<div class=\"e-con-inner\">\n\t\t\t\t<div class=\"elementor-element elementor-element-1514904 elementor-widget elementor-widget-spacer\" data-id=\"1514904\" data-element_type=\"widget\" data-e-type=\"widget\" data-widget_type=\"spacer.default\">\n\t\t\t\t<div class=\"elementor-widget-container\">\n\t\t\t\t\t\t\t<div class=\"elementor-spacer\">\n\t\t\t<div class=\"elementor-spacer-inner\"><\/div>\n\t\t<\/div>\n\t\t\t\t\t\t<\/div>\n\t\t\t\t<\/div>\n\t\t\t\t\t<\/div>\n\t\t\t\t<\/div>\n\t\t<div class=\"elementor-element elementor-element-d5d4a64 e-flex e-con-boxed e-con e-parent\" data-id=\"d5d4a64\" data-element_type=\"container\" data-e-type=\"container\">\n\t\t\t\t\t<div class=\"e-con-inner\">\n\t\t<div class=\"elementor-element elementor-element-5919c3f e-con-full e-flex e-con e-child\" data-id=\"5919c3f\" data-element_type=\"container\" data-e-type=\"container\">\n\t\t<div class=\"elementor-element elementor-element-3dea67c e-con-full e-flex e-con e-child\" data-id=\"3dea67c\" data-element_type=\"container\" data-e-type=\"container\">\n\t\t\t\t<div class=\"elementor-element elementor-element-c367ec2 elementor-widget elementor-widget-heading\" data-id=\"c367ec2\" data-element_type=\"widget\" data-e-type=\"widget\" data-widget_type=\"heading.default\">\n\t\t\t\t<div class=\"elementor-widget-container\">\n\t\t\t\t\t<h2 class=\"elementor-heading-title elementor-size-default\">Program \u0219i orar\n<\/h2>\t\t\t\t<\/div>\n\t\t\t\t<\/div>\n\t\t\t\t<div class=\"elementor-element elementor-element-9248af2 elementor-widget elementor-widget-text-editor\" data-id=\"9248af2\" data-element_type=\"widget\" data-e-type=\"widget\" data-widget_type=\"text-editor.default\">\n\t\t\t\t<div class=\"elementor-widget-container\">\n\t\t\t\t\t\t\t\t\t<p><strong>Luni: Sosire \u00een Atena<\/strong><\/p>\n<p><strong>Mar\u021bi: Sosire la Pr\u00e9veza<\/strong><\/p>\n<p>C\u0103l\u0103toria a fost deosebit de lung\u0103, de la Saint Palais \u00een \u021aara Bascilor la Pr\u00e9veza \u00een nord-vestul Greciei (Epirus).<\/p>\n<p><strong>Miercuri (8.30am-1pm) : Descoperi\u021bi \u0219i observa\u021bi<\/strong><\/p>\n<p>Am participat la mai multe lec\u021bii de francez\u0103 pentru elevii de 6e (nivel A2). Acest lucru ne-a permis s\u0103 evalu\u0103m nivelul de limb\u0103 francez\u0103 al copiilor greci. De asemenea, am descoperit practicile \u0219colii \u00een ceea ce prive\u0219te educa\u021bia pentru dezvoltare durabil\u0103. Ini\u021biativele \u00een acest domeniu \u00een Grecia sunt adesea rare \u0219i neregulate, depinz\u00e2nd de ini\u021biativa profesorilor individuali.<\/p>\n<p>De asemenea, am observat o lec\u021bie de limba englez\u0103 sus\u021binut\u0103 de dna Dermitzaki pentru elevii din anul IV (CM1) implica\u021bi \u00eentr-un proiect eTwinning. Acest proiect, care a reunit aproximativ zece \u0219coli europene, a permis elevilor s\u0103 \u00ee\u0219i descopere \u0219i s\u0103 \u00ee\u0219i prezinte \u021bara \u00een limba englez\u0103. Dna Dermitzaki a oferit apoi formare \u00een utilizarea eTwinning profesorilor de la Saint Palais.<\/p>\n<p>Am organizat o videoconferin\u021b\u0103 \u00eentre copiii din Saint Palais \u0219i Pr\u00e9veza, care au corespondat prin intermediul platformei 1Village din octombrie anul trecut. Au f\u0103cut schimb de nume, au pus \u00eentreb\u0103ri \u0219i au c\u00e2ntat c\u00e2ntece \u00een francez\u0103, greac\u0103 \u0219i basc\u0103.<\/p>\n<p><strong>Joi (8.30am-1.00pm) : Reuniune pe tema Francofoniei<\/strong><\/p>\n<p>Ziua a \u00eenceput cu observarea unei lec\u021bii de limba englez\u0103 \u00een care elevii din clasa a 6-a \u0219i-au prezentat regiunea \u0219i \u0219i-au explicat mediul. Aceasta a fost urmat\u0103 de o activitate privind dezvoltarea durabil\u0103, bazat\u0103 pe Ziua Interna\u021bional\u0103 a P\u0103m\u00e2ntului, cu un videoclip explicativ \u0219i \u00eentreb\u0103ri de grup.<\/p>\n<p>Ziua a coincis cu prezentarea premiului Francofoniei de c\u0103tre Institutul Francez din Grecia. \u0218coala a IV-a din Pr\u00e9veza a c\u00e2\u0219tigat un premiu special \u00een cadrul unui concurs privind Jocurile Olimpice din 2024, unde copiii au prezentat sportivi francezi sau greci.<\/p>\n<p>De asemenea, am lucrat la secven\u021ba final\u0103 de predare pentru faza a treia a proiectului 1Village, elabor\u00e2nd un prim proiect care urmeaz\u0103 s\u0103 fie finalizat la distan\u021b\u0103.<\/p>\n<p>Ziua s-a \u00eencheiat cu o \u00eent\u00e2lnire hibrid\u0103 \u00eentre parteneri pentru a discuta observa\u021biile f\u0103cute pe parcursul celor dou\u0103 zile, urm\u0103rirea administrativ\u0103 \u0219i financiar\u0103 \u0219i evaluarea proiectului.<\/p>\n<p><strong>Vineri (09:00 &#8211; 13:00) : Vizit\u0103 la siturile culturale ale regiunii<\/strong><\/p>\n<p>Ultima zi a fost dedicat\u0103 vizitei unora dintre cele mai importante situri din regiune, inclusiv Muzeul Nicopolis \u0219i situl arheologic Nicopolis. Un accident rutier minor a \u00eentrerupt vizita, dar ne-a oferit ocazia de a ne \u00eent\u00e2lni cu poli\u021bia greac\u0103.<\/p>\n<p>Ne-am al\u0103turat profesorilor \u0219i elevilor \u00eentr-o excursie \u00een apropierea r\u00e2ului Archeon, discut\u00e2nd despre diferen\u021bele \u0219i asem\u0103n\u0103rile dintre sistemele \u0219colare, predarea ODD-urilor \u0219i alte subiecte educa\u021bionale.<\/p>\n<h4> <\/h4>\n\t\t\t\t\t\t\t\t<\/div>\n\t\t\t\t<\/div>\n\t\t\t\t<\/div>\n\t\t\t\t<\/div>\n\t\t<div class=\"elementor-element elementor-element-aaa4024 e-con-full e-flex e-con e-child\" data-id=\"aaa4024\" data-element_type=\"container\" data-e-type=\"container\">\n\t\t<div class=\"elementor-element elementor-element-3e2e5d9 e-con-full e-flex e-con e-child\" data-id=\"3e2e5d9\" data-element_type=\"container\" data-e-type=\"container\">\n\t\t<div class=\"elementor-element elementor-element-2b4c251 e-con-full e-flex e-con e-child\" data-id=\"2b4c251\" data-element_type=\"container\" data-e-type=\"container\">\n\t\t\t\t<div class=\"elementor-element elementor-element-0679203 elementor-widget elementor-widget-image\" data-id=\"0679203\" data-element_type=\"widget\" data-e-type=\"widget\" data-widget_type=\"image.default\">\n\t\t\t\t<div class=\"elementor-widget-container\">\n\t\t\t\t\t\t\t\t\t\t\t\t\t\t\t<img decoding=\"async\" src=\"https:\/\/eniede.eu\/wp-content\/plugins\/elementor\/assets\/images\/placeholder.png\" title=\"\" alt=\"\" loading=\"lazy\" \/>\t\t\t\t\t\t\t\t\t\t\t\t\t\t\t<\/div>\n\t\t\t\t<\/div>\n\t\t\t\t<\/div>\n\t\t\t\t<div class=\"elementor-element elementor-element-703e953 elementor-widget elementor-widget-spacer\" data-id=\"703e953\" data-element_type=\"widget\" data-e-type=\"widget\" data-widget_type=\"spacer.default\">\n\t\t\t\t<div class=\"elementor-widget-container\">\n\t\t\t\t\t\t\t<div class=\"elementor-spacer\">\n\t\t\t<div class=\"elementor-spacer-inner\"><\/div>\n\t\t<\/div>\n\t\t\t\t\t\t<\/div>\n\t\t\t\t<\/div>\n\t\t\t\t<div class=\"elementor-element elementor-element-b4536a7 elementor-widget elementor-widget-image\" data-id=\"b4536a7\" data-element_type=\"widget\" data-e-type=\"widget\" data-widget_type=\"image.default\">\n\t\t\t\t<div class=\"elementor-widget-container\">\n\t\t\t\t\t\t\t\t\t\t\t\t\t\t\t<img decoding=\"async\" src=\"https:\/\/eniede.eu\/wp-content\/plugins\/elementor\/assets\/images\/placeholder.png\" title=\"\" alt=\"\" loading=\"lazy\" \/>\t\t\t\t\t\t\t\t\t\t\t\t\t\t\t<\/div>\n\t\t\t\t<\/div>\n\t\t\t\t<div class=\"elementor-element elementor-element-23365cc elementor-widget elementor-widget-spacer\" data-id=\"23365cc\" data-element_type=\"widget\" data-e-type=\"widget\" data-widget_type=\"spacer.default\">\n\t\t\t\t<div class=\"elementor-widget-container\">\n\t\t\t\t\t\t\t<div class=\"elementor-spacer\">\n\t\t\t<div class=\"elementor-spacer-inner\"><\/div>\n\t\t<\/div>\n\t\t\t\t\t\t<\/div>\n\t\t\t\t<\/div>\n\t\t\t\t<\/div>\n\t\t<div class=\"elementor-element elementor-element-01f8fd2 e-con-full e-flex e-con e-child\" data-id=\"01f8fd2\" data-element_type=\"container\" data-e-type=\"container\">\n\t\t\t\t<div class=\"elementor-element elementor-element-49a89e5 elementor-widget elementor-widget-image\" data-id=\"49a89e5\" data-element_type=\"widget\" data-e-type=\"widget\" data-widget_type=\"image.default\">\n\t\t\t\t<div class=\"elementor-widget-container\">\n\t\t\t\t\t\t\t\t\t\t\t\t\t\t\t<img fetchpriority=\"high\" decoding=\"async\" width=\"1024\" height=\"461\" src=\"https:\/\/eniede.eu\/wp-content\/uploads\/2024\/07\/20240523_102033-1024x461.jpg\" class=\"attachment-large size-large wp-image-2368\" alt=\"\" srcset=\"https:\/\/eniede.eu\/wp-content\/uploads\/2024\/07\/20240523_102033-1024x461.jpg 1024w, https:\/\/eniede.eu\/wp-content\/uploads\/2024\/07\/20240523_102033-300x135.jpg 300w, https:\/\/eniede.eu\/wp-content\/uploads\/2024\/07\/20240523_102033-768x346.jpg 768w, https:\/\/eniede.eu\/wp-content\/uploads\/2024\/07\/20240523_102033-1536x692.jpg 1536w, https:\/\/eniede.eu\/wp-content\/uploads\/2024\/07\/20240523_102033-2048x922.jpg 2048w\" sizes=\"(max-width: 1024px) 100vw, 1024px\" \/>\t\t\t\t\t\t\t\t\t\t\t\t\t\t\t<\/div>\n\t\t\t\t<\/div>\n\t\t\t\t<\/div>\n\t\t\t\t<\/div>\n\t\t\t\t\t<\/div>\n\t\t\t\t<\/div>\n\t\t<div class=\"elementor-element elementor-element-3383513 e-flex e-con-boxed e-con e-parent\" data-id=\"3383513\" data-element_type=\"container\" data-e-type=\"container\">\n\t\t\t\t\t<div class=\"e-con-inner\">\n\t\t\t\t<div class=\"elementor-element elementor-element-8f62631 elementor-widget elementor-widget-spacer\" data-id=\"8f62631\" data-element_type=\"widget\" data-e-type=\"widget\" data-widget_type=\"spacer.default\">\n\t\t\t\t<div class=\"elementor-widget-container\">\n\t\t\t\t\t\t\t<div class=\"elementor-spacer\">\n\t\t\t<div class=\"elementor-spacer-inner\"><\/div>\n\t\t<\/div>\n\t\t\t\t\t\t<\/div>\n\t\t\t\t<\/div>\n\t\t\t\t\t<\/div>\n\t\t\t\t<\/div>\n\t\t<div class=\"elementor-element elementor-element-22d5bc4 e-flex e-con-boxed e-con e-parent\" data-id=\"22d5bc4\" data-element_type=\"container\" data-e-type=\"container\">\n\t\t\t\t\t<div class=\"e-con-inner\">\n\t\t<div class=\"elementor-element elementor-element-ede4b91 e-con-full e-flex e-con e-child\" data-id=\"ede4b91\" data-element_type=\"container\" data-e-type=\"container\">\n\t\t\t\t<\/div>\n\t\t\t\t<div class=\"elementor-element elementor-element-dd3ad84 elementor-widget elementor-widget-text-editor\" data-id=\"dd3ad84\" data-element_type=\"widget\" data-e-type=\"widget\" data-widget_type=\"text-editor.default\">\n\t\t\t\t<div class=\"elementor-widget-container\">\n\t\t\t\t\t\t\t\t\t<div class=\"mt-1 flex gap-3 empty:hidden juice:-ml-3\">\n<div class=\"items-center justify-start rounded-xl p-1 flex\">\n<div class=\"flex items-center\">\n<p>Aceast\u0103 a patra mobilitate a permis \u00eembog\u0103\u021birea schimburilor educa\u021bionale \u0219i consolidarea cooper\u0103rii \u00eentre profesorii greci \u0219i francezi. Provoc\u0103rile administrative \u0219i logistice au fost dep\u0103\u0219ite, iar obiectivele mobilit\u0103\u021bii au fost atinse, deschiz\u00e2nd calea pentru noi colabor\u0103ri \u0219i a doua mobilitate planificat\u0103 pentru iunie 2024 la Saint Palais.<\/p>\n<\/div>\n<\/div>\n<\/div>\n\t\t\t\t\t\t\t\t<\/div>\n\t\t\t\t<\/div>\n\t\t\t\t\t<\/div>\n\t\t\t\t<\/div>\n\t\t\t\t<\/div>\n\t\t","protected":false},"excerpt":{"rendered":"<p>Cel de-al patrulea eveniment de mobilitate din cadrul proiectului nostru le-a adus \u00eempreun\u0103 pe Evi \u0219i Kyriaki din Grecia \u0219i pe Delphine \u0219i Myriam din Saint Palais. Programat\u0103 ini\u021bial pentru luna martie a acestui an, mutarea a avut loc abia \u00een mai 2024 din cauza schimb\u0103rilor administrative legate de \u00eenlocuirea partenerului nostru grec. Cei doi [&hellip;]<\/p>\n","protected":false},"author":1,"featured_media":0,"parent":0,"menu_order":0,"comment_status":"closed","ping_status":"closed","template":"","meta":{"footnotes":""},"class_list":["post-2519","page","type-page","status-publish","hentry","entry"],"_links":{"self":[{"href":"https:\/\/eniede.eu\/ro\/wp-json\/wp\/v2\/pages\/2519","targetHints":{"allow":["GET"]}}],"collection":[{"href":"https:\/\/eniede.eu\/ro\/wp-json\/wp\/v2\/pages"}],"about":[{"href":"https:\/\/eniede.eu\/ro\/wp-json\/wp\/v2\/types\/page"}],"author":[{"embeddable":true,"href":"https:\/\/eniede.eu\/ro\/wp-json\/wp\/v2\/users\/1"}],"replies":[{"embeddable":true,"href":"https:\/\/eniede.eu\/ro\/wp-json\/wp\/v2\/comments?post=2519"}],"version-history":[{"count":3,"href":"https:\/\/eniede.eu\/ro\/wp-json\/wp\/v2\/pages\/2519\/revisions"}],"predecessor-version":[{"id":2524,"href":"https:\/\/eniede.eu\/ro\/wp-json\/wp\/v2\/pages\/2519\/revisions\/2524"}],"wp:attachment":[{"href":"https:\/\/eniede.eu\/ro\/wp-json\/wp\/v2\/media?parent=2519"}],"curies":[{"name":"wp","href":"https:\/\/api.w.org\/{rel}","templated":true}]}}