{"id":2952,"date":"2024-10-30T14:16:56","date_gmt":"2024-10-30T14:16:56","guid":{"rendered":"https:\/\/eniede.eu\/%f0%9f%96%a5%ef%b8%8f-aplauze\/"},"modified":"2024-10-30T15:52:50","modified_gmt":"2024-10-30T15:52:50","slug":"%f0%9f%96%a5%ef%b8%8f-aplauze","status":"publish","type":"page","link":"https:\/\/eniede.eu\/ro\/%f0%9f%96%a5%ef%b8%8f-aplauze\/","title":{"rendered":"\ud83d\udda5\ufe0f Aplauze!"},"content":{"rendered":"\t\t<div data-elementor-type=\"wp-page\" data-elementor-id=\"2952\" class=\"elementor elementor-2952 elementor-2924\">\n\t\t\t\t<div class=\"elementor-element elementor-element-ac9c6f4 e-flex e-con-boxed e-con e-parent\" data-id=\"ac9c6f4\" data-element_type=\"container\" data-e-type=\"container\">\n\t\t\t\t\t<div class=\"e-con-inner\">\n\t\t<div class=\"elementor-element elementor-element-89bf819 e-con-full e-flex e-con e-child\" data-id=\"89bf819\" data-element_type=\"container\" data-e-type=\"container\">\n\t\t<div class=\"elementor-element elementor-element-db5113d e-con-full e-flex e-con e-child\" data-id=\"db5113d\" data-element_type=\"container\" data-e-type=\"container\">\n\t\t<div class=\"elementor-element elementor-element-7510f84 e-con-full e-flex e-con e-child\" data-id=\"7510f84\" data-element_type=\"container\" data-e-type=\"container\">\n\t\t\t\t<div class=\"elementor-element elementor-element-2a1b8f8 elementor-widget elementor-widget-image\" data-id=\"2a1b8f8\" data-element_type=\"widget\" data-e-type=\"widget\" data-widget_type=\"image.default\">\n\t\t\t\t<div class=\"elementor-widget-container\">\n\t\t\t\t\t\t\t\t\t\t\t\t\t\t\t<img fetchpriority=\"high\" decoding=\"async\" width=\"1024\" height=\"668\" src=\"https:\/\/eniede.eu\/wp-content\/uploads\/2024\/08\/Capture-decran-2024-08-26-a-17.24.03-1024x668.png\" class=\"attachment-large size-large wp-image-2625\" alt=\"\" srcset=\"https:\/\/eniede.eu\/wp-content\/uploads\/2024\/08\/Capture-decran-2024-08-26-a-17.24.03-1024x668.png 1024w, https:\/\/eniede.eu\/wp-content\/uploads\/2024\/08\/Capture-decran-2024-08-26-a-17.24.03-300x196.png 300w, https:\/\/eniede.eu\/wp-content\/uploads\/2024\/08\/Capture-decran-2024-08-26-a-17.24.03-768x501.png 768w, https:\/\/eniede.eu\/wp-content\/uploads\/2024\/08\/Capture-decran-2024-08-26-a-17.24.03.png 1192w\" sizes=\"(max-width: 1024px) 100vw, 1024px\" \/>\t\t\t\t\t\t\t\t\t\t\t\t\t\t\t<\/div>\n\t\t\t\t<\/div>\n\t\t\t\t<\/div>\n\t\t\t\t<\/div>\n\t\t<div class=\"elementor-element elementor-element-e3d9cea e-con-full e-flex e-con e-child\" data-id=\"e3d9cea\" data-element_type=\"container\" data-e-type=\"container\">\n\t\t<div class=\"elementor-element elementor-element-f567787 e-con-full e-flex e-con e-child\" data-id=\"f567787\" data-element_type=\"container\" data-e-type=\"container\">\n\t\t\t\t<div class=\"elementor-element elementor-element-b1df8f4 elementor-widget elementor-widget-spacer\" data-id=\"b1df8f4\" data-element_type=\"widget\" data-e-type=\"widget\" data-widget_type=\"spacer.default\">\n\t\t\t\t<div class=\"elementor-widget-container\">\n\t\t\t\t\t\t\t<div class=\"elementor-spacer\">\n\t\t\t<div class=\"elementor-spacer-inner\"><\/div>\n\t\t<\/div>\n\t\t\t\t\t\t<\/div>\n\t\t\t\t<\/div>\n\t\t\t\t<div class=\"elementor-element elementor-element-5c6e1a3 elementor-widget__width-initial elementor-widget elementor-widget-text-editor\" data-id=\"5c6e1a3\" data-element_type=\"widget\" data-e-type=\"widget\" data-widget_type=\"text-editor.default\">\n\t\t\t\t<div class=\"elementor-widget-container\">\n\t\t\t\t\t\t\t\t\t<p><span style=\"color: var( --e-global-color-text ); font-family: var( --e-global-typography-text-font-family ), Sans-serif; font-weight: var( --e-global-typography-text-font-weight );\">Acest instrument accesibil \u0219i intuitiv v\u0103 permite s\u0103 combina\u021bi imagini, \u00eenregistr\u0103ri audio \u0219i muzic\u0103 pentru a crea prezent\u0103ri simple.<\/span><span style=\"color: var( --e-global-color-text ); font-family: var( --e-global-typography-text-font-family ), Sans-serif; font-weight: var( --e-global-typography-text-font-weight ); text-align: var(--text-align);\">Acesta ofer\u0103 o modalitate atractiv\u0103 \u0219i interactiv\u0103 de a transforma \u00eenv\u0103\u021barea \u00een produc\u021bii tangibile pe care elevii pot fi m\u00e2ndri s\u0103 le prezinte.<\/span><\/p>\n<p><span style=\"color: var( --e-global-color-text ); font-family: var( --e-global-typography-text-font-family ), Sans-serif; font-weight: var( --e-global-typography-text-font-weight ); text-align: var(--text-align);\">Acest instrument de produc\u021bie audiovizual\u0103 este o modalitate excelent\u0103 pentru elevi de a \u00eenv\u0103\u021ba o varietate de abilit\u0103\u021bi \u00een timp ce se distreaz\u0103 \u0219i \u00ee\u0219i exploreaz\u0103 creativitatea.\nEl \u00eembog\u0103\u021be\u0219te predarea \u0219i ofer\u0103 elevilor posibilitatea de a crea lucr\u0103ri digitale originale. <\/span><span style=\"color: var( --e-global-color-text ); font-family: var( --e-global-typography-text-font-family ), Sans-serif; font-weight: var( --e-global-typography-text-font-weight );\">&nbsp;<\/span><\/p>\n<p><strong><span style=\"color: var( --e-global-color-text ); font-family: var( --e-global-typography-text-font-family ), Sans-serif;\">Nu ezita\u021bi s\u0103 \u00eencerca\u021bi instrumentul f\u0103c\u00e2nd clic mai jos pentru a v\u0103 crea un cont \u0219i pentru a v\u0103 \u00eencepe prezent\u0103rile audio!&nbsp;<\/span><\/strong><\/p>\t\t\t\t\t\t\t\t<\/div>\n\t\t\t\t<\/div>\n\t\t\t\t<\/div>\n\t\t<div class=\"elementor-element elementor-element-469cb15 e-con-full e-flex e-con e-child\" data-id=\"469cb15\" data-element_type=\"container\" data-e-type=\"container\">\n\t\t\t\t<div class=\"elementor-element elementor-element-20072e7 elementor-widget elementor-widget-image\" data-id=\"20072e7\" data-element_type=\"widget\" data-e-type=\"widget\" data-widget_type=\"image.default\">\n\t\t\t\t<div class=\"elementor-widget-container\">\n\t\t\t\t\t\t\t\t\t\t\t\t\t\t\t\t<a href=\"https:\/\/clap.parlemonde.org\/\">\n\t\t\t\t\t\t\t<img decoding=\"async\" width=\"114\" height=\"36\" src=\"https:\/\/eniede.eu\/wp-content\/uploads\/2024\/09\/Capture-decran-2024-09-03-a-11.28.02.png\" class=\"attachment-full size-full wp-image-2708\" alt=\"\" \/>\t\t\t\t\t\t\t\t<\/a>\n\t\t\t\t\t\t\t\t\t\t\t\t\t\t\t<\/div>\n\t\t\t\t<\/div>\n\t\t\t\t<\/div>\n\t\t\t\t<\/div>\n\t\t\t\t<\/div>\n\t\t\t\t\t<\/div>\n\t\t\t\t<\/div>\n\t\t<div class=\"elementor-element elementor-element-a68f1ad e-flex e-con-boxed e-con e-parent\" data-id=\"a68f1ad\" data-element_type=\"container\" data-e-type=\"container\">\n\t\t\t\t\t<div class=\"e-con-inner\">\n\t\t\t\t<div class=\"elementor-element elementor-element-6089870 elementor-widget elementor-widget-spacer\" data-id=\"6089870\" data-element_type=\"widget\" data-e-type=\"widget\" data-widget_type=\"spacer.default\">\n\t\t\t\t<div class=\"elementor-widget-container\">\n\t\t\t\t\t\t\t<div class=\"elementor-spacer\">\n\t\t\t<div class=\"elementor-spacer-inner\"><\/div>\n\t\t<\/div>\n\t\t\t\t\t\t<\/div>\n\t\t\t\t<\/div>\n\t\t\t\t\t<\/div>\n\t\t\t\t<\/div>\n\t\t<div class=\"elementor-element elementor-element-e32b7f3 e-flex e-con-boxed e-con e-parent\" data-id=\"e32b7f3\" data-element_type=\"container\" data-e-type=\"container\">\n\t\t\t\t\t<div class=\"e-con-inner\">\n\t\t\t\t<div class=\"elementor-element elementor-element-d5c5871 elementor-widget elementor-widget-spacer\" data-id=\"d5c5871\" data-element_type=\"widget\" data-e-type=\"widget\" data-widget_type=\"spacer.default\">\n\t\t\t\t<div class=\"elementor-widget-container\">\n\t\t\t\t\t\t\t<div class=\"elementor-spacer\">\n\t\t\t<div class=\"elementor-spacer-inner\"><\/div>\n\t\t<\/div>\n\t\t\t\t\t\t<\/div>\n\t\t\t\t<\/div>\n\t\t\t\t\t<\/div>\n\t\t\t\t<\/div>\n\t\t<div class=\"elementor-element elementor-element-642b0ee e-flex e-con-boxed e-con e-parent\" data-id=\"642b0ee\" data-element_type=\"container\" data-e-type=\"container\">\n\t\t\t\t\t<div class=\"e-con-inner\">\n\t\t<div class=\"elementor-element elementor-element-7e570d8 e-con-full e-flex e-con e-child\" data-id=\"7e570d8\" data-element_type=\"container\" data-e-type=\"container\">\n\t\t<div class=\"elementor-element elementor-element-e939549 e-con-full e-flex e-con e-child\" data-id=\"e939549\" data-element_type=\"container\" data-e-type=\"container\">\n\t\t\t\t<div class=\"elementor-element elementor-element-ca484ab elementor-widget elementor-widget-text-editor\" data-id=\"ca484ab\" data-element_type=\"widget\" data-e-type=\"widget\" data-widget_type=\"text-editor.default\">\n\t\t\t\t<div class=\"elementor-widget-container\">\n\t\t\t\t\t\t\t\t\t<h3>Principalele caracteristici ale instrumentului :<\/h3>\n<ol>\n<li>\n<p><strong>Import media u\u0219or:<\/strong> Elevii pot importa fotografii, imagini \u0219i \u00eenregistr\u0103ri audio realizate de ei.<br \/>\nInstrumentul accept\u0103 o varietate de formate, f\u0103c\u00e2nd procesul simplu \u0219i potrivit pentru toate nivelurile. <\/p>\n<\/li>\n<li>\n<p><strong>Editare intuitiv\u0103:<\/strong> Datorit\u0103 interfe\u021bei drag-and-drop, utilizatorii \u00ee\u0219i pot organiza \u0219i asambla cu u\u0219urin\u021b\u0103 materialele media pe o cronologie.<br \/>\nEi pot ajusta durata diapozitivelor \u0219i pot sincroniza imaginile cu sunetul. <\/p>\n<\/li>\n<li>\n<p><strong>Ad\u0103uga\u021bi voice-over \u0219i muzic\u0103:<\/strong> Elevii \u00ee\u0219i pot \u00eenregistra propria nara\u021biune sau propriul comentariu pentru a \u00eenso\u021bi imaginile, cre\u00e2nd o nara\u021biune personalizat\u0103 \u0219i captivant\u0103.<br \/>\nInstrumentul ofer\u0103, de asemenea, op\u021biunea de a ad\u0103uga o coloan\u0103 sonor\u0103, prin selectarea \u0219i importarea propriei muzici.<br \/>\nsau muzic\u0103 liber\u0103 de drepturi de autor.  <\/p>\n<\/li>\n<li>\n<p><strong>Colaborare \u0219i partajare:<\/strong> Profesorii \u0219i elevii pot colabora \u00een timp real la un proiect, \u00eemp\u0103rt\u0103\u0219indu-\u0219i contribu\u021biile \u0219i f\u0103c\u00e2nd modific\u0103ri comune.<br \/>\nOdat\u0103 ce prezentarea de diapozitive este finalizat\u0103, aceasta poate fi exportat\u0103 pentru a fi prezentat\u0103 \u00een clas\u0103, partajat\u0103 online sau prezentat\u0103 la evenimente \u0219colare. <\/p>\n<\/li>\n<\/ol>\n\t\t\t\t\t\t\t\t<\/div>\n\t\t\t\t<\/div>\n\t\t\t\t<\/div>\n\t\t<div class=\"elementor-element elementor-element-1366fc6 e-con-full e-flex e-con e-child\" data-id=\"1366fc6\" data-element_type=\"container\" data-e-type=\"container\">\n\t\t\t\t<div class=\"elementor-element elementor-element-f2b6fc5 elementor-widget elementor-widget-image\" data-id=\"f2b6fc5\" data-element_type=\"widget\" data-e-type=\"widget\" data-widget_type=\"image.default\">\n\t\t\t\t<div class=\"elementor-widget-container\">\n\t\t\t\t\t\t\t\t\t\t\t\t\t\t\t<img decoding=\"async\" width=\"1360\" height=\"824\" src=\"https:\/\/eniede.eu\/wp-content\/uploads\/2024\/08\/Capture-decran-2024-08-26-a-17.15.38.png\" class=\"attachment-2048x2048 size-2048x2048 wp-image-2620\" alt=\"\" srcset=\"https:\/\/eniede.eu\/wp-content\/uploads\/2024\/08\/Capture-decran-2024-08-26-a-17.15.38.png 1360w, https:\/\/eniede.eu\/wp-content\/uploads\/2024\/08\/Capture-decran-2024-08-26-a-17.15.38-300x182.png 300w, https:\/\/eniede.eu\/wp-content\/uploads\/2024\/08\/Capture-decran-2024-08-26-a-17.15.38-1024x620.png 1024w, https:\/\/eniede.eu\/wp-content\/uploads\/2024\/08\/Capture-decran-2024-08-26-a-17.15.38-768x465.png 768w\" sizes=\"(max-width: 1360px) 100vw, 1360px\" \/>\t\t\t\t\t\t\t\t\t\t\t\t\t\t\t<\/div>\n\t\t\t\t<\/div>\n\t\t\t\t<\/div>\n\t\t\t\t<\/div>\n\t\t\t\t\t<\/div>\n\t\t\t\t<\/div>\n\t\t<div class=\"elementor-element elementor-element-61e994e e-flex e-con-boxed e-con e-parent\" data-id=\"61e994e\" data-element_type=\"container\" data-e-type=\"container\">\n\t\t\t\t\t<div class=\"e-con-inner\">\n\t\t\t\t<div class=\"elementor-element elementor-element-085aad5 elementor-widget elementor-widget-spacer\" data-id=\"085aad5\" data-element_type=\"widget\" data-e-type=\"widget\" data-widget_type=\"spacer.default\">\n\t\t\t\t<div class=\"elementor-widget-container\">\n\t\t\t\t\t\t\t<div class=\"elementor-spacer\">\n\t\t\t<div class=\"elementor-spacer-inner\"><\/div>\n\t\t<\/div>\n\t\t\t\t\t\t<\/div>\n\t\t\t\t<\/div>\n\t\t\t\t\t<\/div>\n\t\t\t\t<\/div>\n\t\t<div class=\"elementor-element elementor-element-ce46025 e-flex e-con-boxed e-con e-parent\" data-id=\"ce46025\" data-element_type=\"container\" data-e-type=\"container\">\n\t\t\t\t\t<div class=\"e-con-inner\">\n\t\t<div class=\"elementor-element elementor-element-80e9dcb e-con-full e-flex e-con e-child\" data-id=\"80e9dcb\" data-element_type=\"container\" data-e-type=\"container\">\n\t\t<div class=\"elementor-element elementor-element-1be5b91 e-con-full e-flex e-con e-child\" data-id=\"1be5b91\" data-element_type=\"container\" data-e-type=\"container\">\n\t\t\t\t<div class=\"elementor-element elementor-element-71f4c9d elementor-widget elementor-widget-image\" data-id=\"71f4c9d\" data-element_type=\"widget\" data-e-type=\"widget\" data-widget_type=\"image.default\">\n\t\t\t\t<div class=\"elementor-widget-container\">\n\t\t\t\t\t\t\t\t\t\t\t\t\t\t\t<img loading=\"lazy\" decoding=\"async\" width=\"1024\" height=\"806\" src=\"https:\/\/eniede.eu\/wp-content\/uploads\/2024\/08\/Capture-decran-2024-08-26-a-17.25.00-1024x806.png\" class=\"attachment-large size-large wp-image-2630\" alt=\"\" srcset=\"https:\/\/eniede.eu\/wp-content\/uploads\/2024\/08\/Capture-decran-2024-08-26-a-17.25.00-1024x806.png 1024w, https:\/\/eniede.eu\/wp-content\/uploads\/2024\/08\/Capture-decran-2024-08-26-a-17.25.00-300x236.png 300w, https:\/\/eniede.eu\/wp-content\/uploads\/2024\/08\/Capture-decran-2024-08-26-a-17.25.00-768x604.png 768w, https:\/\/eniede.eu\/wp-content\/uploads\/2024\/08\/Capture-decran-2024-08-26-a-17.25.00.png 1094w\" sizes=\"(max-width: 1024px) 100vw, 1024px\" \/>\t\t\t\t\t\t\t\t\t\t\t\t\t\t\t<\/div>\n\t\t\t\t<\/div>\n\t\t\t\t<\/div>\n\t\t<div class=\"elementor-element elementor-element-d61b017 e-con-full e-flex e-con e-child\" data-id=\"d61b017\" data-element_type=\"container\" data-e-type=\"container\">\n\t\t\t\t<div class=\"elementor-element elementor-element-5cbfc5f elementor-widget elementor-widget-text-editor\" data-id=\"5cbfc5f\" data-element_type=\"widget\" data-e-type=\"widget\" data-widget_type=\"text-editor.default\">\n\t\t\t\t<div class=\"elementor-widget-container\">\n\t\t\t\t\t\t\t\t\t<h3>Obiective de \u00eenv\u0103\u021bare :<\/h3>\n<ul>\n<li><strong>Dezvoltarea competen\u021belor digitale:<\/strong> elevii \u00eenva\u021b\u0103 s\u0103 manipuleze instrumentele digitale \u00een mod creativ \u0219i tehnic, consolid\u00e2ndu-\u0219i st\u0103p\u00e2nirea noilor tehnologii.<\/li>\n<li><strong>Consolidarea comunic\u0103rii orale \u0219i scrise:<\/strong> prin scrierea de scenarii \u0219i \u00eenregistrarea de voice-over, elevii \u00ee\u0219i dezvolt\u0103 abilit\u0103\u021bile de comunicare.<\/li>\n<li><strong>Stimularea creativit\u0103\u021bii \u0219i a exprim\u0103rii de sine:<\/strong> Instrumentul ofer\u0103 elevilor o platform\u0103 pentru a-\u0219i exprima ideile, imagina\u021bia \u0219i viziunea artistic\u0103.<\/li>\n<li><strong>Lucru \u00een colaborare:<\/strong> Prezent\u0103rile audio \u00eencurajeaz\u0103 lucrul \u00een grup, discu\u021biile \u0219i schimbul de idei, consolid\u00e2nd abilit\u0103\u021bile sociale \u0219i cooperarea.<\/li>\n<\/ul>\n\t\t\t\t\t\t\t\t<\/div>\n\t\t\t\t<\/div>\n\t\t\t\t<\/div>\n\t\t\t\t<\/div>\n\t\t\t\t\t<\/div>\n\t\t\t\t<\/div>\n\t\t\t\t<\/div>\n\t\t","protected":false},"excerpt":{"rendered":"<p>Acest instrument accesibil \u0219i intuitiv v\u0103 permite s\u0103 combina\u021bi imagini, \u00eenregistr\u0103ri audio \u0219i muzic\u0103 pentru a crea prezent\u0103ri simple.Acesta ofer\u0103 o modalitate atractiv\u0103 \u0219i interactiv\u0103 de a transforma \u00eenv\u0103\u021barea \u00een produc\u021bii tangibile pe care elevii pot fi m\u00e2ndri s\u0103 le prezinte. Acest instrument de produc\u021bie audiovizual\u0103 este o modalitate excelent\u0103 pentru elevi de a \u00eenv\u0103\u021ba [&hellip;]<\/p>\n","protected":false},"author":1,"featured_media":0,"parent":0,"menu_order":0,"comment_status":"closed","ping_status":"closed","template":"","meta":{"footnotes":""},"class_list":["post-2952","page","type-page","status-publish","hentry","entry"],"_links":{"self":[{"href":"https:\/\/eniede.eu\/ro\/wp-json\/wp\/v2\/pages\/2952","targetHints":{"allow":["GET"]}}],"collection":[{"href":"https:\/\/eniede.eu\/ro\/wp-json\/wp\/v2\/pages"}],"about":[{"href":"https:\/\/eniede.eu\/ro\/wp-json\/wp\/v2\/types\/page"}],"author":[{"embeddable":true,"href":"https:\/\/eniede.eu\/ro\/wp-json\/wp\/v2\/users\/1"}],"replies":[{"embeddable":true,"href":"https:\/\/eniede.eu\/ro\/wp-json\/wp\/v2\/comments?post=2952"}],"version-history":[{"count":3,"href":"https:\/\/eniede.eu\/ro\/wp-json\/wp\/v2\/pages\/2952\/revisions"}],"predecessor-version":[{"id":3066,"href":"https:\/\/eniede.eu\/ro\/wp-json\/wp\/v2\/pages\/2952\/revisions\/3066"}],"wp:attachment":[{"href":"https:\/\/eniede.eu\/ro\/wp-json\/wp\/v2\/media?parent=2952"}],"curies":[{"name":"wp","href":"https:\/\/api.w.org\/{rel}","templated":true}]}}