{"id":942,"date":"2024-01-04T11:18:10","date_gmt":"2024-01-04T11:18:10","guid":{"rendered":"https:\/\/eniede.eu\/scoala-etchecopar\/"},"modified":"2024-10-30T14:51:59","modified_gmt":"2024-10-30T14:51:59","slug":"scoala-etchecopar","status":"publish","type":"page","link":"https:\/\/eniede.eu\/ro\/scoala-etchecopar\/","title":{"rendered":"\ud83c\uddeb\ud83c\uddf7 \u0218coala Etchecopar &#8211; Saint Palais"},"content":{"rendered":"\t\t<div data-elementor-type=\"wp-page\" data-elementor-id=\"942\" class=\"elementor elementor-942 elementor-923\">\n\t\t\t\t<div class=\"elementor-element elementor-element-1075520 e-con-full e-flex e-con e-parent\" data-id=\"1075520\" data-element_type=\"container\" data-e-type=\"container\">\n\t\t<div class=\"elementor-element elementor-element-1712071 e-flex e-con-boxed e-con e-child\" data-id=\"1712071\" data-element_type=\"container\" data-e-type=\"container\">\n\t\t\t\t\t<div class=\"e-con-inner\">\n\t\t\t\t<div class=\"elementor-element elementor-element-74c2d5c elementor-widget elementor-widget-heading\" data-id=\"74c2d5c\" data-element_type=\"widget\" data-e-type=\"widget\" data-widget_type=\"heading.default\">\n\t\t\t\t<div class=\"elementor-widget-container\">\n\t\t\t\t\t<h2 class=\"elementor-heading-title elementor-size-default\">O \u0219coal\u0103 rural\u0103 dinamic\u0103 vorbitoare de basc\u0103<\/h2>\t\t\t\t<\/div>\n\t\t\t\t<\/div>\n\t\t\t\t<div class=\"elementor-element elementor-element-822b020 elementor-widget elementor-widget-text-editor\" data-id=\"822b020\" data-element_type=\"widget\" data-e-type=\"widget\" data-widget_type=\"text-editor.default\">\n\t\t\t\t<div class=\"elementor-widget-container\">\n\t\t\t\t\t\t\t\t\t<p>\u0218coala face parte din complexul \u0219colar ETCHECOPAR-ERRECART, care include un colegiu \u0219i un liceu. ETCHECOPAR este o \u0219coal\u0103 catolic\u0103 cu 121 de elevi p\u00e2n\u0103 \u00een prezent.<\/p>\n<p>Echipa didactic\u0103 este format\u0103 dintr-un director, 9 profesori \u0219i 3 asisten\u021bi maternali. Este o \u0219coal\u0103 de familie dinamic\u0103, cu o gam\u0103 larg\u0103 de proiecte, precum \u0219i o sec\u021biune de imersiune \u00een limba regional\u0103 basc\u0103 de la cre\u0219\u0103 la gr\u0103dini\u021b\u0103, urmat\u0103 de o sec\u021biune bilingv\u0103 cu ore egale de la CP la CM2. De la v\u00e2rsta de 2 ani, indiferent dac\u0103 sunt \u00een clasa bilingv\u0103 basc\u0103 sau francez\u0103, to\u021bi copiii beneficiaz\u0103 de lec\u021bii de limba englez\u0103.<\/p>\n<p>\u0218coala este situat\u0103 \u00eentr-o zon\u0103 rural\u0103, dar beneficiaz\u0103 de facilit\u0103\u021bi sportive \u0219i culturale la distan\u021b\u0103 de mers pe jos de \u0219coal\u0103: mediatec\u0103, auditoriu, cinematograf, sal\u0103 de sport, terenuri de fotbal \u0219i rugby, piscin\u0103.<\/p>\n\t\t\t\t\t\t\t\t<\/div>\n\t\t\t\t<\/div>\n\t\t\t\t\t<\/div>\n\t\t\t\t<\/div>\n\t\t\t\t<\/div>\n\t\t<div class=\"elementor-element elementor-element-2ca7d04 e-flex e-con-boxed e-con e-parent\" data-id=\"2ca7d04\" data-element_type=\"container\" data-e-type=\"container\">\n\t\t\t\t\t<div class=\"e-con-inner\">\n\t\t\t\t<div class=\"elementor-element elementor-element-b4f4ff0 elementor-widget elementor-widget-heading\" data-id=\"b4f4ff0\" data-element_type=\"widget\" data-e-type=\"widget\" data-widget_type=\"heading.default\">\n\t\t\t\t<div class=\"elementor-widget-container\">\n\t\t\t\t\t<h2 class=\"elementor-heading-title elementor-size-default\">Predarea bazat\u0103 pe proiecte  <\/h2>\t\t\t\t<\/div>\n\t\t\t\t<\/div>\n\t\t\t\t<div class=\"elementor-element elementor-element-b979e4d elementor-widget elementor-widget-text-editor\" data-id=\"b979e4d\" data-element_type=\"widget\" data-e-type=\"widget\" data-widget_type=\"text-editor.default\">\n\t\t\t\t<div class=\"elementor-widget-container\">\n\t\t\t\t\t\t\t\t\t<p>Proiectele transcurriculare puse la cale \u00een clasele \u0219colii sunt concepute pentru a \u00eencuraja motiva\u021bia, implicarea \u0219i interesul elevilor pentru \u00eenv\u0103\u021bare. \u0218coala are o gam\u0103 larg\u0103 de proiecte, de la proiecte literare \u00een parteneriat cu mediateca Saint Palais p\u00e2n\u0103 la un proiect digital na\u021bional de a scrie o poveste cu mai multe m\u00e2ini.<\/p>\n\t\t\t\t\t\t\t\t<\/div>\n\t\t\t\t<\/div>\n\t\t\t\t\t<\/div>\n\t\t\t\t<\/div>\n\t\t<div class=\"elementor-element elementor-element-59c066e e-flex e-con-boxed e-con e-parent\" data-id=\"59c066e\" data-element_type=\"container\" data-e-type=\"container\">\n\t\t\t\t\t<div class=\"e-con-inner\">\n\t\t\t\t<div class=\"elementor-element elementor-element-6c8d602 elementor-widget elementor-widget-heading\" data-id=\"6c8d602\" data-element_type=\"widget\" data-e-type=\"widget\" data-widget_type=\"heading.default\">\n\t\t\t\t<div class=\"elementor-widget-container\">\n\t\t\t\t\t<h2 class=\"elementor-heading-title elementor-size-default\">O \u0219coal\u0103 incluziv\u0103<\/h2>\t\t\t\t<\/div>\n\t\t\t\t<\/div>\n\t\t\t\t<div class=\"elementor-element elementor-element-2b8c45b elementor-widget elementor-widget-text-editor\" data-id=\"2b8c45b\" data-element_type=\"widget\" data-e-type=\"widget\" data-widget_type=\"text-editor.default\">\n\t\t\t\t<div class=\"elementor-widget-container\">\n\t\t\t\t\t\t\t\t\t<p>Baz\u00e2ndu-se pe ideea de a-i primi pe to\u021bi, activitatea zilnic\u0103 a cadrelor didactice \u0219i proiectele au ca scop s\u0103 nu exclud\u0103 pe nimeni. Dincolo de un  <span style=\"color: var( --e-global-color-text ); font-family: var( --e-global-typography-text-font-family ), Sans-serif; font-weight: var( --e-global-typography-text-font-weight ); text-align: var(--text-align);\">mixitatea social\u0103, g\u0103sim un mix de profiluri de copii \u00een cadrul \u0219colii. Dorin\u021ba \u0219i voca\u021bia de a primi  <\/span><span style=\"color: var( --e-global-color-text ); font-family: var( --e-global-typography-text-font-family ), Sans-serif; font-weight: var( --e-global-typography-text-font-weight ); text-align: var(--text-align);\">a tuturor elevilor, inclusiv a celor cu nevoi educa\u021bionale speciale, necesit\u0103 introducerea unor metode \u0219i abord\u0103ri didactice care s\u0103 permit\u0103 tuturor s\u0103 urmeze o educa\u021bie satisf\u0103c\u0103toare. <\/span><span style=\"color: var( --e-global-color-text ); font-family: var( --e-global-typography-text-font-family ), Sans-serif; font-weight: var( --e-global-typography-text-font-weight ); text-align: var(--text-align);\">pentru a permite tuturor s\u0103 urmeze o educa\u021bie satisf\u0103c\u0103toare.<\/span><\/p>\n\t\t\t\t\t\t\t\t<\/div>\n\t\t\t\t<\/div>\n\t\t\t\t\t<\/div>\n\t\t\t\t<\/div>\n\t\t<div class=\"elementor-element elementor-element-08cf3a1 e-flex e-con-boxed e-con e-parent\" data-id=\"08cf3a1\" data-element_type=\"container\" data-e-type=\"container\">\n\t\t\t\t\t<div class=\"e-con-inner\">\n\t\t\t\t<div class=\"elementor-element elementor-element-6056a0e elementor-widget elementor-widget-heading\" data-id=\"6056a0e\" data-element_type=\"widget\" data-e-type=\"widget\" data-widget_type=\"heading.default\">\n\t\t\t\t<div class=\"elementor-widget-container\">\n\t\t\t\t\t<h2 class=\"elementor-heading-title elementor-size-default\">Educa\u021bie de mediu<\/h2>\t\t\t\t<\/div>\n\t\t\t\t<\/div>\n\t\t\t\t<div class=\"elementor-element elementor-element-c3fdad3 elementor-widget elementor-widget-text-editor\" data-id=\"c3fdad3\" data-element_type=\"widget\" data-e-type=\"widget\" data-widget_type=\"text-editor.default\">\n\t\t\t\t<div class=\"elementor-widget-container\">\n\t\t\t\t\t\t\t\t\t<p>Con\u0219tientizarea atitudinilor eco-responsabile \u00een r\u00e2ndul elevilor este o prioritate pentru ace\u0219ti profesori. Acest lucru este realizat printr-o serie de ini\u021biative care se desf\u0103\u0219oar\u0103 \u00een acest an \u00een cadrul \u0219colii sau al claselor lor: sensibilizarea cu privire la dezvoltarea durabil\u0103 \u0219i protec\u021bia mediului prin ini\u021biative precum &#8222;Cur\u0103\u021b\u0103m natura&#8221;, &#8222;S\u0103pt\u0103m\u00e2na gustului&#8221; (gust\u0103ri f\u0103r\u0103 de\u0219euri) etc.<\/p>\n<p>\u00cen cele din urm\u0103, punerea \u00een aplicare a practicilor de predare inovatoare (cooperative sau flexibile, de exemplu) face parte din rutina lor zilnic\u0103. Ace\u0219tia particip\u0103, de asemenea, la un curs \u0219colar de neuro\u0219tiin\u021be, al c\u0103rui scop este de a \u021bine cont de progresele \u00eenregistrate \u00een acest domeniu, \u00een special \u00een ceea ce prive\u0219te aten\u021bia \u0219i memoria.<\/p>\n\t\t\t\t\t\t\t\t<\/div>\n\t\t\t\t<\/div>\n\t\t\t\t\t<\/div>\n\t\t\t\t<\/div>\n\t\t\t\t<\/div>\n\t\t","protected":false},"excerpt":{"rendered":"<p>O \u0219coal\u0103 rural\u0103 dinamic\u0103 vorbitoare de basc\u0103 \u0218coala face parte din complexul \u0219colar ETCHECOPAR-ERRECART, care include un colegiu \u0219i un liceu. ETCHECOPAR este o \u0219coal\u0103 catolic\u0103 cu 121 de elevi p\u00e2n\u0103 \u00een prezent. Echipa didactic\u0103 este format\u0103 dintr-un director, 9 profesori \u0219i 3 asisten\u021bi maternali. Este o \u0219coal\u0103 de familie dinamic\u0103, cu o gam\u0103 larg\u0103 [&hellip;]<\/p>\n","protected":false},"author":1,"featured_media":0,"parent":0,"menu_order":0,"comment_status":"closed","ping_status":"closed","template":"","meta":{"footnotes":""},"class_list":["post-942","page","type-page","status-publish","hentry","entry"],"_links":{"self":[{"href":"https:\/\/eniede.eu\/ro\/wp-json\/wp\/v2\/pages\/942","targetHints":{"allow":["GET"]}}],"collection":[{"href":"https:\/\/eniede.eu\/ro\/wp-json\/wp\/v2\/pages"}],"about":[{"href":"https:\/\/eniede.eu\/ro\/wp-json\/wp\/v2\/types\/page"}],"author":[{"embeddable":true,"href":"https:\/\/eniede.eu\/ro\/wp-json\/wp\/v2\/users\/1"}],"replies":[{"embeddable":true,"href":"https:\/\/eniede.eu\/ro\/wp-json\/wp\/v2\/comments?post=942"}],"version-history":[{"count":4,"href":"https:\/\/eniede.eu\/ro\/wp-json\/wp\/v2\/pages\/942\/revisions"}],"predecessor-version":[{"id":3001,"href":"https:\/\/eniede.eu\/ro\/wp-json\/wp\/v2\/pages\/942\/revisions\/3001"}],"wp:attachment":[{"href":"https:\/\/eniede.eu\/ro\/wp-json\/wp\/v2\/media?parent=942"}],"curies":[{"name":"wp","href":"https:\/\/api.w.org\/{rel}","templated":true}]}}