{"id":974,"date":"2024-01-04T13:24:54","date_gmt":"2024-01-04T13:24:54","guid":{"rendered":"https:\/\/eniede.eu\/elementor-959\/"},"modified":"2024-10-30T14:48:53","modified_gmt":"2024-10-30T14:48:53","slug":"elementor-959","status":"publish","type":"page","link":"https:\/\/eniede.eu\/ro\/elementor-959\/","title":{"rendered":"\ud83c\uddeb\ud83c\uddf7 \u0218coala Saint Roch &#8211; Avignon"},"content":{"rendered":"\t\t<div data-elementor-type=\"wp-page\" data-elementor-id=\"974\" class=\"elementor elementor-974 elementor-959\">\n\t\t\t\t<div class=\"elementor-element elementor-element-bfff8d8 e-flex e-con-boxed e-con e-parent\" data-id=\"bfff8d8\" data-element_type=\"container\" data-e-type=\"container\">\n\t\t\t\t\t<div class=\"e-con-inner\">\n\t\t<div class=\"elementor-element elementor-element-b01d6ce e-flex e-con-boxed e-con e-child\" data-id=\"b01d6ce\" data-element_type=\"container\" data-e-type=\"container\">\n\t\t\t\t\t<div class=\"e-con-inner\">\n\t\t\t\t<div class=\"elementor-element elementor-element-9090646 elementor-widget elementor-widget-heading\" data-id=\"9090646\" data-element_type=\"widget\" data-e-type=\"widget\" data-widget_type=\"heading.default\">\n\t\t\t\t<div class=\"elementor-widget-container\">\n\t\t\t\t\t<h2 class=\"elementor-heading-title elementor-size-default\">Probleme majore<\/h2>\t\t\t\t<\/div>\n\t\t\t\t<\/div>\n\t\t\t\t<div class=\"elementor-element elementor-element-cb2607c elementor-widget elementor-widget-text-editor\" data-id=\"cb2607c\" data-element_type=\"widget\" data-e-type=\"widget\" data-widget_type=\"text-editor.default\">\n\t\t\t\t<div class=\"elementor-widget-container\">\n\t\t\t\t\t\t\t\t\t<p>Saint-Roch este, de asemenea, clasificat\u0103 ca o \u0219coal\u0103 din Re\u021beaua de educa\u021bie prioritar\u0103. <br \/>Rata repeten\u021biei este ridicat\u0103. \u00cen fiecare an, la toate nivelurile, doi elevi sunt cu un an mai mari dec\u00e2t grupa lor de v\u00e2rst\u0103. Deficitul social este, de asemenea, r\u0103sp\u00e2ndit, iar \u0219coala are leg\u0103turi str\u00e2nse cu EDES.<\/p>\n\t\t\t\t\t\t\t\t<\/div>\n\t\t\t\t<\/div>\n\t\t\t\t<div class=\"elementor-element elementor-element-ce282a6 elementor-widget elementor-widget-heading\" data-id=\"ce282a6\" data-element_type=\"widget\" data-e-type=\"widget\" data-widget_type=\"heading.default\">\n\t\t\t\t<div class=\"elementor-widget-container\">\n\t\t\t\t\t<h2 class=\"elementor-heading-title elementor-size-default\">Probleme de mediu<\/h2>\t\t\t\t<\/div>\n\t\t\t\t<\/div>\n\t\t\t\t<div class=\"elementor-element elementor-element-6348d5b elementor-widget elementor-widget-text-editor\" data-id=\"6348d5b\" data-element_type=\"widget\" data-e-type=\"widget\" data-widget_type=\"text-editor.default\">\n\t\t\t\t<div class=\"elementor-widget-container\">\n\t\t\t\t\t\t\t\t\t<p>Ora\u0219ul Avignon este situat \u00een zona climatic\u0103 mediteranean\u0103, unde schimb\u0103rile climatice au un impact semnificativ. <br \/>\u0218coala a \u00eenregistrat o cre\u0219tere a temperaturilor medii anuale, valuri de c\u0103ldur\u0103 mai frecvente \u0219i mai intense \u0219i o reducere a precipita\u021biilor. Aceste schimb\u0103ri au implica\u021bii majore pentru produc\u021bia agricol\u0103 \u0219i gestionarea apei \u00een regiune. De asemenea, acestea ar putea cre\u0219te riscul de incendii de p\u0103dure, inunda\u021bii \u0219i secete prelungite \u00een mediul \u00eenconjur\u0103tor apropiat al copiilor, motiv pentru care pare esen\u021bial s\u0103 abord\u0103m problemele actuale de mediu prin intermediul acestui proiect, care reprezint\u0103 o mare oportunitate de a sensibiliza elevii cu privire la aceast\u0103 problem\u0103.<\/p>\n\t\t\t\t\t\t\t\t<\/div>\n\t\t\t\t<\/div>\n\t\t\t\t\t<\/div>\n\t\t\t\t<\/div>\n\t\t\t\t\t<\/div>\n\t\t\t\t<\/div>\n\t\t\t\t<\/div>\n\t\t","protected":false},"excerpt":{"rendered":"<p>Probleme majore Saint-Roch este, de asemenea, clasificat\u0103 ca o \u0219coal\u0103 din Re\u021beaua de educa\u021bie prioritar\u0103. Rata repeten\u021biei este ridicat\u0103. \u00cen fiecare an, la toate nivelurile, doi elevi sunt cu un an mai mari dec\u00e2t grupa lor de v\u00e2rst\u0103. Deficitul social este, de asemenea, r\u0103sp\u00e2ndit, iar \u0219coala are leg\u0103turi str\u00e2nse cu EDES. Probleme de mediu Ora\u0219ul [&hellip;]<\/p>\n","protected":false},"author":1,"featured_media":0,"parent":0,"menu_order":0,"comment_status":"closed","ping_status":"closed","template":"","meta":{"footnotes":""},"class_list":["post-974","page","type-page","status-publish","hentry","entry"],"_links":{"self":[{"href":"https:\/\/eniede.eu\/ro\/wp-json\/wp\/v2\/pages\/974","targetHints":{"allow":["GET"]}}],"collection":[{"href":"https:\/\/eniede.eu\/ro\/wp-json\/wp\/v2\/pages"}],"about":[{"href":"https:\/\/eniede.eu\/ro\/wp-json\/wp\/v2\/types\/page"}],"author":[{"embeddable":true,"href":"https:\/\/eniede.eu\/ro\/wp-json\/wp\/v2\/users\/1"}],"replies":[{"embeddable":true,"href":"https:\/\/eniede.eu\/ro\/wp-json\/wp\/v2\/comments?post=974"}],"version-history":[{"count":5,"href":"https:\/\/eniede.eu\/ro\/wp-json\/wp\/v2\/pages\/974\/revisions"}],"predecessor-version":[{"id":2974,"href":"https:\/\/eniede.eu\/ro\/wp-json\/wp\/v2\/pages\/974\/revisions\/2974"}],"wp:attachment":[{"href":"https:\/\/eniede.eu\/ro\/wp-json\/wp\/v2\/media?parent=974"}],"curies":[{"name":"wp","href":"https:\/\/api.w.org\/{rel}","templated":true}]}}