{"id":996,"date":"2024-01-04T13:30:04","date_gmt":"2024-01-04T13:30:04","guid":{"rendered":"https:\/\/eniede.eu\/scoala-jules-ferry\/"},"modified":"2024-10-30T14:48:53","modified_gmt":"2024-10-30T14:48:53","slug":"scoala-jules-ferry","status":"publish","type":"page","link":"https:\/\/eniede.eu\/ro\/scoala-jules-ferry\/","title":{"rendered":"\ud83c\uddeb\ud83c\uddf7 Ecole Jules Ferry &#8211; Ch\u00e2lons-en-Champagne"},"content":{"rendered":"\t\t<div data-elementor-type=\"wp-page\" data-elementor-id=\"996\" class=\"elementor elementor-996 elementor-977\">\n\t\t\t\t<div class=\"elementor-element elementor-element-aaaa00d e-flex e-con-boxed e-con e-parent\" data-id=\"aaaa00d\" data-element_type=\"container\" data-e-type=\"container\">\n\t\t\t\t\t<div class=\"e-con-inner\">\n\t\t\t\t<div class=\"elementor-element elementor-element-b62e176 elementor-widget elementor-widget-heading\" data-id=\"b62e176\" data-element_type=\"widget\" data-e-type=\"widget\" data-widget_type=\"heading.default\">\n\t\t\t\t<div class=\"elementor-widget-container\">\n\t\t\t\t\t<h2 class=\"elementor-heading-title elementor-size-default\">Sec\u021biunea interna\u021bional\u0103<\/h2>\t\t\t\t<\/div>\n\t\t\t\t<\/div>\n\t\t\t\t<div class=\"elementor-element elementor-element-56b98d1 elementor-widget elementor-widget-text-editor\" data-id=\"56b98d1\" data-element_type=\"widget\" data-e-type=\"widget\" data-widget_type=\"text-editor.default\">\n\t\t\t\t<div class=\"elementor-widget-container\">\n\t\t\t\t\t\t\t\t\t<p>\u00cen prezent, \u0219coala are 14 clase, inclusiv clase de &#8222;sec\u021biune interna\u021bional\u0103&#8221;, unde elevii pot alege s\u0103 \u00eenve\u021be limba german\u0103 timp de 4 ore (CE2), 5 ore (CM1) sau 6 ore (CM2) pe s\u0103pt\u0103m\u00e2n\u0103. Aceste ore de predare sunt \u00eemp\u0103r\u021bite \u00eentre \u00eenv\u0103\u021barea limbii cu un asistent lingvistic \u0219i descoperirea culturii germane. Un profesor UPE2A lucreaz\u0103 de mai multe ori pe s\u0103pt\u0103m\u00e2n\u0103 la aceast\u0103 \u0219coal\u0103, care are aproximativ zece elevi alofoni.<\/p>\n\t\t\t\t\t\t\t\t<\/div>\n\t\t\t\t<\/div>\n\t\t\t\t<div class=\"elementor-element elementor-element-d6aaa21 elementor-widget elementor-widget-heading\" data-id=\"d6aaa21\" data-element_type=\"widget\" data-e-type=\"widget\" data-widget_type=\"heading.default\">\n\t\t\t\t<div class=\"elementor-widget-container\">\n\t\t\t\t\t<h2 class=\"elementor-heading-title elementor-size-default\">Impactul pentru \u00eentreaga \u0219coal\u0103<\/h2>\t\t\t\t<\/div>\n\t\t\t\t<\/div>\n\t\t\t\t<div class=\"elementor-element elementor-element-f99331b elementor-widget elementor-widget-text-editor\" data-id=\"f99331b\" data-element_type=\"widget\" data-e-type=\"widget\" data-widget_type=\"text-editor.default\">\n\t\t\t\t<div class=\"elementor-widget-container\">\n\t\t\t\t\t\t\t\t\t<p>\u00cen cadrul \u0219colii, cadrele didactice \u00eemp\u0103rt\u0103\u0219esc descoperirile elevilor lor cu ceilal\u021bi copii din \u0219coal\u0103: &#8222;The&nbsp;<span style=\"color: var( --e-global-color-text ); font-family: var( --e-global-typography-text-font-family ), Sans-serif; font-weight: var( --e-global-typography-text-font-weight ); text-align: var(--text-align);\">elevii se \u00eent\u00e2lnesc cu clasele din primul an pentru a le prezenta s\u0103rb\u0103torile calendarului germanic, iar o serie de \u00eent\u00e2lniri au loc cu&nbsp;<\/span><span style=\"color: var( --e-global-color-text ); font-family: var( --e-global-typography-text-font-family ), Sans-serif; font-weight: var( --e-global-typography-text-font-weight ); text-align: var(--text-align);\">organizate \u00een afara zidurilor (tradi\u021bia Schult\u00fcte-ului confec\u021bionat de copiii mai mari \u0219i d\u0103ruit celor din clasa \u00eent\u00e2i, procesiunea cu tor\u021be etc.).&nbsp;<\/span><span style=\"color: var( --e-global-color-text ); font-family: var( --e-global-typography-text-font-family ), Sans-serif; font-weight: var( --e-global-typography-text-font-weight ); text-align: var(--text-align);\">pentru Ziua Sf\u00e2ntului Martin \u0219i Carnaval). \u00cen aceste proiecte sunt inclu\u0219i elevi de la gr\u0103dini\u021bele locale.<\/span><\/p>\n\t\t\t\t\t\t\t\t<\/div>\n\t\t\t\t<\/div>\n\t\t\t\t\t<\/div>\n\t\t\t\t<\/div>\n\t\t\t\t<\/div>\n\t\t","protected":false},"excerpt":{"rendered":"<p>Sec\u021biunea interna\u021bional\u0103 \u00cen prezent, \u0219coala are 14 clase, inclusiv clase de &#8222;sec\u021biune interna\u021bional\u0103&#8221;, unde elevii pot alege s\u0103 \u00eenve\u021be limba german\u0103 timp de 4 ore (CE2), 5 ore (CM1) sau 6 ore (CM2) pe s\u0103pt\u0103m\u00e2n\u0103. Aceste ore de predare sunt \u00eemp\u0103r\u021bite \u00eentre \u00eenv\u0103\u021barea limbii cu un asistent lingvistic \u0219i descoperirea culturii germane. Un profesor UPE2A [&hellip;]<\/p>\n","protected":false},"author":1,"featured_media":0,"parent":0,"menu_order":0,"comment_status":"closed","ping_status":"closed","template":"","meta":{"footnotes":""},"class_list":["post-996","page","type-page","status-publish","hentry","entry"],"_links":{"self":[{"href":"https:\/\/eniede.eu\/ro\/wp-json\/wp\/v2\/pages\/996","targetHints":{"allow":["GET"]}}],"collection":[{"href":"https:\/\/eniede.eu\/ro\/wp-json\/wp\/v2\/pages"}],"about":[{"href":"https:\/\/eniede.eu\/ro\/wp-json\/wp\/v2\/types\/page"}],"author":[{"embeddable":true,"href":"https:\/\/eniede.eu\/ro\/wp-json\/wp\/v2\/users\/1"}],"replies":[{"embeddable":true,"href":"https:\/\/eniede.eu\/ro\/wp-json\/wp\/v2\/comments?post=996"}],"version-history":[{"count":3,"href":"https:\/\/eniede.eu\/ro\/wp-json\/wp\/v2\/pages\/996\/revisions"}],"predecessor-version":[{"id":2982,"href":"https:\/\/eniede.eu\/ro\/wp-json\/wp\/v2\/pages\/996\/revisions\/2982"}],"wp:attachment":[{"href":"https:\/\/eniede.eu\/ro\/wp-json\/wp\/v2\/media?parent=996"}],"curies":[{"name":"wp","href":"https:\/\/api.w.org\/{rel}","templated":true}]}}